{"id":67021,"date":"2021-02-21T18:52:02","date_gmt":"2021-02-21T18:52:02","guid":{"rendered":"https:\/\/www.autonvaraosahaku.fi\/?product=jurid-561380jc-jarrulevyt"},"modified":"2021-02-21T18:52:14","modified_gmt":"2021-02-21T18:52:14","slug":"jurid-561380jc-jarrulevyt","status":"publish","type":"product","link":"https:\/\/www.autonvaraosahaku.fi\/?product=jurid-561380jc-jarrulevyt","title":{"rendered":"JURID 561380JC Jarrulevyt"},"content":{"rendered":"<p>Asennuspuoli: Taka-akseli, Etuakseli; Korkeus (mm): 40; Paino [kg]: 7,2; Jarrulevytyyppi: Vakiomalli; Jarrulevyn paksuus (mm): 11; V\u00e4himm\u00e4ispaksuus (mm): 9,2; Ulkol\u00e4pimitta [mm]: 240; Reikien m\u00e4\u00e4r\u00e4: 4; keskitt\u00e4misl\u00e4pimitta [mm]: 59; Kiristysmomentti: 98; Reik\u00e4ympyr\u00e4-\u00d8 [mm]: 98; Pinta: pinnoitettu; Jarruj\u00e4rjestelm\u00e4: BENDIX; Pakkaustyyppi: Laatikko; M\u00e4\u00e4r\u00e4yksikk\u00f6: Sarja; Korvaava tuote\/korvaava tiedote 2: Ruuveilla; Reik\u00e4ympyr\u00e4-\u00d8 2 [mm]: 98; Versio: JC; Pakkauspituus [cm]: 25; Pakkausleveys [cm]: 25; Pakkauskorkeus [mm]: 9,5; Jarru-\/ajodynamiikka: f\u00fcr Fahrzeuge mit ABS; FORD: KA RU8; FIAT: PUNTO 188,PANDA 169,500 312,SEICENTO 187,BARCHETTA 183,500 C 312,PUNTO 176,PANDA Van 169,CINQUECENTO 170,IDEA,PANDA 312,COUPE FA\/175,PUNTO Van 188AX,BRAVO I 182,PUNTO Cabriolet 176C,MAREA Weekend 185,SEICENTO Van 187,TIPO 160,MAREA 185,TEMPRA 159,PUNTO Van 176L,TEMPRA S.W. 159,CAMPAGNOLA,PALIO 178BX,PANDA VAN 312; ALFA ROMEO: 145 930,155 167,146 930,33 907A,33 905,33 Sportwagon 907B,33 Sportwagon 905A; LANCIA: YPSILON 843,Y 840A,MUSA 350,DELTA II 836,DEDRA 835,DEDRA SW 835; ABARTH: 500 \/ 595 312_,500C \/ 595C 312_; ZASTAVA: YUGO FLORIDA; 46403960, 51876438, 7163465, 71738421, 71769481, 71770933, 7566931, 7645054, 7663465, 7685656, 0060576335, 0060800345, 0060805117, 0060811879, 0071738421, 46403960, 51876438, 60576335, 60800345, 60805117, 60806117, 60811266, 60811879, 7163465, 71738421, 71739572, 71769481, 71772238, 7566931, 7645054, 7663465, 7663495, 7685656, 0060576335, 46403960, 51859078, 51866264, 51876438, 5741447, 6001073192, 60576335, 60800345, 60805117, 60811879, 7163465, 71738421, 71769481, 71770933, 71772238, 7566931, 7633495, 7645054, 7663465, 7663495, 7685656, 7985656, 1541802, 1541804, 1715410, 9S511125CA, BS511125AA, 0060576335, 1541804, 46403960, 51876438, 60576335, 60805117, 60811879, 7163465, 71738421, 71772238, 7566931, 7645054, 7663465, 7663495, 435120F010, 0060576335, 46403960, 60811879, 7163465, 7566931, 7645054, 7663465; Jarrulevy<\/p>\n","protected":false},"excerpt":{"rendered":"<p>JURID Jarrulevyt 561380JC Jarrulevy FORD,FIAT,ALFA ROMEO,KA RU8,PUNTO 188,PANDA 169,500 312,SEICENTO 187,BARCHETTA 183,500 C 312,PUNTO 176<\/p>\n","protected":false},"featured_media":0,"template":"","meta":{"site-sidebar-layout":"default","site-content-layout":"default","ast-global-header-display":"","ast-main-header-display":"","ast-hfb-above-header-display":"","ast-hfb-below-header-display":"","ast-hfb-mobile-header-display":"","site-post-title":"","ast-breadcrumbs-content":"","ast-featured-img":"","footer-sml-layout":"","theme-transparent-header-meta":"","adv-header-id-meta":"","stick-header-meta":"","header-above-stick-meta":"","header-main-stick-meta":"","header-below-stick-meta":""},"pwb-brand":[247],"product_cat":[66],"product_tag":[],"class_list":{"0":"post-67021","1":"product","2":"type-product","3":"status-publish","5":"pwb-brand-jurid","6":"product_cat-jarrulevyt","7":"desktop-align-left","8":"tablet-align-left","9":"mobile-align-left","11":"first","12":"instock","13":"product-type-external"},"brands":[{"id":247,"name":"JURID","slug":"jurid"}],"_links":{"self":[{"href":"https:\/\/www.autonvaraosahaku.fi\/index.php?rest_route=\/wp\/v2\/product\/67021","targetHints":{"allow":["GET"]}}],"collection":[{"href":"https:\/\/www.autonvaraosahaku.fi\/index.php?rest_route=\/wp\/v2\/product"}],"about":[{"href":"https:\/\/www.autonvaraosahaku.fi\/index.php?rest_route=\/wp\/v2\/types\/product"}],"wp:attachment":[{"href":"https:\/\/www.autonvaraosahaku.fi\/index.php?rest_route=%2Fwp%2Fv2%2Fmedia&parent=67021"}],"wp:term":[{"taxonomy":"pwb-brand","embeddable":true,"href":"https:\/\/www.autonvaraosahaku.fi\/index.php?rest_route=%2Fwp%2Fv2%2Fpwb-brand&post=67021"},{"taxonomy":"product_cat","embeddable":true,"href":"https:\/\/www.autonvaraosahaku.fi\/index.php?rest_route=%2Fwp%2Fv2%2Fproduct_cat&post=67021"},{"taxonomy":"product_tag","embeddable":true,"href":"https:\/\/www.autonvaraosahaku.fi\/index.php?rest_route=%2Fwp%2Fv2%2Fproduct_tag&post=67021"}],"curies":[{"name":"wp","href":"https:\/\/api.w.org\/{rel}","templated":true}]}}