{"id":67024,"date":"2021-02-21T18:52:15","date_gmt":"2021-02-21T18:52:15","guid":{"rendered":"https:\/\/www.autonvaraosahaku.fi\/?product=gates-3082-jaahdyttimen-letku"},"modified":"2021-02-21T18:52:16","modified_gmt":"2021-02-21T18:52:16","slug":"gates-3082-jaahdyttimen-letku","status":"publish","type":"product","link":"https:\/\/www.autonvaraosahaku.fi\/?product=gates-3082-jaahdyttimen-letku","title":{"rendered":"GATES 3082 J\u00e4\u00e4hdyttimen letku"},"content":{"rendered":"<p>Materiaali: EPDM (eteenipropeeni-dieeni-kumi); V\u00e4ri: Musta; Letkupituus [mm]: 355; Sis\u00e4l\u00e4pimitta 1 [mm]: 46,5; Sis\u00e4l\u00e4pimitta 2 [mm]: 35; Valmistusvuosi alkaen: 08\/1968; OPEL: KADETT B,MANTA A 58_, 59_,REKORD C,KADETT B Coupe,ASCONA A 81_, 86_, 87_, 88_,REKORD A,REKORD C Coupe,REKORD B,KADETT B Caravan,REKORD C Caravan,REKORD A Coupe,REKORD B Coupe,ASCONA A Voyage 84_, 89_,REKORD B Caravan,OLYMPIA A Coupe,OLYMPIA A; 1336749, 1336783, 90424150, 1336749, 1336783, 90424150<\/p>\n","protected":false},"excerpt":{"rendered":"<p>GATES J\u00e4\u00e4hdyttimen Letku 3082  OPEL,KADETT B,MANTA A 58_, 59_,REKORD C,KADETT B Coupe,ASCONA A 81_, 86_, 87_, 88_,REKORD A,REKORD C Coupe,REKORD B<\/p>\n","protected":false},"featured_media":0,"template":"","meta":{"site-sidebar-layout":"default","site-content-layout":"default","ast-global-header-display":"","ast-main-header-display":"","ast-hfb-above-header-display":"","ast-hfb-below-header-display":"","ast-hfb-mobile-header-display":"","site-post-title":"","ast-breadcrumbs-content":"","ast-featured-img":"","footer-sml-layout":"","theme-transparent-header-meta":"","adv-header-id-meta":"","stick-header-meta":"","header-above-stick-meta":"","header-main-stick-meta":"","header-below-stick-meta":""},"pwb-brand":[22],"product_cat":[206],"product_tag":[],"class_list":{"0":"post-67024","1":"product","2":"type-product","3":"status-publish","5":"pwb-brand-gates","6":"product_cat-jaahdyttimen-letku","7":"desktop-align-left","8":"tablet-align-left","9":"mobile-align-left","11":"first","12":"instock","13":"product-type-external"},"brands":[{"id":22,"name":"GATES","slug":"gates"}],"_links":{"self":[{"href":"https:\/\/www.autonvaraosahaku.fi\/index.php?rest_route=\/wp\/v2\/product\/67024","targetHints":{"allow":["GET"]}}],"collection":[{"href":"https:\/\/www.autonvaraosahaku.fi\/index.php?rest_route=\/wp\/v2\/product"}],"about":[{"href":"https:\/\/www.autonvaraosahaku.fi\/index.php?rest_route=\/wp\/v2\/types\/product"}],"wp:attachment":[{"href":"https:\/\/www.autonvaraosahaku.fi\/index.php?rest_route=%2Fwp%2Fv2%2Fmedia&parent=67024"}],"wp:term":[{"taxonomy":"pwb-brand","embeddable":true,"href":"https:\/\/www.autonvaraosahaku.fi\/index.php?rest_route=%2Fwp%2Fv2%2Fpwb-brand&post=67024"},{"taxonomy":"product_cat","embeddable":true,"href":"https:\/\/www.autonvaraosahaku.fi\/index.php?rest_route=%2Fwp%2Fv2%2Fproduct_cat&post=67024"},{"taxonomy":"product_tag","embeddable":true,"href":"https:\/\/www.autonvaraosahaku.fi\/index.php?rest_route=%2Fwp%2Fv2%2Fproduct_tag&post=67024"}],"curies":[{"name":"wp","href":"https:\/\/api.w.org\/{rel}","templated":true}]}}