{"id":67039,"date":"2021-02-21T18:52:15","date_gmt":"2021-02-21T18:52:15","guid":{"rendered":"https:\/\/www.autonvaraosahaku.fi\/?product=elring-902-760-kampiakselin-tiiviste"},"modified":"2021-02-21T18:52:19","modified_gmt":"2021-02-21T18:52:19","slug":"elring-902-760-kampiakselin-tiiviste","status":"publish","type":"product","link":"https:\/\/www.autonvaraosahaku.fi\/?product=elring-902-760-kampiakselin-tiiviste","title":{"rendered":"ELRING 902.760 Kampiakselin tiiviste"},"content":{"rendered":"<p>Sis\u00e4l\u00e4pimitta [mm]: 91; Ulkol\u00e4pimitta [mm]: 111; Korkeus (mm): 9; Akselitiivisteen malli: A\/BS; Rihlamalli: Vasen kierre; Materiaali: FPM (fluori-kumi); Suojavaippa: Suojakumilla; Asennuspuoli: getriebeseitig; JEEP: CHEROKEE KJ,WRANGLER II TJ,RENEGADE Gel\u00e4ndewagen geschlossen BU; KIA: SORENTO I JC,PICANTO BA,SPORTAGE SL,CEE&#8217;D SW ED,CEE&#8217;D Schr\u00e4gheck ED,SPORTAGE JE_, KM_,VENGA YN,SORENTO II XM,CARENS II FJ,RIO III UB,RIO II JB,CEE&#8217;D JD,CARENS III UN,CARNIVAL II GQ,CARNIVAL \/ GRAND CARNIVAL III VQ,CEE`D Sportswagon JD,PRO CEE&#8217;D ED,CARENS IV,SOUL AM,CERATO LD,MAGENTIS GD,MAGENTIS MG,PRO CEE\u00b4D JD,OPIRUS GH,CERATO Stufenheck LD,RIO II Stufenheck JB,OPTIMA,PRIDE DA,SPORTAGE QL,SOUL II PS,BORREGO,OPTIMA Sportswagon,CERATO YD Stufenheck,CADENZA,RIO IV YB,CEE&#8217;D Combi Van JD,STONIC YB; HYUNDAI: ix35 LM, EL, ELH,i30 FD,GETZ TB,i10 PA,i20 PB, PBT,TUCSON JM,i30 CW FD,i40 CW VF,SANTA F\u00c9 I SM,SANTA F\u00c9 II CM,i30 GD,ix20 JC,MATRIX FC,TERRACAN HP,i30 CW GD,COUPE GK,TRAJET FO,SONATA V NF,GALLOPER II JK-01,ix55,SANTA F\u00c9 III DM,i30 Coupe,SONATA IV EF,GENESIS Coupe,ACCENT II LC,i40 VF,ACCENT III MC,ELANTRA XD,ACCENT III Stufenheck MC,ELANTRA Stufenheck XD,ACCENT II Stufenheck LC,GRANDEUR TG,XG XG,GRAND SANTA F\u00c9,SONATA III Y-3,GALLOPER I,TUCSON,i10 IA,ELANTRA Stufenheck MD, UD,ACCENT IV RB,i20 GB,HIGHWAY VAN,TIBURON Coupe,ELANTRA Stufenheck HD,GENESIS BH,SONATA II Y-2,ACCENT IV Stufenheck RB,i30 PDE,GRANDEUR HG,i30 Kombi PDE,i20 ACTIVE GB,i20 Coupe,i10 Stufenheck,KONA OS,i30 FASTBACK PDE,ELANTRA Stufenheck AD,CRETA; MINI: MINI R50, R53,MINI Cabriolet R52; CHRYSLER: PT CRUISER PT_,VOYAGER IV RG, RS,VOYAGER III GS,SEBRING Cabriolet JR,STRATUS Cabriolet JX,PT CRUISER Cabriolet,SEBRING JR,VOYAGER II ES,NEON II,LE BARON Cabriolet,STRATUS JA,NEON PL,VISION,VOYAGER I AS,SEBRING Coupe JR,SEBRING Coupe FJ,LE BARON Coupe,NEW YORKER,CIRRUS,LE BARON Stufenheck,NEW YORKER Stufenheck US,LE BARON Stufenheck US,LE BARON Schr\u00e4gheck US,GRAND CARAVAN,LE BARON Kombi; FIAT: GRANDE PUNTO 199,PUNTO 188,BRAVO II 198,DOBLO Cargo 223,PUNTO 199,IDEA,STRADA Pick-up 178E,DOBLO Gro\u00dfraumlimousine 152, 263,PALIO Weekend 178DX,LINEA 323,STRADA Pick-up 578_,PALIO 178BX,500X,SIENA 178_,TIPO Schr\u00e4gheck 356_,TIPO Kombi 356_,TIPO Stufenheck 356_; MITSUBISHI: PAJERO III V7_W, V6_W,GALANT VI EA_,PAJERO IV V8_W, V9_W,SPACE WAGON N9_W, N8_W,L 200 K7_T, K6_T,PAJERO II V3_W, V2_W, V4_W,L 200 KB_T, KA_T,L 300 Bus P0_W, P1_W, P2_W,PAJERO SPORT K90,PAJERO I L04_G, L14_G,PAJERO CLASSIC V2_W,GALLOPER JK-01,3000 GT Z16A,SIGMA F2_A, F1_A,L 200 Pritsche\/Fahrgestell KA_T, KB_T,PAJERO SPORT VAN K90,PAJERO III Gel\u00e4ndewagen offen V6_W, V7_W,L 300 Kasten P0_W, P1_W,L 200 K3_T, K2_T, K1_T, K0_T,SIGMA Station Wagon F0_W,L 200 Pritsche\/Fahrgestell K6_T, K7_T,ECLIPSE III D5_A,PAJERO II Canvas Top V2_W, V4_W,ECLIPSE Cabriolet D5_A,GALANT III E1_A,ECLIPSE IV DK_A,GRANDIS N9_, N8_,PAJERO SPORT II KH_, KG_,GALANT Stufenheck DJ_, ED_, EF_,L 200 Pritsche\/Fahrgestell K3_T, K0_T, K1_T, K2_T,DELICA,GTO Coupe Z1_A,ECLIPSE IV Cabriolet; DODGE: CARAVAN RG_,CARAVAN NS,DAKOTA,STRATUS,NEON II,CARAVAN Mini Cargo Van US AS,NEON,GRAND CARAVAN Mini Passenger Van US NS; CHERY: COWIN; A151005030, 04621939AB, 4621939AB, 68174374AA, 04621939AB, 4621939AB, 68174374AA, 55223567, 214432A000, 214432A100, 214432A200, 2144335510, 214433E000, 2244335510, 04621939AB, 4621939AB, 68174374AA, 214432A200, 2144335510, 214433E000, 11111492244; Akselitiiviste, Kampiakseli<\/p>\n","protected":false},"excerpt":{"rendered":"<p>ELRING Kampiakselin Tiiviste 902.760 Akselitiiviste, Kampiakseli JEEP,KIA,HYUNDAI,CHEROKEE KJ,WRANGLER II TJ,RENEGADE Gel\u00e4ndewagen geschlossen BU<\/p>\n","protected":false},"featured_media":0,"template":"","meta":{"site-sidebar-layout":"default","site-content-layout":"default","ast-global-header-display":"","ast-main-header-display":"","ast-hfb-above-header-display":"","ast-hfb-below-header-display":"","ast-hfb-mobile-header-display":"","site-post-title":"","ast-breadcrumbs-content":"","ast-featured-img":"","footer-sml-layout":"","theme-transparent-header-meta":"","adv-header-id-meta":"","stick-header-meta":"","header-above-stick-meta":"","header-main-stick-meta":"","header-below-stick-meta":""},"pwb-brand":[26],"product_cat":[88],"product_tag":[],"class_list":{"0":"post-67039","1":"product","2":"type-product","3":"status-publish","5":"pwb-brand-elring","6":"product_cat-kampiakselin-tiiviste","7":"desktop-align-left","8":"tablet-align-left","9":"mobile-align-left","11":"first","12":"instock","13":"product-type-external"},"brands":[{"id":26,"name":"ELRING","slug":"elring"}],"_links":{"self":[{"href":"https:\/\/www.autonvaraosahaku.fi\/index.php?rest_route=\/wp\/v2\/product\/67039","targetHints":{"allow":["GET"]}}],"collection":[{"href":"https:\/\/www.autonvaraosahaku.fi\/index.php?rest_route=\/wp\/v2\/product"}],"about":[{"href":"https:\/\/www.autonvaraosahaku.fi\/index.php?rest_route=\/wp\/v2\/types\/product"}],"wp:attachment":[{"href":"https:\/\/www.autonvaraosahaku.fi\/index.php?rest_route=%2Fwp%2Fv2%2Fmedia&parent=67039"}],"wp:term":[{"taxonomy":"pwb-brand","embeddable":true,"href":"https:\/\/www.autonvaraosahaku.fi\/index.php?rest_route=%2Fwp%2Fv2%2Fpwb-brand&post=67039"},{"taxonomy":"product_cat","embeddable":true,"href":"https:\/\/www.autonvaraosahaku.fi\/index.php?rest_route=%2Fwp%2Fv2%2Fproduct_cat&post=67039"},{"taxonomy":"product_tag","embeddable":true,"href":"https:\/\/www.autonvaraosahaku.fi\/index.php?rest_route=%2Fwp%2Fv2%2Fproduct_tag&post=67039"}],"curies":[{"name":"wp","href":"https:\/\/api.w.org\/{rel}","templated":true}]}}