{"id":67040,"date":"2021-02-21T18:52:15","date_gmt":"2021-02-21T18:52:15","guid":{"rendered":"https:\/\/www.autonvaraosahaku.fi\/?product=hella-9xw-197-765-141-pyyhkijansulat"},"modified":"2021-02-21T18:52:19","modified_gmt":"2021-02-21T18:52:19","slug":"hella-9xw-197-765-141-pyyhkijansulat","status":"publish","type":"product","link":"https:\/\/www.autonvaraosahaku.fi\/?product=hella-9xw-197-765-141-pyyhkijansulat","title":{"rendered":"HELLA 9XW 197 765-141 Pyyhkij\u00e4nsulat"},"content":{"rendered":"<p>Asennuspuoli: Edess\u00e4, beifahrerseitig; Pituus (mm): 340; Lis\u00e4adapteri: Adapter 1) 3) 4) 5); Pituus (tuumaa): 14; Vasen \/ oikea liikenne: Oikean-\/vasemmanpuolinen ohjaus; M\u00e4\u00e4r\u00e4: 1; Tuotelinja: Dyna Blade; Pyyhkij\u00e4nsulkatyyppi: Rungottomat; OPEL: MOKKA; FORD: KA RU8; RENAULT: CLIO IV,CLIO Grandtour IV,CLIO IV Kasten; FIAT: 500 312,500 C 312,SEDICI,126; TOYOTA: YARIS SCP9_, NSP9_, KSP9_, NCP9_, ZSP9_,AURIS NZE18_, ZRE18_,VIOS\/YARIS Stufenheck ZSP9_, NCP9_,URBAN CRUISER NSP1_, NLP1_, ZSP1_, NCP11_,COROLLA Stufenheck E15_; HYUNDAI: GETZ TB,i30 GD,ix20 JC,i30 CW GD,SANTA F\u00c9 III DM,ELANTRA Stufenheck MD, UD; CITRO\u00cbN: JUMPER Kasten; NISSAN: NOTE E11,JUKE F15,MICRA IV K13,PIXO UA0,TIIDA Schr\u00e4gheck,TIIDA Stufenheck SC11X; MAZDA: 2 DE,2 Stufenheck DE; KIA: VENGA YN,CEE&#8217;D JD,CEE`D Sportswagon JD; Tuulilasinpyyhkimet,Pyyhkij\u00e4t,Pyyhkij\u00e4nsulka<\/p>\n","protected":false},"excerpt":{"rendered":"<p>HELLA Pyyhkij\u00e4nsulat 9XW 197 765-141 Tuulilasinpyyhkimet,Pyyhkij\u00e4t OPEL,FORD,RENAULT,MOKKA,KA RU8,CLIO IV,CLIO Grandtour IV,CLIO IV Kasten,500 312<\/p>\n","protected":false},"featured_media":0,"template":"","meta":{"site-sidebar-layout":"default","site-content-layout":"default","ast-global-header-display":"","ast-main-header-display":"","ast-hfb-above-header-display":"","ast-hfb-below-header-display":"","ast-hfb-mobile-header-display":"","site-post-title":"","ast-breadcrumbs-content":"","ast-featured-img":"","footer-sml-layout":"","theme-transparent-header-meta":"","adv-header-id-meta":"","stick-header-meta":"","header-above-stick-meta":"","header-main-stick-meta":"","header-below-stick-meta":""},"pwb-brand":[24],"product_cat":[33],"product_tag":[],"class_list":{"0":"post-67040","1":"product","2":"type-product","3":"status-publish","5":"pwb-brand-hella","6":"product_cat-pyyhkijansulat","7":"desktop-align-left","8":"tablet-align-left","9":"mobile-align-left","11":"first","12":"instock","13":"product-type-external"},"brands":[{"id":24,"name":"HELLA","slug":"hella"}],"_links":{"self":[{"href":"https:\/\/www.autonvaraosahaku.fi\/index.php?rest_route=\/wp\/v2\/product\/67040","targetHints":{"allow":["GET"]}}],"collection":[{"href":"https:\/\/www.autonvaraosahaku.fi\/index.php?rest_route=\/wp\/v2\/product"}],"about":[{"href":"https:\/\/www.autonvaraosahaku.fi\/index.php?rest_route=\/wp\/v2\/types\/product"}],"wp:attachment":[{"href":"https:\/\/www.autonvaraosahaku.fi\/index.php?rest_route=%2Fwp%2Fv2%2Fmedia&parent=67040"}],"wp:term":[{"taxonomy":"pwb-brand","embeddable":true,"href":"https:\/\/www.autonvaraosahaku.fi\/index.php?rest_route=%2Fwp%2Fv2%2Fpwb-brand&post=67040"},{"taxonomy":"product_cat","embeddable":true,"href":"https:\/\/www.autonvaraosahaku.fi\/index.php?rest_route=%2Fwp%2Fv2%2Fproduct_cat&post=67040"},{"taxonomy":"product_tag","embeddable":true,"href":"https:\/\/www.autonvaraosahaku.fi\/index.php?rest_route=%2Fwp%2Fv2%2Fproduct_tag&post=67040"}],"curies":[{"name":"wp","href":"https:\/\/api.w.org\/{rel}","templated":true}]}}