{"id":67049,"date":"2021-02-21T18:52:23","date_gmt":"2021-02-21T18:52:23","guid":{"rendered":"https:\/\/www.autonvaraosahaku.fi\/?product=topran-820-465-peruutusvalon-kytkin"},"modified":"2021-02-21T18:52:24","modified_gmt":"2021-02-21T18:52:24","slug":"topran-820-465-peruutusvalon-kytkin","status":"publish","type":"product","link":"https:\/\/www.autonvaraosahaku.fi\/?product=topran-820-465-peruutusvalon-kytkin","title":{"rendered":"TOPRAN 820 465 Peruutusvalon kytkin"},"content":{"rendered":"<p>Pistokkeen kotelon muoto: Soikea; Kierremitta: M 14; Napojen m\u00e4\u00e4r\u00e4: 2; Varusteet: ajoneuvoille k\u00e4sivaihteistolla; Kierrenousu (mm): 1,5; Asennusmalli: Ruuviliit\u00e4nn\u00e4ll\u00e4; Valmistusp\u00e4iv\u00e4m\u00e4\u00e4r\u00e4st\u00e4: 19.07.2011; KIA: SPORTAGE SL,CEE&#8217;D SW ED,CEE&#8217;D Schr\u00e4gheck ED,SPORTAGE JE_, KM_,VENGA YN,CARENS II FJ,RIO III UB,CEE&#8217;D JD,CARENS III UN,CEE`D Sportswagon JD,PRO CEE&#8217;D ED,CARENS IV,SOUL AM,CERATO LD,MAGENTIS GD,MAGENTIS MG,PRO CEE\u00b4D JD,CERATO Stufenheck LD,RIO III Stufenheck UB,SPORTAGE QL,K2500 SD,SOUL II PS; HYUNDAI: ix35 LM, EL, ELH,i30 FD,GETZ TB,i20 PB, PBT,TUCSON JM,i30 CW FD,i40 CW VF,i30 GD,ix20 JC,MATRIX FC,i30 CW GD,TRAJET FO,SONATA IV EF,ACCENT II LC,i40 VF,ELANTRA XD,ELANTRA Stufenheck XD,ACCENT II Stufenheck LC,ELANTRA Stufenheck MD, UD,i20 GB,ACCENT IV Stufenheck RB,PORTER Pritsche\/Fahrgestell; 9386039000, 9386039001, 9386039002, 9386039003, 9386039011, 9386039012, 9386039000, 9386039001, 9386039002, 9386039003, 9386039011, 9386039012; Peruutusvalokytkin,Kytkin, Peruutusvalo<\/p>\n","protected":false},"excerpt":{"rendered":"<p>TOPRAN Peruutusvalon Kytkin 820 465 Peruutusvalokytkin,Kytkin, Peruutusvalo KIA,HYUNDAI,SPORTAGE SL,CEE&#8217;D SW ED,CEE&#8217;D Schr\u00e4gheck ED<\/p>\n","protected":false},"featured_media":0,"template":"","meta":{"site-sidebar-layout":"default","site-content-layout":"default","ast-global-header-display":"","ast-main-header-display":"","ast-hfb-above-header-display":"","ast-hfb-below-header-display":"","ast-hfb-mobile-header-display":"","site-post-title":"","ast-breadcrumbs-content":"","ast-featured-img":"","footer-sml-layout":"","theme-transparent-header-meta":"","adv-header-id-meta":"","stick-header-meta":"","header-above-stick-meta":"","header-main-stick-meta":"","header-below-stick-meta":""},"pwb-brand":[18],"product_cat":[116],"product_tag":[],"class_list":{"0":"post-67049","1":"product","2":"type-product","3":"status-publish","5":"pwb-brand-topran","6":"product_cat-peruutusvalon-kytkin","7":"desktop-align-left","8":"tablet-align-left","9":"mobile-align-left","11":"first","12":"instock","13":"product-type-external"},"brands":[{"id":18,"name":"TOPRAN","slug":"topran"}],"_links":{"self":[{"href":"https:\/\/www.autonvaraosahaku.fi\/index.php?rest_route=\/wp\/v2\/product\/67049","targetHints":{"allow":["GET"]}}],"collection":[{"href":"https:\/\/www.autonvaraosahaku.fi\/index.php?rest_route=\/wp\/v2\/product"}],"about":[{"href":"https:\/\/www.autonvaraosahaku.fi\/index.php?rest_route=\/wp\/v2\/types\/product"}],"wp:attachment":[{"href":"https:\/\/www.autonvaraosahaku.fi\/index.php?rest_route=%2Fwp%2Fv2%2Fmedia&parent=67049"}],"wp:term":[{"taxonomy":"pwb-brand","embeddable":true,"href":"https:\/\/www.autonvaraosahaku.fi\/index.php?rest_route=%2Fwp%2Fv2%2Fpwb-brand&post=67049"},{"taxonomy":"product_cat","embeddable":true,"href":"https:\/\/www.autonvaraosahaku.fi\/index.php?rest_route=%2Fwp%2Fv2%2Fproduct_cat&post=67049"},{"taxonomy":"product_tag","embeddable":true,"href":"https:\/\/www.autonvaraosahaku.fi\/index.php?rest_route=%2Fwp%2Fv2%2Fproduct_tag&post=67049"}],"curies":[{"name":"wp","href":"https:\/\/api.w.org\/{rel}","templated":true}]}}