{"id":67050,"date":"2021-02-21T18:52:23","date_gmt":"2021-02-21T18:52:23","guid":{"rendered":"https:\/\/www.autonvaraosahaku.fi\/?product=trw-db4398-jarrurumpu"},"modified":"2021-02-21T18:52:24","modified_gmt":"2021-02-21T18:52:24","slug":"trw-db4398-jarrurumpu","status":"publish","type":"product","link":"https:\/\/www.autonvaraosahaku.fi\/?product=trw-db4398-jarrurumpu","title":{"rendered":"TRW DB4398 Jarrurumpu"},"content":{"rendered":"<p>Rumpul\u00e4pimitta: 180; J-rumpu sis\u00e4leveys [mm]: 40; J-rumpu ulkoleveys [mm]: 53,8; keskitt\u00e4misl\u00e4pimitta [mm]: 59; Jarrurummun ulkol\u00e4pim. [mm]: 192,4; Reik\u00e4ympyr\u00e4-\u00d8 [mm]: 98; Suurin mahdollinen rummun sis\u00e4mitta (mm): 181,35; Reikien m\u00e4\u00e4r\u00e4: 4; Kierre 1: 13,2; kierre 2: M10; Asennuspuoli: Hinterachse; LANCIA: Y 840A,DELTA II 836,DEDRA 835,Y10 156,DEDRA SW 835; FORD: KA RU8; FIAT: GRANDE PUNTO 199,PUNTO 188,PANDA 169,500 312,500 C 312,PUNTO 176,PANDA Van 169,PUNTO Van 188AX,BRAVO I 182,BRAVA 182,PUNTO Cabriolet 176C,UNO 146A\/E,TIPO 160,TEMPRA 159,PUNTO Van 176L; 0000051900803, 46819776, 51863509, 51863510, 51900802, 51900803, 7599325, 7750119, 1541801, 9S511113AA, 51863510, 7599325, 7750119<\/p>\n","protected":false},"excerpt":{"rendered":"<p>TRW Jarrurumpu DB4398  LANCIA,FORD,FIAT,Y 840A,DELTA II 836,DEDRA 835,Y10 156,DEDRA SW 835,KA RU8,GRANDE PUNTO 199,PUNTO 188,PANDA 169,500 312<\/p>\n","protected":false},"featured_media":0,"template":"","meta":{"site-sidebar-layout":"default","site-content-layout":"default","ast-global-header-display":"","ast-main-header-display":"","ast-hfb-above-header-display":"","ast-hfb-below-header-display":"","ast-hfb-mobile-header-display":"","site-post-title":"","ast-breadcrumbs-content":"","ast-featured-img":"","footer-sml-layout":"","theme-transparent-header-meta":"","adv-header-id-meta":"","stick-header-meta":"","header-above-stick-meta":"","header-main-stick-meta":"","header-below-stick-meta":""},"pwb-brand":[332],"product_cat":[304],"product_tag":[],"class_list":{"0":"post-67050","1":"product","2":"type-product","3":"status-publish","5":"pwb-brand-trw","6":"product_cat-jarrurumpu","7":"desktop-align-left","8":"tablet-align-left","9":"mobile-align-left","11":"first","12":"instock","13":"product-type-external"},"brands":[{"id":332,"name":"TRW","slug":"trw"}],"_links":{"self":[{"href":"https:\/\/www.autonvaraosahaku.fi\/index.php?rest_route=\/wp\/v2\/product\/67050","targetHints":{"allow":["GET"]}}],"collection":[{"href":"https:\/\/www.autonvaraosahaku.fi\/index.php?rest_route=\/wp\/v2\/product"}],"about":[{"href":"https:\/\/www.autonvaraosahaku.fi\/index.php?rest_route=\/wp\/v2\/types\/product"}],"wp:attachment":[{"href":"https:\/\/www.autonvaraosahaku.fi\/index.php?rest_route=%2Fwp%2Fv2%2Fmedia&parent=67050"}],"wp:term":[{"taxonomy":"pwb-brand","embeddable":true,"href":"https:\/\/www.autonvaraosahaku.fi\/index.php?rest_route=%2Fwp%2Fv2%2Fpwb-brand&post=67050"},{"taxonomy":"product_cat","embeddable":true,"href":"https:\/\/www.autonvaraosahaku.fi\/index.php?rest_route=%2Fwp%2Fv2%2Fproduct_cat&post=67050"},{"taxonomy":"product_tag","embeddable":true,"href":"https:\/\/www.autonvaraosahaku.fi\/index.php?rest_route=%2Fwp%2Fv2%2Fproduct_tag&post=67050"}],"curies":[{"name":"wp","href":"https:\/\/api.w.org\/{rel}","templated":true}]}}