{"id":67057,"date":"2021-02-21T18:52:23","date_gmt":"2021-02-21T18:52:23","guid":{"rendered":"https:\/\/www.autonvaraosahaku.fi\/?product=era-330058-jarruvalokytkin"},"modified":"2021-02-21T18:52:26","modified_gmt":"2021-02-21T18:52:26","slug":"era-330058-jarruvalokytkin","status":"publish","type":"product","link":"https:\/\/www.autonvaraosahaku.fi\/?product=era-330058-jarruvalokytkin","title":{"rendered":"ERA 330058 Jarruvalokytkin"},"content":{"rendered":"<p>K\u00e4ytt\u00f6: Mekaaninen; Liittimi\u00e4: 4; Teknisten tietojen numero: circuit N.O., circuit N.C.; MERCEDES-BENZ: C-CLASS W202,190 W201,SLK R170,E-CLASS W210,Stufenheck W124,E-CLASS Kombi S210,CLK C208,SL R129,C-CLASS Kombi S202,KOMBI Kombi S124,E-CLASS W124,G-CLASS W463,CLK Cabriolet A208,COUPE C124,S-CLASS W140,E-CLASS Kombi S124,V-CLASS 638\/2,G-CLASS W461,E-CLASS Cabriolet A124,E-CLASS Coupe C124,S-CLASS Coupe C140,CABRIOLET A124,G-CLASS Cabrio W463; PUCH: G-MODELL W 461,G-MODELL W 463; 0005457709, 0005458609, 0005459909, 0015450109, A0005457709, A0005458609, A0005459909, A0015450109; Jarruvalokatkaisin<\/p>\n","protected":false},"excerpt":{"rendered":"<p>ERA Jarruvalokytkin 330058 Jarruvalokatkaisin MERCEDES-BENZ,PUCH,C-CLASS W202,190 W201,SLK R170,E-CLASS W210,Stufenheck W124,E-CLASS Kombi S210<\/p>\n","protected":false},"featured_media":0,"template":"","meta":{"site-sidebar-layout":"default","site-content-layout":"default","ast-global-header-display":"","ast-main-header-display":"","ast-hfb-above-header-display":"","ast-hfb-below-header-display":"","ast-hfb-mobile-header-display":"","site-post-title":"","ast-breadcrumbs-content":"","ast-featured-img":"","footer-sml-layout":"","theme-transparent-header-meta":"","adv-header-id-meta":"","stick-header-meta":"","header-above-stick-meta":"","header-main-stick-meta":"","header-below-stick-meta":""},"pwb-brand":[64],"product_cat":[117],"product_tag":[],"class_list":{"0":"post-67057","1":"product","2":"type-product","3":"status-publish","5":"pwb-brand-era","6":"product_cat-jarruvalokytkin","7":"desktop-align-left","8":"tablet-align-left","9":"mobile-align-left","11":"first","12":"instock","13":"product-type-external"},"brands":[{"id":64,"name":"ERA","slug":"era"}],"_links":{"self":[{"href":"https:\/\/www.autonvaraosahaku.fi\/index.php?rest_route=\/wp\/v2\/product\/67057","targetHints":{"allow":["GET"]}}],"collection":[{"href":"https:\/\/www.autonvaraosahaku.fi\/index.php?rest_route=\/wp\/v2\/product"}],"about":[{"href":"https:\/\/www.autonvaraosahaku.fi\/index.php?rest_route=\/wp\/v2\/types\/product"}],"wp:attachment":[{"href":"https:\/\/www.autonvaraosahaku.fi\/index.php?rest_route=%2Fwp%2Fv2%2Fmedia&parent=67057"}],"wp:term":[{"taxonomy":"pwb-brand","embeddable":true,"href":"https:\/\/www.autonvaraosahaku.fi\/index.php?rest_route=%2Fwp%2Fv2%2Fpwb-brand&post=67057"},{"taxonomy":"product_cat","embeddable":true,"href":"https:\/\/www.autonvaraosahaku.fi\/index.php?rest_route=%2Fwp%2Fv2%2Fproduct_cat&post=67057"},{"taxonomy":"product_tag","embeddable":true,"href":"https:\/\/www.autonvaraosahaku.fi\/index.php?rest_route=%2Fwp%2Fv2%2Fproduct_tag&post=67057"}],"curies":[{"name":"wp","href":"https:\/\/api.w.org\/{rel}","templated":true}]}}