{"id":67122,"date":"2021-02-21T18:52:40","date_gmt":"2021-02-21T18:52:40","guid":{"rendered":"https:\/\/www.autonvaraosahaku.fi\/?product=bta-470w0005bta-muut-luokat"},"modified":"2021-02-21T18:52:44","modified_gmt":"2021-02-21T18:52:44","slug":"bta-470w0005bta-muut-luokat","status":"publish","type":"product","link":"https:\/\/www.autonvaraosahaku.fi\/?product=bta-470w0005bta-muut-luokat","title":{"rendered":"BTA 470W0005BTA Muut luokat"},"content":{"rendered":"<p>Asennuspuoli: Etuakseli, etuakseli molemminpuoleinen; Korvaava tuote\/korvaava tiedote 2: py\u00f6r\u00e4nlaakerille\/-navalle; Sis\u00e4kierre (mm): M20 X 1,5; Avainv\u00e4li: 30; Korkeus (mm): 14; Ulkol\u00e4pimitta [mm]: 26; Alustanumeroon: 89-J-373598; VW: GOLF III 1H1,GOLF II 19E, 1G1,PASSAT Variant 3A5, 35I,GOLF III Variant 1H5,POLO 86C, 80,POLO Coupe 86C, 80,PASSAT 3A2, 35I,VENTO 1H2,GOLF I 17,JETTA II 19E, 1G2, 165,PASSAT Variant 32B,POLO CLASSIC 86C, 80,PASSAT 32B,POLO 86,JETTA I 16,PASSAT 32,PASSAT Variant 33; AUDI: 80 89, 89Q, 8A, B3,80 81, 85, B2,90 89, 89Q, 8A, B3,90 81, 85, B2; FIAT: SEICENTO 187,CINQUECENTO 170,UNO 146A\/E; 171407643A, 171407643A<\/p>\n","protected":false},"excerpt":{"rendered":"<p>BTA Akselimutteri, Vetoakseli 470W0005BTA  VW,AUDI,FIAT,GOLF III 1H1,GOLF II 19E, 1G1,PASSAT Variant 3A5, 35I,GOLF III Variant 1H5,POLO 86C, 80<\/p>\n","protected":false},"featured_media":0,"template":"","meta":{"site-sidebar-layout":"default","site-content-layout":"default","ast-global-header-display":"","ast-main-header-display":"","ast-hfb-above-header-display":"","ast-hfb-below-header-display":"","ast-hfb-mobile-header-display":"","site-post-title":"","ast-breadcrumbs-content":"","ast-featured-img":"","footer-sml-layout":"","theme-transparent-header-meta":"","adv-header-id-meta":"","stick-header-meta":"","header-above-stick-meta":"","header-main-stick-meta":"","header-below-stick-meta":""},"pwb-brand":[280],"product_cat":[37],"product_tag":[],"class_list":{"0":"post-67122","1":"product","2":"type-product","3":"status-publish","5":"pwb-brand-bta","6":"product_cat-muut-luokat","7":"desktop-align-left","8":"tablet-align-left","9":"mobile-align-left","11":"first","12":"instock","13":"product-type-external"},"brands":[{"id":280,"name":"BTA","slug":"bta"}],"_links":{"self":[{"href":"https:\/\/www.autonvaraosahaku.fi\/index.php?rest_route=\/wp\/v2\/product\/67122","targetHints":{"allow":["GET"]}}],"collection":[{"href":"https:\/\/www.autonvaraosahaku.fi\/index.php?rest_route=\/wp\/v2\/product"}],"about":[{"href":"https:\/\/www.autonvaraosahaku.fi\/index.php?rest_route=\/wp\/v2\/types\/product"}],"wp:attachment":[{"href":"https:\/\/www.autonvaraosahaku.fi\/index.php?rest_route=%2Fwp%2Fv2%2Fmedia&parent=67122"}],"wp:term":[{"taxonomy":"pwb-brand","embeddable":true,"href":"https:\/\/www.autonvaraosahaku.fi\/index.php?rest_route=%2Fwp%2Fv2%2Fpwb-brand&post=67122"},{"taxonomy":"product_cat","embeddable":true,"href":"https:\/\/www.autonvaraosahaku.fi\/index.php?rest_route=%2Fwp%2Fv2%2Fproduct_cat&post=67122"},{"taxonomy":"product_tag","embeddable":true,"href":"https:\/\/www.autonvaraosahaku.fi\/index.php?rest_route=%2Fwp%2Fv2%2Fproduct_tag&post=67122"}],"curies":[{"name":"wp","href":"https:\/\/api.w.org\/{rel}","templated":true}]}}