{"id":67140,"date":"2021-02-21T18:52:45","date_gmt":"2021-02-21T18:52:45","guid":{"rendered":"https:\/\/www.autonvaraosahaku.fi\/?product=topran-820-376-jarrulevyt"},"modified":"2021-02-21T18:52:48","modified_gmt":"2021-02-21T18:52:48","slug":"topran-820-376-jarrulevyt","status":"publish","type":"product","link":"https:\/\/www.autonvaraosahaku.fi\/?product=topran-820-376-jarrulevyt","title":{"rendered":"TOPRAN 820 376 Jarrulevyt"},"content":{"rendered":"<p>Asennuspuoli: Etuakseli; Jarrulevytyyppi: Tuuletettu; Pinta: pinnoitettu; Ulkol\u00e4pimitta [mm]: 280; Napa-\u00d8 (mm): 141,6; keskitt\u00e4misl\u00e4pimitta [mm]: 69; Jarrulevyn paksuus (mm): 26; Korkeus (mm): 47,3; Vanne, aukkoja: 5; Reik\u00e4ympyr\u00e4-\u00d8 [mm]: 114,3; Vaihdettava pareittain: ; Valmistusmaa: Republik Korea (S\u00fcdkorea); KIA: SPORTAGE JE_, KM_,CARENS III UN,MAGENTIS MG; HYUNDAI: TUCSON JM,SONATA V NF; 517121D100, 517121F000, 517122C000, 517123K050, 517121D100, 517121F000, 517122C000, 517123K050; Jarrulevy<\/p>\n","protected":false},"excerpt":{"rendered":"<p>TOPRAN Jarrulevyt 820 376 Jarrulevy KIA,HYUNDAI,SPORTAGE JE_, KM_,CARENS III UN,MAGENTIS MG,TUCSON JM,SONATA V NF<\/p>\n","protected":false},"featured_media":0,"template":"","meta":{"site-sidebar-layout":"default","site-content-layout":"default","ast-global-header-display":"","ast-main-header-display":"","ast-hfb-above-header-display":"","ast-hfb-below-header-display":"","ast-hfb-mobile-header-display":"","site-post-title":"","ast-breadcrumbs-content":"","ast-featured-img":"","footer-sml-layout":"","theme-transparent-header-meta":"","adv-header-id-meta":"","stick-header-meta":"","header-above-stick-meta":"","header-main-stick-meta":"","header-below-stick-meta":""},"pwb-brand":[18],"product_cat":[66],"product_tag":[],"class_list":{"0":"post-67140","1":"product","2":"type-product","3":"status-publish","5":"pwb-brand-topran","6":"product_cat-jarrulevyt","7":"desktop-align-left","8":"tablet-align-left","9":"mobile-align-left","11":"first","12":"instock","13":"product-type-external"},"brands":[{"id":18,"name":"TOPRAN","slug":"topran"}],"_links":{"self":[{"href":"https:\/\/www.autonvaraosahaku.fi\/index.php?rest_route=\/wp\/v2\/product\/67140","targetHints":{"allow":["GET"]}}],"collection":[{"href":"https:\/\/www.autonvaraosahaku.fi\/index.php?rest_route=\/wp\/v2\/product"}],"about":[{"href":"https:\/\/www.autonvaraosahaku.fi\/index.php?rest_route=\/wp\/v2\/types\/product"}],"wp:attachment":[{"href":"https:\/\/www.autonvaraosahaku.fi\/index.php?rest_route=%2Fwp%2Fv2%2Fmedia&parent=67140"}],"wp:term":[{"taxonomy":"pwb-brand","embeddable":true,"href":"https:\/\/www.autonvaraosahaku.fi\/index.php?rest_route=%2Fwp%2Fv2%2Fpwb-brand&post=67140"},{"taxonomy":"product_cat","embeddable":true,"href":"https:\/\/www.autonvaraosahaku.fi\/index.php?rest_route=%2Fwp%2Fv2%2Fproduct_cat&post=67140"},{"taxonomy":"product_tag","embeddable":true,"href":"https:\/\/www.autonvaraosahaku.fi\/index.php?rest_route=%2Fwp%2Fv2%2Fproduct_tag&post=67140"}],"curies":[{"name":"wp","href":"https:\/\/api.w.org\/{rel}","templated":true}]}}