{"id":67144,"date":"2021-02-21T18:52:45","date_gmt":"2021-02-21T18:52:45","guid":{"rendered":"https:\/\/www.autonvaraosahaku.fi\/?product=ridex-188c0245-jouset"},"modified":"2021-02-21T18:52:49","modified_gmt":"2021-02-21T18:52:49","slug":"ridex-188c0245-jouset","status":"publish","type":"product","link":"https:\/\/www.autonvaraosahaku.fi\/?product=ridex-188c0245-jouset","title":{"rendered":"RIDEX 188C0245 Jouset"},"content":{"rendered":"<p>Asennuspuoli: Taka-akseli; Jousimalli: Miniblock, Schraubenfeder mit konstantem Drahtdurchmesser; Ulkol\u00e4pimitta [mm]: 146; Kierroslukum\u00e4\u00e4r\u00e4: 6,6; Pituus (mm): 298; Paino [kg]: 1,84; OPEL: MERIVA,ASTRA G Caravan F35_,ASTRA G Kasten F70; VAUXHALL: MERIVA Mk I A,ASTRAVAN Mk IV G,ASTRA Mk IV G Estate; 424086, 424095, 93177648, 93178719, 424086, 424095; Kierrejousi<\/p>\n","protected":false},"excerpt":{"rendered":"<p>RIDEX Jousi 188C0245 Kierrejousi OPEL,VAUXHALL,MERIVA,ASTRA G Caravan F35_,ASTRA G Kasten F70,MERIVA Mk I A,ASTRAVAN Mk IV G,ASTRA Mk IV G Estate<\/p>\n","protected":false},"featured_media":0,"template":"","meta":{"site-sidebar-layout":"default","site-content-layout":"default","ast-global-header-display":"","ast-main-header-display":"","ast-hfb-above-header-display":"","ast-hfb-below-header-display":"","ast-hfb-mobile-header-display":"","site-post-title":"","ast-breadcrumbs-content":"","ast-featured-img":"","footer-sml-layout":"","theme-transparent-header-meta":"","adv-header-id-meta":"","stick-header-meta":"","header-above-stick-meta":"","header-main-stick-meta":"","header-below-stick-meta":""},"pwb-brand":[157],"product_cat":[171],"product_tag":[],"class_list":{"0":"post-67144","1":"product","2":"type-product","3":"status-publish","5":"pwb-brand-ridex","6":"product_cat-jouset","7":"desktop-align-left","8":"tablet-align-left","9":"mobile-align-left","11":"first","12":"instock","13":"product-type-external"},"brands":[{"id":157,"name":"RIDEX","slug":"ridex"}],"_links":{"self":[{"href":"https:\/\/www.autonvaraosahaku.fi\/index.php?rest_route=\/wp\/v2\/product\/67144","targetHints":{"allow":["GET"]}}],"collection":[{"href":"https:\/\/www.autonvaraosahaku.fi\/index.php?rest_route=\/wp\/v2\/product"}],"about":[{"href":"https:\/\/www.autonvaraosahaku.fi\/index.php?rest_route=\/wp\/v2\/types\/product"}],"wp:attachment":[{"href":"https:\/\/www.autonvaraosahaku.fi\/index.php?rest_route=%2Fwp%2Fv2%2Fmedia&parent=67144"}],"wp:term":[{"taxonomy":"pwb-brand","embeddable":true,"href":"https:\/\/www.autonvaraosahaku.fi\/index.php?rest_route=%2Fwp%2Fv2%2Fpwb-brand&post=67144"},{"taxonomy":"product_cat","embeddable":true,"href":"https:\/\/www.autonvaraosahaku.fi\/index.php?rest_route=%2Fwp%2Fv2%2Fproduct_cat&post=67144"},{"taxonomy":"product_tag","embeddable":true,"href":"https:\/\/www.autonvaraosahaku.fi\/index.php?rest_route=%2Fwp%2Fv2%2Fproduct_tag&post=67144"}],"curies":[{"name":"wp","href":"https:\/\/api.w.org\/{rel}","templated":true}]}}