{"id":67150,"date":"2021-02-21T18:52:51","date_gmt":"2021-02-21T18:52:51","guid":{"rendered":"https:\/\/www.autonvaraosahaku.fi\/?product=mapco-36413-moottorin-kumityyny"},"modified":"2021-02-21T18:52:52","modified_gmt":"2021-02-21T18:52:52","slug":"mapco-36413-moottorin-kumityyny","status":"publish","type":"product","link":"https:\/\/www.autonvaraosahaku.fi\/?product=mapco-36413-moottorin-kumityyny","title":{"rendered":"MAPCO 36413 Moottorin kumityyny"},"content":{"rendered":"<p>Asennuspuoli: Takana; Kiinnitysmalli: Kumimetallilaakeri; Tarvittava kappalem\u00e4\u00e4r\u00e4: 1; PEUGEOT: 207 WA_, WC_,207 CC WD_,207 SW WK_,1007 KM_,207 Stufenheck,301,207 Van; CITRO\u00cbN: C2 JM_,C3 I FC_,DS3,C3 Picasso,C3 II,C3 Pluriel HB_,DS3 Cabriolet,C2 ENTERPRISE; 180659, 180684, 180696, 180659, 180684, 180696; Moottorin Tukikumit,Moottorin Tuki<\/p>\n","protected":false},"excerpt":{"rendered":"<p>MAPCO Moottorin Kumityyny 36413 Moottorin Tukikumit,Moottorin Tuki PEUGEOT,CITRO\u00cbN,207 WA_, WC_,207 CC WD_,207 SW WK_,1007 KM_,207 Stufenheck,301<\/p>\n","protected":false},"featured_media":0,"template":"","meta":{"site-sidebar-layout":"default","site-content-layout":"default","ast-global-header-display":"","ast-main-header-display":"","ast-hfb-above-header-display":"","ast-hfb-below-header-display":"","ast-hfb-mobile-header-display":"","site-post-title":"","ast-breadcrumbs-content":"","ast-featured-img":"","footer-sml-layout":"","theme-transparent-header-meta":"","adv-header-id-meta":"","stick-header-meta":"","header-above-stick-meta":"","header-main-stick-meta":"","header-below-stick-meta":""},"pwb-brand":[36],"product_cat":[74],"product_tag":[],"class_list":{"0":"post-67150","1":"product","2":"type-product","3":"status-publish","5":"pwb-brand-mapco","6":"product_cat-moottorin-kumityyny","7":"desktop-align-left","8":"tablet-align-left","9":"mobile-align-left","11":"first","12":"instock","13":"product-type-external"},"brands":[{"id":36,"name":"MAPCO","slug":"mapco"}],"_links":{"self":[{"href":"https:\/\/www.autonvaraosahaku.fi\/index.php?rest_route=\/wp\/v2\/product\/67150","targetHints":{"allow":["GET"]}}],"collection":[{"href":"https:\/\/www.autonvaraosahaku.fi\/index.php?rest_route=\/wp\/v2\/product"}],"about":[{"href":"https:\/\/www.autonvaraosahaku.fi\/index.php?rest_route=\/wp\/v2\/types\/product"}],"wp:attachment":[{"href":"https:\/\/www.autonvaraosahaku.fi\/index.php?rest_route=%2Fwp%2Fv2%2Fmedia&parent=67150"}],"wp:term":[{"taxonomy":"pwb-brand","embeddable":true,"href":"https:\/\/www.autonvaraosahaku.fi\/index.php?rest_route=%2Fwp%2Fv2%2Fpwb-brand&post=67150"},{"taxonomy":"product_cat","embeddable":true,"href":"https:\/\/www.autonvaraosahaku.fi\/index.php?rest_route=%2Fwp%2Fv2%2Fproduct_cat&post=67150"},{"taxonomy":"product_tag","embeddable":true,"href":"https:\/\/www.autonvaraosahaku.fi\/index.php?rest_route=%2Fwp%2Fv2%2Fproduct_tag&post=67150"}],"curies":[{"name":"wp","href":"https:\/\/api.w.org\/{rel}","templated":true}]}}