{"id":67164,"date":"2021-02-21T18:52:51","date_gmt":"2021-02-21T18:52:51","guid":{"rendered":"https:\/\/www.autonvaraosahaku.fi\/?product=vemo-v25-63-0024-tyhjakayntimoottori"},"modified":"2021-02-21T18:52:55","modified_gmt":"2021-02-21T18:52:55","slug":"vemo-v25-63-0024-tyhjakayntimoottori","status":"publish","type":"product","link":"https:\/\/www.autonvaraosahaku.fi\/?product=vemo-v25-63-0024-tyhjakayntimoottori","title":{"rendered":"VEMO V25-63-0024 Tyhj\u00e4k\u00e4yntimoottori"},"content":{"rendered":"<p>Venttiilimalli: Magneettiventtiili; J\u00e4nnite (V): 12; K\u00e4ytt\u00f6: S\u00e4hk\u00f6inen; Napojen m\u00e4\u00e4r\u00e4: 2; Paino [kg]: 0,28; Pakkausleveys [cm]: 8,8; Pakkauskorkeus [mm]: 8,2; Pakkaussyvyys [cm]: 14,1; lis\u00e4tieto: Original VEMO Quality; VOLVO: V50 MW,V70 III BW,C30,S40 II MS,S80 II AS; FORD: FOCUS II Kombi DA_,MONDEO IV Turnier BA7,FOCUS II DA_,S-MAX WA6,FOCUS C-MAX,GALAXY WA6,MONDEO IV BA7,FOCUS II Stufenheck DA_,FOCUS II Cabriolet,MONDEO IV Stufenheck BA7; 1251026, 1357313, 4M5G9J559NA, 4M5G9J559NB, 5243591, BS7E9J559AA, K5T81980, 30658188, 30757400, 31375551<\/p>\n","protected":false},"excerpt":{"rendered":"<p>VEMO Venttiili, Ilmanohjaus-Imuilma V25-63-0024  VOLVO,FORD,V50 MW,V70 III BW,C30,S40 II MS,S80 II AS,FOCUS II Kombi DA_,MONDEO IV Turnier BA7<\/p>\n","protected":false},"featured_media":0,"template":"","meta":{"site-sidebar-layout":"default","site-content-layout":"default","ast-global-header-display":"","ast-main-header-display":"","ast-hfb-above-header-display":"","ast-hfb-below-header-display":"","ast-hfb-mobile-header-display":"","site-post-title":"","ast-breadcrumbs-content":"","ast-featured-img":"","footer-sml-layout":"","theme-transparent-header-meta":"","adv-header-id-meta":"","stick-header-meta":"","header-above-stick-meta":"","header-main-stick-meta":"","header-below-stick-meta":""},"pwb-brand":[168],"product_cat":[254],"product_tag":[],"class_list":{"0":"post-67164","1":"product","2":"type-product","3":"status-publish","5":"pwb-brand-vemo","6":"product_cat-tyhjakayntimoottori","7":"desktop-align-left","8":"tablet-align-left","9":"mobile-align-left","11":"first","12":"instock","13":"product-type-external"},"brands":[{"id":168,"name":"VEMO","slug":"vemo"}],"_links":{"self":[{"href":"https:\/\/www.autonvaraosahaku.fi\/index.php?rest_route=\/wp\/v2\/product\/67164","targetHints":{"allow":["GET"]}}],"collection":[{"href":"https:\/\/www.autonvaraosahaku.fi\/index.php?rest_route=\/wp\/v2\/product"}],"about":[{"href":"https:\/\/www.autonvaraosahaku.fi\/index.php?rest_route=\/wp\/v2\/types\/product"}],"wp:attachment":[{"href":"https:\/\/www.autonvaraosahaku.fi\/index.php?rest_route=%2Fwp%2Fv2%2Fmedia&parent=67164"}],"wp:term":[{"taxonomy":"pwb-brand","embeddable":true,"href":"https:\/\/www.autonvaraosahaku.fi\/index.php?rest_route=%2Fwp%2Fv2%2Fpwb-brand&post=67164"},{"taxonomy":"product_cat","embeddable":true,"href":"https:\/\/www.autonvaraosahaku.fi\/index.php?rest_route=%2Fwp%2Fv2%2Fproduct_cat&post=67164"},{"taxonomy":"product_tag","embeddable":true,"href":"https:\/\/www.autonvaraosahaku.fi\/index.php?rest_route=%2Fwp%2Fv2%2Fproduct_tag&post=67164"}],"curies":[{"name":"wp","href":"https:\/\/api.w.org\/{rel}","templated":true}]}}