{"id":67186,"date":"2021-02-21T18:53:03","date_gmt":"2021-02-21T18:53:03","guid":{"rendered":"https:\/\/www.autonvaraosahaku.fi\/?product=ridex-82b0542-jarrulevyt"},"modified":"2021-02-21T18:53:03","modified_gmt":"2021-02-21T18:53:03","slug":"ridex-82b0542-jarrulevyt","status":"publish","type":"product","link":"https:\/\/www.autonvaraosahaku.fi\/?product=ridex-82b0542-jarrulevyt","title":{"rendered":"RIDEX 82B0542 Jarrulevyt"},"content":{"rendered":"<p>L\u00e4pimitta [mm]: 300; Jarrulevyn paksuus (mm): 11; V\u00e4himm\u00e4ispaksuus (mm): 9,5; Jarrulevytyyppi: Vakiomalli; Py\u00f6r\u00e4nnapa-\u00d8 (mm): 62; Reikien m\u00e4\u00e4r\u00e4: 5; Korvaava tuote\/korvaava tiedote 2: ilman py\u00f6r\u00e4nlaakeria, ilman ABS-sensorirengasta, ilman sis\u00e4\u00e4nrakennettua magneetti sensorirengasta; Reik\u00e4ympyr\u00e4-\u00d8 [mm]: 114,3; Korkeus (mm): 81,7; keskitt\u00e4misl\u00e4pimitta [mm]: 52,2; Asennuspuoli: Taka-akseli, Hinterachse; RENAULT: LAGUNA III Grandtour KT0\/1,LAGUNA III BT0\/1,LATITUDE L70_; 432000015R; Jarrulevy<\/p>\n","protected":false},"excerpt":{"rendered":"<p>RIDEX Jarrulevyt 82B0542 Jarrulevy RENAULT,LAGUNA III Grandtour KT0\/1,LAGUNA III BT0\/1,LATITUDE L70_<\/p>\n","protected":false},"featured_media":0,"template":"","meta":{"site-sidebar-layout":"default","site-content-layout":"default","ast-global-header-display":"","ast-main-header-display":"","ast-hfb-above-header-display":"","ast-hfb-below-header-display":"","ast-hfb-mobile-header-display":"","site-post-title":"","ast-breadcrumbs-content":"","ast-featured-img":"","footer-sml-layout":"","theme-transparent-header-meta":"","adv-header-id-meta":"","stick-header-meta":"","header-above-stick-meta":"","header-main-stick-meta":"","header-below-stick-meta":""},"pwb-brand":[157],"product_cat":[66],"product_tag":[],"class_list":{"0":"post-67186","1":"product","2":"type-product","3":"status-publish","5":"pwb-brand-ridex","6":"product_cat-jarrulevyt","7":"desktop-align-left","8":"tablet-align-left","9":"mobile-align-left","11":"first","12":"instock","13":"product-type-external"},"brands":[{"id":157,"name":"RIDEX","slug":"ridex"}],"_links":{"self":[{"href":"https:\/\/www.autonvaraosahaku.fi\/index.php?rest_route=\/wp\/v2\/product\/67186","targetHints":{"allow":["GET"]}}],"collection":[{"href":"https:\/\/www.autonvaraosahaku.fi\/index.php?rest_route=\/wp\/v2\/product"}],"about":[{"href":"https:\/\/www.autonvaraosahaku.fi\/index.php?rest_route=\/wp\/v2\/types\/product"}],"wp:attachment":[{"href":"https:\/\/www.autonvaraosahaku.fi\/index.php?rest_route=%2Fwp%2Fv2%2Fmedia&parent=67186"}],"wp:term":[{"taxonomy":"pwb-brand","embeddable":true,"href":"https:\/\/www.autonvaraosahaku.fi\/index.php?rest_route=%2Fwp%2Fv2%2Fpwb-brand&post=67186"},{"taxonomy":"product_cat","embeddable":true,"href":"https:\/\/www.autonvaraosahaku.fi\/index.php?rest_route=%2Fwp%2Fv2%2Fproduct_cat&post=67186"},{"taxonomy":"product_tag","embeddable":true,"href":"https:\/\/www.autonvaraosahaku.fi\/index.php?rest_route=%2Fwp%2Fv2%2Fproduct_tag&post=67186"}],"curies":[{"name":"wp","href":"https:\/\/api.w.org\/{rel}","templated":true}]}}