{"id":67212,"date":"2021-02-21T18:53:08","date_gmt":"2021-02-21T18:53:08","guid":{"rendered":"https:\/\/www.autonvaraosahaku.fi\/?product=ridex-123b0045-jarrurumpu"},"modified":"2021-02-21T18:53:09","modified_gmt":"2021-02-21T18:53:09","slug":"ridex-123b0045-jarrurumpu","status":"publish","type":"product","link":"https:\/\/www.autonvaraosahaku.fi\/?product=ridex-123b0045-jarrurumpu","title":{"rendered":"RIDEX 123B0045 Jarrurumpu"},"content":{"rendered":"<p>Asennuspuoli: Taka-akseli; Rumpul\u00e4pimitta: 180; M\u00e4\u00e4r\u00e4tty kiertosuunta: ; ei sidoksissa kulkusuuntaan: ; L\u00e4pimitta [mm]: 182; Leveys (mm): 34,5; Reik\u00e4kuvio\/-m\u00e4\u00e4r\u00e4: 4 H; Ulkol\u00e4pimitta [mm]: 208; Kokonaiskorkeus (mm): 63; Alustanumeroon: 2G999999; OPEL: AGILA A H00; SUZUKI: WAGON R+ MM,IGNIS FH,ALTO HA24,WAGON R; VAUXHALL: AGILA Mk I A; 4704579, 4704595, 9208532, 4351183E00, 4351183E50, 43511M79G50, 4704595, 9208531, 9208532<\/p>\n","protected":false},"excerpt":{"rendered":"<p>RIDEX Jarrurumpu 123B0045  OPEL,SUZUKI,VAUXHALL,AGILA A H00,WAGON R+ MM,IGNIS FH,ALTO HA24,WAGON R,AGILA Mk I A<\/p>\n","protected":false},"featured_media":0,"template":"","meta":{"site-sidebar-layout":"default","site-content-layout":"default","ast-global-header-display":"","ast-main-header-display":"","ast-hfb-above-header-display":"","ast-hfb-below-header-display":"","ast-hfb-mobile-header-display":"","site-post-title":"","ast-breadcrumbs-content":"","ast-featured-img":"","footer-sml-layout":"","theme-transparent-header-meta":"","adv-header-id-meta":"","stick-header-meta":"","header-above-stick-meta":"","header-main-stick-meta":"","header-below-stick-meta":""},"pwb-brand":[157],"product_cat":[304],"product_tag":[],"class_list":{"0":"post-67212","1":"product","2":"type-product","3":"status-publish","5":"pwb-brand-ridex","6":"product_cat-jarrurumpu","7":"desktop-align-left","8":"tablet-align-left","9":"mobile-align-left","11":"first","12":"instock","13":"product-type-external"},"brands":[{"id":157,"name":"RIDEX","slug":"ridex"}],"_links":{"self":[{"href":"https:\/\/www.autonvaraosahaku.fi\/index.php?rest_route=\/wp\/v2\/product\/67212","targetHints":{"allow":["GET"]}}],"collection":[{"href":"https:\/\/www.autonvaraosahaku.fi\/index.php?rest_route=\/wp\/v2\/product"}],"about":[{"href":"https:\/\/www.autonvaraosahaku.fi\/index.php?rest_route=\/wp\/v2\/types\/product"}],"wp:attachment":[{"href":"https:\/\/www.autonvaraosahaku.fi\/index.php?rest_route=%2Fwp%2Fv2%2Fmedia&parent=67212"}],"wp:term":[{"taxonomy":"pwb-brand","embeddable":true,"href":"https:\/\/www.autonvaraosahaku.fi\/index.php?rest_route=%2Fwp%2Fv2%2Fpwb-brand&post=67212"},{"taxonomy":"product_cat","embeddable":true,"href":"https:\/\/www.autonvaraosahaku.fi\/index.php?rest_route=%2Fwp%2Fv2%2Fproduct_cat&post=67212"},{"taxonomy":"product_tag","embeddable":true,"href":"https:\/\/www.autonvaraosahaku.fi\/index.php?rest_route=%2Fwp%2Fv2%2Fproduct_tag&post=67212"}],"curies":[{"name":"wp","href":"https:\/\/api.w.org\/{rel}","templated":true}]}}