{"id":67250,"date":"2021-02-21T18:53:21","date_gmt":"2021-02-21T18:53:21","guid":{"rendered":"https:\/\/www.autonvaraosahaku.fi\/?product=jp-group-1141200100-pyoranlaakerit"},"modified":"2021-02-21T18:53:23","modified_gmt":"2021-02-21T18:53:23","slug":"jp-group-1141200100-pyoranlaakerit","status":"publish","type":"product","link":"https:\/\/www.autonvaraosahaku.fi\/?product=jp-group-1141200100-pyoranlaakerit","title":{"rendered":"JP GROUP 1141200100 Py\u00f6r\u00e4nlaakerit"},"content":{"rendered":"<p>Asennuspuoli: etuakseli molemminpuoleinen; Ulkol\u00e4pimitta [mm]: 74; Sis\u00e4l\u00e4pimitta [mm]: 40; Leveys (mm): 40; Alustanumerosta: 8N-1-046001; VW: GOLF IV 1J1,GOLF IV Variant 1J5,BORA 1J2,NEW BEETLE 9C1, 1C1,BORA Kombi 1J6,NEW BEETLE Cabriolet 1Y7; AUDI: A3 8L1,TT 8N3,TT Roadster 8N9; SKODA: OCTAVIA 1U2; SEAT: LEON 1M1,TOLEDO II 1M2; 1J0407625, 1J0407625, 1J0407625, 1J0407625<\/p>\n","protected":false},"excerpt":{"rendered":"<p>JP GROUP Py\u00f6r\u00e4nlaakeri JP Group 1141200100  VW,AUDI,SKODA,GOLF IV 1J1,GOLF IV Variant 1J5,BORA 1J2,NEW BEETLE 9C1, 1C1,BORA Kombi 1J6<\/p>\n","protected":false},"featured_media":0,"template":"","meta":{"site-sidebar-layout":"default","site-content-layout":"default","ast-global-header-display":"","ast-main-header-display":"","ast-hfb-above-header-display":"","ast-hfb-below-header-display":"","ast-hfb-mobile-header-display":"","site-post-title":"","ast-breadcrumbs-content":"","ast-featured-img":"","footer-sml-layout":"","theme-transparent-header-meta":"","adv-header-id-meta":"","stick-header-meta":"","header-above-stick-meta":"","header-main-stick-meta":"","header-below-stick-meta":""},"pwb-brand":[131],"product_cat":[83],"product_tag":[],"class_list":{"0":"post-67250","1":"product","2":"type-product","3":"status-publish","5":"pwb-brand-jp-group","6":"product_cat-pyoranlaakerit","7":"desktop-align-left","8":"tablet-align-left","9":"mobile-align-left","11":"first","12":"instock","13":"product-type-external"},"brands":[{"id":131,"name":"JP GROUP","slug":"jp-group"}],"_links":{"self":[{"href":"https:\/\/www.autonvaraosahaku.fi\/index.php?rest_route=\/wp\/v2\/product\/67250","targetHints":{"allow":["GET"]}}],"collection":[{"href":"https:\/\/www.autonvaraosahaku.fi\/index.php?rest_route=\/wp\/v2\/product"}],"about":[{"href":"https:\/\/www.autonvaraosahaku.fi\/index.php?rest_route=\/wp\/v2\/types\/product"}],"wp:attachment":[{"href":"https:\/\/www.autonvaraosahaku.fi\/index.php?rest_route=%2Fwp%2Fv2%2Fmedia&parent=67250"}],"wp:term":[{"taxonomy":"pwb-brand","embeddable":true,"href":"https:\/\/www.autonvaraosahaku.fi\/index.php?rest_route=%2Fwp%2Fv2%2Fpwb-brand&post=67250"},{"taxonomy":"product_cat","embeddable":true,"href":"https:\/\/www.autonvaraosahaku.fi\/index.php?rest_route=%2Fwp%2Fv2%2Fproduct_cat&post=67250"},{"taxonomy":"product_tag","embeddable":true,"href":"https:\/\/www.autonvaraosahaku.fi\/index.php?rest_route=%2Fwp%2Fv2%2Fproduct_tag&post=67250"}],"curies":[{"name":"wp","href":"https:\/\/api.w.org\/{rel}","templated":true}]}}