{"id":67280,"date":"2021-02-21T18:53:28","date_gmt":"2021-02-21T18:53:28","guid":{"rendered":"https:\/\/www.autonvaraosahaku.fi\/?product=ridex-313d0008-ohjainrulla"},"modified":"2021-02-21T18:53:31","modified_gmt":"2021-02-21T18:53:31","slug":"ridex-313d0008-ohjainrulla","status":"publish","type":"product","link":"https:\/\/www.autonvaraosahaku.fi\/?product=ridex-313d0008-ohjainrulla","title":{"rendered":"RIDEX 313D0008 Ohjainrulla"},"content":{"rendered":"<p>M\u00e4\u00e4r\u00e4: 1; Leveys (mm): 30,0; Ulkol\u00e4pimitta [mm]: 60,0; Materiaali: Muovi; Paino [kg]: 0,25; MAZDA: 3 BK,2 DY,2 DE,3 BL,3 Stufenheck BK,3 Stufenheck BL; SUZUKI: SX4 EY, GY,LIANA Schr\u00e4gheck,LIANA ER; MINI: MINI R56,MINI CLUBMAN R55; TOYOTA: AYGO WNB1_, KGB1_; VOLVO: V50 MW,V70 III BW,C30,S40 II MS,S80 II AS; FORD: FIESTA V JH_, JD_,FOCUS II Kombi DA_,FIESTA VI,FOCUS II DA_,FOCUS C-MAX,FUSION JU_,C-MAX DM2,FOCUS II Stufenheck DA_,FIESTA Stufenheck JAS JBS,FIESTA V Van,FIESTA VI Van; FIAT: SCUDO 270_,SCUDO Kasten 270_,SCUDO Pritsche\/Fahrgestell 270_; CITRO\u00cbN: C1 PM_, PN_,BERLINGO MF,XSARA PICASSO N68,C2 JM_,C3 I FC_,BERLINGO B9,C5 III Break TD_,C4 Picasso I UD_,C4 Grand Picasso I UA_,C4 I LC_,DS3,BERLINGO Kasten M_,C5 II Break RE_,C3 Picasso,C5 III RD_,C3 II,XSARA N1,C4 Coupe LA_,C3 Pluriel HB_,C5 II RC_,XSARA Break N2,JUMPY,BERLINGO Kasten B9,JUMPY Kasten,XSARA Coupe N0,NEMO Kasten AA_,C4 Stufenheck L,NEMO Kombi,C2 ENTERPRISE,BERLINGO Pritsche\/Fahrgestell B9,JUMPY Pritsche\/Fahrgestell; PEUGEOT: 206 Schr\u00e4gheck 2A\/C,206 CC 2D,207 WA_, WC_,307 SW 3H,207 CC WD_,407 SW 6E_,307 3A\/C,207 SW WK_,107,308 SW,206 SW 2E\/K,206+ T3E,308 4A_, 4C_,5008,307 Break 3E,407 6D_,3008,PARTNER Tepee,308 CC,1007 KM_,PARTNER Combispace 5F,PARTNER Kasten 5,EXPERT Tepee VF3V_,EXPERT Kasten VF3A_, VF3U_, VF3X_,PARTNER Kasten,206 Stufenheck,BIPPER AA_,BIPPER Tepee,206 Van,207 Van,EXPERT Pritsche\/Fahrgestell,PARTNER Pritsche\/Fahrgestell; 083048, 83048, 9400830489, 1145955, 2S6Q6M250AA, Y40112730, 11317805961, 083048, 83048, 1282373J00, 1282373J00000, 9513167J10, 9513167J10000, SU00100543, 30711069<\/p>\n","protected":false},"excerpt":{"rendered":"<p>RIDEX Ohjainrulla, Hammashihna 313D0008  MAZDA,SUZUKI,MINI,3 BK,2 DY,2 DE,3 BL,3 Stufenheck BK,3 Stufenheck BL,SX4 EY, GY,LIANA Schr\u00e4gheck,LIANA ER<\/p>\n","protected":false},"featured_media":0,"template":"","meta":{"site-sidebar-layout":"default","site-content-layout":"default","ast-global-header-display":"","ast-main-header-display":"","ast-hfb-above-header-display":"","ast-hfb-below-header-display":"","ast-hfb-mobile-header-display":"","site-post-title":"","ast-breadcrumbs-content":"","ast-featured-img":"","footer-sml-layout":"","theme-transparent-header-meta":"","adv-header-id-meta":"","stick-header-meta":"","header-above-stick-meta":"","header-main-stick-meta":"","header-below-stick-meta":""},"pwb-brand":[157],"product_cat":[308],"product_tag":[],"class_list":{"0":"post-67280","1":"product","2":"type-product","3":"status-publish","5":"pwb-brand-ridex","6":"product_cat-ohjainrulla","7":"desktop-align-left","8":"tablet-align-left","9":"mobile-align-left","11":"first","12":"instock","13":"product-type-external"},"brands":[{"id":157,"name":"RIDEX","slug":"ridex"}],"_links":{"self":[{"href":"https:\/\/www.autonvaraosahaku.fi\/index.php?rest_route=\/wp\/v2\/product\/67280","targetHints":{"allow":["GET"]}}],"collection":[{"href":"https:\/\/www.autonvaraosahaku.fi\/index.php?rest_route=\/wp\/v2\/product"}],"about":[{"href":"https:\/\/www.autonvaraosahaku.fi\/index.php?rest_route=\/wp\/v2\/types\/product"}],"wp:attachment":[{"href":"https:\/\/www.autonvaraosahaku.fi\/index.php?rest_route=%2Fwp%2Fv2%2Fmedia&parent=67280"}],"wp:term":[{"taxonomy":"pwb-brand","embeddable":true,"href":"https:\/\/www.autonvaraosahaku.fi\/index.php?rest_route=%2Fwp%2Fv2%2Fpwb-brand&post=67280"},{"taxonomy":"product_cat","embeddable":true,"href":"https:\/\/www.autonvaraosahaku.fi\/index.php?rest_route=%2Fwp%2Fv2%2Fproduct_cat&post=67280"},{"taxonomy":"product_tag","embeddable":true,"href":"https:\/\/www.autonvaraosahaku.fi\/index.php?rest_route=%2Fwp%2Fv2%2Fproduct_tag&post=67280"}],"curies":[{"name":"wp","href":"https:\/\/api.w.org\/{rel}","templated":true}]}}