{"id":67288,"date":"2021-02-21T18:53:34","date_gmt":"2021-02-21T18:53:34","guid":{"rendered":"https:\/\/www.autonvaraosahaku.fi\/?product=ridex-70b0044-jarrukengat"},"modified":"2021-02-21T18:53:34","modified_gmt":"2021-02-21T18:53:34","slug":"ridex-70b0044-jarrukengat","status":"publish","type":"product","link":"https:\/\/www.autonvaraosahaku.fi\/?product=ridex-70b0044-jarrukengat","title":{"rendered":"RIDEX 70B0044 Jarrukeng\u00e4t"},"content":{"rendered":"<p>L\u00e4pimitta [mm]: 220; Leveys (mm): 40; Lis\u00e4tarvike\/lis\u00e4tieto: Vivulla; Asennuspuoli: Taka-akseli, Hinterachse; SUZUKI: GRAND VITARA II JT,GRAND VITARA I FT,LJ 80,GRAND VITARA I Cabriolet GT; 18039995, 88909794, 91174796, 91175502, 91175617, 1A512638Z, 1A512638ZA, 5320065D00, 5320065D00000, 5320065D01, 5320065D010, 5320065D01000, 5320065D10, 5320065D10000, 5320065D11, 5320065D11000, 5320065D12, 5320065D13, 5320067D00; Jarrukenk\u00e4sarja<\/p>\n","protected":false},"excerpt":{"rendered":"<p>RIDEX Jarrukeng\u00e4t 70B0044 Jarrukenk\u00e4sarja SUZUKI,GRAND VITARA II JT,GRAND VITARA I FT,LJ 80,GRAND VITARA I Cabriolet GT<\/p>\n","protected":false},"featured_media":0,"template":"","meta":{"site-sidebar-layout":"default","site-content-layout":"default","ast-global-header-display":"","ast-main-header-display":"","ast-hfb-above-header-display":"","ast-hfb-below-header-display":"","ast-hfb-mobile-header-display":"","site-post-title":"","ast-breadcrumbs-content":"","ast-featured-img":"","footer-sml-layout":"","theme-transparent-header-meta":"","adv-header-id-meta":"","stick-header-meta":"","header-above-stick-meta":"","header-main-stick-meta":"","header-below-stick-meta":""},"pwb-brand":[157],"product_cat":[176],"product_tag":[],"class_list":{"0":"post-67288","1":"product","2":"type-product","3":"status-publish","5":"pwb-brand-ridex","6":"product_cat-jarrukengat","7":"desktop-align-left","8":"tablet-align-left","9":"mobile-align-left","11":"first","12":"instock","13":"product-type-external"},"brands":[{"id":157,"name":"RIDEX","slug":"ridex"}],"_links":{"self":[{"href":"https:\/\/www.autonvaraosahaku.fi\/index.php?rest_route=\/wp\/v2\/product\/67288","targetHints":{"allow":["GET"]}}],"collection":[{"href":"https:\/\/www.autonvaraosahaku.fi\/index.php?rest_route=\/wp\/v2\/product"}],"about":[{"href":"https:\/\/www.autonvaraosahaku.fi\/index.php?rest_route=\/wp\/v2\/types\/product"}],"wp:attachment":[{"href":"https:\/\/www.autonvaraosahaku.fi\/index.php?rest_route=%2Fwp%2Fv2%2Fmedia&parent=67288"}],"wp:term":[{"taxonomy":"pwb-brand","embeddable":true,"href":"https:\/\/www.autonvaraosahaku.fi\/index.php?rest_route=%2Fwp%2Fv2%2Fpwb-brand&post=67288"},{"taxonomy":"product_cat","embeddable":true,"href":"https:\/\/www.autonvaraosahaku.fi\/index.php?rest_route=%2Fwp%2Fv2%2Fproduct_cat&post=67288"},{"taxonomy":"product_tag","embeddable":true,"href":"https:\/\/www.autonvaraosahaku.fi\/index.php?rest_route=%2Fwp%2Fv2%2Fproduct_tag&post=67288"}],"curies":[{"name":"wp","href":"https:\/\/api.w.org\/{rel}","templated":true}]}}