{"id":67300,"date":"2021-02-21T18:53:34","date_gmt":"2021-02-21T18:53:34","guid":{"rendered":"https:\/\/www.autonvaraosahaku.fi\/?product=ashika-60-0h-012-jarrulevyt"},"modified":"2021-02-21T18:53:37","modified_gmt":"2021-02-21T18:53:37","slug":"ashika-60-0h-012-jarrulevyt","status":"publish","type":"product","link":"https:\/\/www.autonvaraosahaku.fi\/?product=ashika-60-0h-012-jarrulevyt","title":{"rendered":"ASHIKA 60-0H-012 Jarrulevyt"},"content":{"rendered":"<p>Asennuspuoli: Etuakseli; Reik\u00e4ympyr\u00e4-\u00d8 [mm]: 69; Korkeus (mm): 47,7; L\u00e4pimitta [mm]: 279,8; Jarrulevyn paksuus (mm): 26; V\u00e4himm\u00e4ispaksuus (mm): 24; Reikien m\u00e4\u00e4r\u00e4: 5; Jarrulevytyyppi: Tuuletettu; Tarkistuskilpi: ECE R90 APPROVED; Alustanumero: KNE; KIA: CEE&#8217;D SW ED,CEE&#8217;D Schr\u00e4gheck ED,SPORTAGE JE_, KM_,VENGA YN,CEE&#8217;D JD,CARENS III UN,PRO CEE&#8217;D ED,SOUL AM,MAGENTIS MG,CERATO II Stufenheck TD; HYUNDAI: i30 FD,TUCSON JM,i30 CW FD,ix20 JC,COUPE GK,SONATA V NF; 517121F300, 517121H000, 517121H100, 517122C000, 517122C700, 517122E300, 517123K000, 517123K010, 517123K050, 51712A6000, 517121D100, 517121F000, 517121H000, 517121H100, 517121M000, 517122C000, 517122K100, 517123K050; Jarrulevy<\/p>\n","protected":false},"excerpt":{"rendered":"<p>ASHIKA Jarrulevyt 60-0H-012 Jarrulevy KIA,HYUNDAI,CEE&#8217;D SW ED,CEE&#8217;D Schr\u00e4gheck ED,SPORTAGE JE_, KM_,VENGA YN,CEE&#8217;D JD,CARENS III UN,PRO CEE&#8217;D ED<\/p>\n","protected":false},"featured_media":0,"template":"","meta":{"site-sidebar-layout":"default","site-content-layout":"default","ast-global-header-display":"","ast-main-header-display":"","ast-hfb-above-header-display":"","ast-hfb-below-header-display":"","ast-hfb-mobile-header-display":"","site-post-title":"","ast-breadcrumbs-content":"","ast-featured-img":"","footer-sml-layout":"","theme-transparent-header-meta":"","adv-header-id-meta":"","stick-header-meta":"","header-above-stick-meta":"","header-main-stick-meta":"","header-below-stick-meta":""},"pwb-brand":[102],"product_cat":[66],"product_tag":[],"class_list":{"0":"post-67300","1":"product","2":"type-product","3":"status-publish","5":"pwb-brand-ashika","6":"product_cat-jarrulevyt","7":"desktop-align-left","8":"tablet-align-left","9":"mobile-align-left","11":"first","12":"instock","13":"product-type-external"},"brands":[{"id":102,"name":"ASHIKA","slug":"ashika"}],"_links":{"self":[{"href":"https:\/\/www.autonvaraosahaku.fi\/index.php?rest_route=\/wp\/v2\/product\/67300","targetHints":{"allow":["GET"]}}],"collection":[{"href":"https:\/\/www.autonvaraosahaku.fi\/index.php?rest_route=\/wp\/v2\/product"}],"about":[{"href":"https:\/\/www.autonvaraosahaku.fi\/index.php?rest_route=\/wp\/v2\/types\/product"}],"wp:attachment":[{"href":"https:\/\/www.autonvaraosahaku.fi\/index.php?rest_route=%2Fwp%2Fv2%2Fmedia&parent=67300"}],"wp:term":[{"taxonomy":"pwb-brand","embeddable":true,"href":"https:\/\/www.autonvaraosahaku.fi\/index.php?rest_route=%2Fwp%2Fv2%2Fpwb-brand&post=67300"},{"taxonomy":"product_cat","embeddable":true,"href":"https:\/\/www.autonvaraosahaku.fi\/index.php?rest_route=%2Fwp%2Fv2%2Fproduct_cat&post=67300"},{"taxonomy":"product_tag","embeddable":true,"href":"https:\/\/www.autonvaraosahaku.fi\/index.php?rest_route=%2Fwp%2Fv2%2Fproduct_tag&post=67300"}],"curies":[{"name":"wp","href":"https:\/\/api.w.org\/{rel}","templated":true}]}}