{"id":67328,"date":"2021-02-21T18:53:46","date_gmt":"2021-02-21T18:53:46","guid":{"rendered":"https:\/\/www.autonvaraosahaku.fi\/?product=hella-6nm-007-878-041-ajovalon-saatomoottori"},"modified":"2021-02-21T18:53:46","modified_gmt":"2021-02-21T18:53:46","slug":"hella-6nm-007-878-041-ajovalon-saatomoottori","status":"publish","type":"product","link":"https:\/\/www.autonvaraosahaku.fi\/?product=hella-6nm-007-878-041-ajovalon-saatomoottori","title":{"rendered":"HELLA 6NM 007 878-041 Ajovalon s\u00e4\u00e4t\u00f6moottori"},"content":{"rendered":"<p>K\u00e4ytt\u00f6: S\u00e4hk\u00f6inen; Nimellisj\u00e4nnite (V): 12; Valmistusvuosi alkaen: 08\/1991; VW: GOLF IV 1J1,PASSAT Variant 3B6,LUPO 6X1, 6E1,GOLF III 1H1,GOLF IV Variant 1J5,POLO 6N2,BORA 1J2,PASSAT 3B3,GOLF Mk III Cabriolet 1E7,BORA Kombi 1J6,PASSAT 3A2, 35I,GOLF IV Van 1J1; AUDI: A4 8D2, B5,A4 Avant 8E5, B6,A4 Avant 8D5, B5,A4 8E2, B6,A2 8Z0,Q7 4L; SKODA: SUPERB 3U4; SEAT: IBIZA IV 6L1,LEON 1M1,AROSA 6H,IBIZA II 6K1,TOLEDO II 1M2,CORDOBA 6K1, 6K2,CORDOBA Vario 6K1,CORDOBA 6L2; 1J0941295B, 1J0941295C, 2M5113K198AA, 02C2S15088, 1J0941295B, 1J0941295C, 1J0941295B, 1J0941295C, 1J0941295B, 1J0941295C; Valojen Korkeudens\u00e4\u00e4t\u00f6,S\u00e4\u00e4t\u00f6elementti, Ajovalojen Korkeudens\u00e4\u00e4t\u00f6<\/p>\n","protected":false},"excerpt":{"rendered":"<p>HELLA Ajovalon S\u00e4\u00e4t\u00f6moottori 6NM 007 878-041 Valojen Korkeudens\u00e4\u00e4t\u00f6,S\u00e4\u00e4t\u00f6elementti, Ajovalojen Korkeudens\u00e4\u00e4t\u00f6 VW,AUDI,SKODA,GOLF IV 1J1<\/p>\n","protected":false},"featured_media":0,"template":"","meta":{"site-sidebar-layout":"default","site-content-layout":"default","ast-global-header-display":"","ast-main-header-display":"","ast-hfb-above-header-display":"","ast-hfb-below-header-display":"","ast-hfb-mobile-header-display":"","site-post-title":"","ast-breadcrumbs-content":"","ast-featured-img":"","footer-sml-layout":"","theme-transparent-header-meta":"","adv-header-id-meta":"","stick-header-meta":"","header-above-stick-meta":"","header-main-stick-meta":"","header-below-stick-meta":""},"pwb-brand":[24],"product_cat":[299],"product_tag":[],"class_list":{"0":"post-67328","1":"product","2":"type-product","3":"status-publish","5":"pwb-brand-hella","6":"product_cat-ajovalon-saatomoottori","7":"desktop-align-left","8":"tablet-align-left","9":"mobile-align-left","11":"first","12":"instock","13":"product-type-external"},"brands":[{"id":24,"name":"HELLA","slug":"hella"}],"_links":{"self":[{"href":"https:\/\/www.autonvaraosahaku.fi\/index.php?rest_route=\/wp\/v2\/product\/67328","targetHints":{"allow":["GET"]}}],"collection":[{"href":"https:\/\/www.autonvaraosahaku.fi\/index.php?rest_route=\/wp\/v2\/product"}],"about":[{"href":"https:\/\/www.autonvaraosahaku.fi\/index.php?rest_route=\/wp\/v2\/types\/product"}],"wp:attachment":[{"href":"https:\/\/www.autonvaraosahaku.fi\/index.php?rest_route=%2Fwp%2Fv2%2Fmedia&parent=67328"}],"wp:term":[{"taxonomy":"pwb-brand","embeddable":true,"href":"https:\/\/www.autonvaraosahaku.fi\/index.php?rest_route=%2Fwp%2Fv2%2Fpwb-brand&post=67328"},{"taxonomy":"product_cat","embeddable":true,"href":"https:\/\/www.autonvaraosahaku.fi\/index.php?rest_route=%2Fwp%2Fv2%2Fproduct_cat&post=67328"},{"taxonomy":"product_tag","embeddable":true,"href":"https:\/\/www.autonvaraosahaku.fi\/index.php?rest_route=%2Fwp%2Fv2%2Fproduct_tag&post=67328"}],"curies":[{"name":"wp","href":"https:\/\/api.w.org\/{rel}","templated":true}]}}