{"id":67330,"date":"2021-02-21T18:53:46","date_gmt":"2021-02-21T18:53:46","guid":{"rendered":"https:\/\/www.autonvaraosahaku.fi\/?product=hella-2ba-964-255-011-vilkku"},"modified":"2021-02-21T18:53:47","modified_gmt":"2021-02-21T18:53:47","slug":"hella-2ba-964-255-011-vilkku","status":"publish","type":"product","link":"https:\/\/www.autonvaraosahaku.fi\/?product=hella-2ba-964-255-011-vilkku","title":{"rendered":"HELLA 2BA 964 255-011 Vilkku"},"content":{"rendered":"<p>Asennuspuoli: Vasen; Lis\u00e4tarvike\/lis\u00e4tieto: Polttimolla, Lampun kannalla; Lyhdyn muoto: Hehkulankatekniikka; Tarkistuskilpi: E4 980, ECE; Nimellisj\u00e4nnite (V): 12; Lyhtytoimintojen m\u00e4\u00e4r\u00e4: 1; Vilkun v\u00e4ri: Keltainen; V\u00e4ri: Musta; Lamppumalli: PY21W; Valotoiminto: vilkkuvalolla; parilliset tuotenumerot: 2BA 964 255-021; Valmistusvuosi alkaen: 09\/1999; NISSAN: TERRANO II R20,TERRANO Van R20; 261350X000, 261390X000, B61350X000; Vilkkuvalo,Suuntavilkku<\/p>\n","protected":false},"excerpt":{"rendered":"<p>HELLA Vilkku 2BA 964 255-011 Vilkkuvalo,Suuntavilkku NISSAN,TERRANO II R20,TERRANO Van R20<\/p>\n","protected":false},"featured_media":0,"template":"","meta":{"site-sidebar-layout":"default","site-content-layout":"default","ast-global-header-display":"","ast-main-header-display":"","ast-hfb-above-header-display":"","ast-hfb-below-header-display":"","ast-hfb-mobile-header-display":"","site-post-title":"","ast-breadcrumbs-content":"","ast-featured-img":"","footer-sml-layout":"","theme-transparent-header-meta":"","adv-header-id-meta":"","stick-header-meta":"","header-above-stick-meta":"","header-main-stick-meta":"","header-below-stick-meta":""},"pwb-brand":[24],"product_cat":[149],"product_tag":[],"class_list":{"0":"post-67330","1":"product","2":"type-product","3":"status-publish","5":"pwb-brand-hella","6":"product_cat-vilkku","7":"desktop-align-left","8":"tablet-align-left","9":"mobile-align-left","11":"first","12":"instock","13":"product-type-external"},"brands":[{"id":24,"name":"HELLA","slug":"hella"}],"_links":{"self":[{"href":"https:\/\/www.autonvaraosahaku.fi\/index.php?rest_route=\/wp\/v2\/product\/67330","targetHints":{"allow":["GET"]}}],"collection":[{"href":"https:\/\/www.autonvaraosahaku.fi\/index.php?rest_route=\/wp\/v2\/product"}],"about":[{"href":"https:\/\/www.autonvaraosahaku.fi\/index.php?rest_route=\/wp\/v2\/types\/product"}],"wp:attachment":[{"href":"https:\/\/www.autonvaraosahaku.fi\/index.php?rest_route=%2Fwp%2Fv2%2Fmedia&parent=67330"}],"wp:term":[{"taxonomy":"pwb-brand","embeddable":true,"href":"https:\/\/www.autonvaraosahaku.fi\/index.php?rest_route=%2Fwp%2Fv2%2Fpwb-brand&post=67330"},{"taxonomy":"product_cat","embeddable":true,"href":"https:\/\/www.autonvaraosahaku.fi\/index.php?rest_route=%2Fwp%2Fv2%2Fproduct_cat&post=67330"},{"taxonomy":"product_tag","embeddable":true,"href":"https:\/\/www.autonvaraosahaku.fi\/index.php?rest_route=%2Fwp%2Fv2%2Fproduct_tag&post=67330"}],"curies":[{"name":"wp","href":"https:\/\/api.w.org\/{rel}","templated":true}]}}