{"id":67333,"date":"2021-02-21T18:53:46","date_gmt":"2021-02-21T18:53:46","guid":{"rendered":"https:\/\/www.autonvaraosahaku.fi\/?product=hella-1el-009-648-391-ajovaloumpio"},"modified":"2021-02-21T18:53:47","modified_gmt":"2021-02-21T18:53:47","slug":"hella-1el-009-648-391-ajovaloumpio","status":"publish","type":"product","link":"https:\/\/www.autonvaraosahaku.fi\/?product=hella-1el-009-648-391-ajovaloumpio","title":{"rendered":"HELLA 1EL 009 648-391 Ajovaloumpio"},"content":{"rendered":"<p>Asennuspuoli: Vasen; Viite: 20; Korvaava tuote\/korvaava tiedote 2: Valokorkeuss\u00e4\u00e4timen moottorilla, ilman kaasupurkauspolttimoa, ilman esivastusta; Lis\u00e4tarvike\/lis\u00e4tieto: Polttimolla; Lyhdyn muoto: Bi-xenon, LED; Tarkistuskilpi: E1 2514, E1 2515, ECE; Nimellisj\u00e4nnite (V): 12; Lyhtytoimintojen m\u00e4\u00e4r\u00e4: 5; Varusteet: ajon. ilman atiet\u00e4seuraavia mutkavaloja AFS; Lamppumalli: D3S (kaasupurkauslamppu), PS19W, PSY24W, W5W; Valotoiminto: puolivalolla, vilkkuvalolla, kaukovalolla, pys\u00e4k\u00f6intivalolla, P\u00e4iv\u00e4ajovalolla (LED); Vasen \/ oikea liikenne: Oikeanpuoleiselle liikenteelle; parilliset tuotenumerot: 1EL 009 648-401; Valmistusvuosi alkaen: 07\/2008; AUDI: A3 8P1,A3 Sportback 8PA,A3 Cabriolet 8P7; 8P0941003AM, 8P0941029AM, 8P0941029BE, 8P0941029BM, 8P0941029AM, 8P0941029BE, 8P0941029BM, 8P0941029BQ; Ajovalot,Etuvalot,Ajovalo<\/p>\n","protected":false},"excerpt":{"rendered":"<p>HELLA Ajovaloumpio 1EL 009 648-391 Ajovalot,Etuvalot AUDI,A3 8P1,A3 Sportback 8PA,A3 Cabriolet 8P7<\/p>\n","protected":false},"featured_media":0,"template":"","meta":{"site-sidebar-layout":"default","site-content-layout":"default","ast-global-header-display":"","ast-main-header-display":"","ast-hfb-above-header-display":"","ast-hfb-below-header-display":"","ast-hfb-mobile-header-display":"","site-post-title":"","ast-breadcrumbs-content":"","ast-featured-img":"","footer-sml-layout":"","theme-transparent-header-meta":"","adv-header-id-meta":"","stick-header-meta":"","header-above-stick-meta":"","header-main-stick-meta":"","header-below-stick-meta":""},"pwb-brand":[24],"product_cat":[185],"product_tag":[],"class_list":{"0":"post-67333","1":"product","2":"type-product","3":"status-publish","5":"pwb-brand-hella","6":"product_cat-ajovaloumpio","7":"desktop-align-left","8":"tablet-align-left","9":"mobile-align-left","11":"first","12":"instock","13":"product-type-external"},"brands":[{"id":24,"name":"HELLA","slug":"hella"}],"_links":{"self":[{"href":"https:\/\/www.autonvaraosahaku.fi\/index.php?rest_route=\/wp\/v2\/product\/67333","targetHints":{"allow":["GET"]}}],"collection":[{"href":"https:\/\/www.autonvaraosahaku.fi\/index.php?rest_route=\/wp\/v2\/product"}],"about":[{"href":"https:\/\/www.autonvaraosahaku.fi\/index.php?rest_route=\/wp\/v2\/types\/product"}],"wp:attachment":[{"href":"https:\/\/www.autonvaraosahaku.fi\/index.php?rest_route=%2Fwp%2Fv2%2Fmedia&parent=67333"}],"wp:term":[{"taxonomy":"pwb-brand","embeddable":true,"href":"https:\/\/www.autonvaraosahaku.fi\/index.php?rest_route=%2Fwp%2Fv2%2Fpwb-brand&post=67333"},{"taxonomy":"product_cat","embeddable":true,"href":"https:\/\/www.autonvaraosahaku.fi\/index.php?rest_route=%2Fwp%2Fv2%2Fproduct_cat&post=67333"},{"taxonomy":"product_tag","embeddable":true,"href":"https:\/\/www.autonvaraosahaku.fi\/index.php?rest_route=%2Fwp%2Fv2%2Fproduct_tag&post=67333"}],"curies":[{"name":"wp","href":"https:\/\/api.w.org\/{rel}","templated":true}]}}