{"id":67336,"date":"2021-02-21T18:53:46","date_gmt":"2021-02-21T18:53:46","guid":{"rendered":"https:\/\/www.autonvaraosahaku.fi\/?product=kyb-343355-iskunvaimennin"},"modified":"2021-02-21T18:53:48","modified_gmt":"2021-02-21T18:53:48","slug":"kyb-343355-iskunvaimennin","status":"publish","type":"product","link":"https:\/\/www.autonvaraosahaku.fi\/?product=kyb-343355-iskunvaimennin","title":{"rendered":"KYB 343355 Iskunvaimennin"},"content":{"rendered":"<p>Asennuspuoli: Taka-akseli; Iskunvaimennin tyyppi: Kaasupaine; Iskunvaimennusj\u00e4rjestelm\u00e4: Kaksiputki; Iskunvaimennin asennustapa: Silmukka ylh\u00e4\u00e4ll\u00e4, Silmukka alhaalla; Tuotelinja: Excel-G; Valmistusvuosi alkaen: 01\/1993; NISSAN: TERRANO II R20; FORD: MAVERICK UDS, UNS; 1954813, 1954815, 1958332, 562101F228, 1961753, 1962356, 562100F028, 562100F628, 562100X825, 562100X925, 8941134690, 8944336932, 8944336970, 894433697A, 8944731860, 8944731870, 94454920, 94473186, 94473187, 4301738, 4302351, 4314861, 4314862, 436277, 562100F000, 562100F004, 562100F026, 562100F028, 562100F105, 562100F626, 562100F628, 562100X825, 562100X925, 562101F105, 562101F106, 562101F127, 562101F228, 652100X825, 8941134690, 8944336932, 8944336970, 894433697A, 8944731860, 8944731870, 1961753, 1962356, 94454920, 94454921, 1961753, 1962356; Iskarit,Iskunvaimennin<\/p>\n","protected":false},"excerpt":{"rendered":"<p>KYB Iskunvaimentimet 343355 Iskarit,Iskunvaimennin NISSAN,FORD,TERRANO II R20,MAVERICK UDS, UNS<\/p>\n","protected":false},"featured_media":0,"template":"","meta":{"site-sidebar-layout":"default","site-content-layout":"default","ast-global-header-display":"","ast-main-header-display":"","ast-hfb-above-header-display":"","ast-hfb-below-header-display":"","ast-hfb-mobile-header-display":"","site-post-title":"","ast-breadcrumbs-content":"","ast-featured-img":"","footer-sml-layout":"","theme-transparent-header-meta":"","adv-header-id-meta":"","stick-header-meta":"","header-above-stick-meta":"","header-main-stick-meta":"","header-below-stick-meta":""},"pwb-brand":[226],"product_cat":[80],"product_tag":[],"class_list":{"0":"post-67336","1":"product","2":"type-product","3":"status-publish","5":"pwb-brand-kyb","6":"product_cat-iskunvaimennin","7":"desktop-align-left","8":"tablet-align-left","9":"mobile-align-left","11":"first","12":"instock","13":"product-type-external"},"brands":[{"id":226,"name":"KYB","slug":"kyb"}],"_links":{"self":[{"href":"https:\/\/www.autonvaraosahaku.fi\/index.php?rest_route=\/wp\/v2\/product\/67336","targetHints":{"allow":["GET"]}}],"collection":[{"href":"https:\/\/www.autonvaraosahaku.fi\/index.php?rest_route=\/wp\/v2\/product"}],"about":[{"href":"https:\/\/www.autonvaraosahaku.fi\/index.php?rest_route=\/wp\/v2\/types\/product"}],"wp:attachment":[{"href":"https:\/\/www.autonvaraosahaku.fi\/index.php?rest_route=%2Fwp%2Fv2%2Fmedia&parent=67336"}],"wp:term":[{"taxonomy":"pwb-brand","embeddable":true,"href":"https:\/\/www.autonvaraosahaku.fi\/index.php?rest_route=%2Fwp%2Fv2%2Fpwb-brand&post=67336"},{"taxonomy":"product_cat","embeddable":true,"href":"https:\/\/www.autonvaraosahaku.fi\/index.php?rest_route=%2Fwp%2Fv2%2Fproduct_cat&post=67336"},{"taxonomy":"product_tag","embeddable":true,"href":"https:\/\/www.autonvaraosahaku.fi\/index.php?rest_route=%2Fwp%2Fv2%2Fproduct_tag&post=67336"}],"curies":[{"name":"wp","href":"https:\/\/api.w.org\/{rel}","templated":true}]}}