{"id":67407,"date":"2021-02-21T18:54:04","date_gmt":"2021-02-21T18:54:04","guid":{"rendered":"https:\/\/www.autonvaraosahaku.fi\/?product=ajusa-15061500-kampiakselin-tiiviste"},"modified":"2021-02-21T18:54:10","modified_gmt":"2021-02-21T18:54:10","slug":"ajusa-15061500-kampiakselin-tiiviste","status":"publish","type":"product","link":"https:\/\/www.autonvaraosahaku.fi\/?product=ajusa-15061500-kampiakselin-tiiviste","title":{"rendered":"AJUSA 15061500 Kampiakselin tiiviste"},"content":{"rendered":"<p>Sis\u00e4l\u00e4pimitta [mm]: 80; Ulkol\u00e4pimitta [mm]: 100; Korkeus (mm): 10; Asennuspuoli: getriebeseitig; HONDA: JAZZ II GD,CIVIC VII Hatchback EU, EP, EV,CIVIC VI Hatchback EJ, EK,FR-V BE,ACCORD VI CG, CK,CIVIC VI Fastback MA, MB,CRX III EH, EG,LOGO GA3,CIVIC VI Aerodeck MB, MC,STREAM RN,CR-V I RD,HR-V GH,CRX II ED, EE,CIVIC V Hatchback EG,PRELUDE V BB,CIVIC VII Coupe EM2,ACCORD VI Hatchback CH,ACCORD VI Coupe CG,CIVIC IV Hatchback EC, ED, EE,CIVIC VI Stufenheck EJ, EK,PRELUDE IV BB,CIVIC VI Coupe EJ, EM1,SHUTTLE RA,INTEGRA Coupe DC2, DC4,CIVIC V Coupe EJ,CIVIC VII Stufenheck ES,PRELUDE III BA,ACCORD IV CB,CIVIC V Stufenheck EG, EH,ACCORD V Aerodeck CE,ACCORD V CC, CD,ACCORD V Coupe CD,CONCERTO HW,CIVIC IV Stufenheck ED,CRX I AF, AS,PRELUDE II AB,ACCORD III CA,CIVIC III Hatchback AL, AJ, AG, AH,ACCORD IV Aerodeck CB,CONCERTO Stufenheck HWW,ACCORD III Aerodeck CA,ODYSSEY RB_,ACCORD IV Coupe CB, CC,CIVIC II Shuttle EE,ODYSSEY RA_,CIVIC III Stufenheck AM, AK, AU,CIVIC I Shuttle AN, AR,ACCORD II Hatchback AC, AD,INTEGRA DA,ACCORD II AC, AD,ACCORD III Coupe,CITY Stufenheck ; ROVER: 600 RH,400 RT,CABRIOLET XW,400 Hatchback RT,200 Hatchback XW,200 Coupe XW,200 XH,400 XW; 91214P2FA01, 91214P7A004, 91214PLE003, 91214PMVT01; Akselitiiviste, Kampiakseli<\/p>\n","protected":false},"excerpt":{"rendered":"<p>AJUSA Kampiakselin Tiiviste 15061500 Akselitiiviste, Kampiakseli HONDA,ROVER,JAZZ II GD,CIVIC VII Hatchback EU, EP, EV,CIVIC VI Hatchback EJ, EK<\/p>\n","protected":false},"featured_media":0,"template":"","meta":{"site-sidebar-layout":"default","site-content-layout":"default","ast-global-header-display":"","ast-main-header-display":"","ast-hfb-above-header-display":"","ast-hfb-below-header-display":"","ast-hfb-mobile-header-display":"","site-post-title":"","ast-breadcrumbs-content":"","ast-featured-img":"","footer-sml-layout":"","theme-transparent-header-meta":"","adv-header-id-meta":"","stick-header-meta":"","header-above-stick-meta":"","header-main-stick-meta":"","header-below-stick-meta":""},"pwb-brand":[211],"product_cat":[88],"product_tag":[],"class_list":{"0":"post-67407","1":"product","2":"type-product","3":"status-publish","5":"pwb-brand-ajusa","6":"product_cat-kampiakselin-tiiviste","7":"desktop-align-left","8":"tablet-align-left","9":"mobile-align-left","11":"first","12":"instock","13":"product-type-external"},"brands":[{"id":211,"name":"AJUSA","slug":"ajusa"}],"_links":{"self":[{"href":"https:\/\/www.autonvaraosahaku.fi\/index.php?rest_route=\/wp\/v2\/product\/67407","targetHints":{"allow":["GET"]}}],"collection":[{"href":"https:\/\/www.autonvaraosahaku.fi\/index.php?rest_route=\/wp\/v2\/product"}],"about":[{"href":"https:\/\/www.autonvaraosahaku.fi\/index.php?rest_route=\/wp\/v2\/types\/product"}],"wp:attachment":[{"href":"https:\/\/www.autonvaraosahaku.fi\/index.php?rest_route=%2Fwp%2Fv2%2Fmedia&parent=67407"}],"wp:term":[{"taxonomy":"pwb-brand","embeddable":true,"href":"https:\/\/www.autonvaraosahaku.fi\/index.php?rest_route=%2Fwp%2Fv2%2Fpwb-brand&post=67407"},{"taxonomy":"product_cat","embeddable":true,"href":"https:\/\/www.autonvaraosahaku.fi\/index.php?rest_route=%2Fwp%2Fv2%2Fproduct_cat&post=67407"},{"taxonomy":"product_tag","embeddable":true,"href":"https:\/\/www.autonvaraosahaku.fi\/index.php?rest_route=%2Fwp%2Fv2%2Fproduct_tag&post=67407"}],"curies":[{"name":"wp","href":"https:\/\/api.w.org\/{rel}","templated":true}]}}