{"id":67421,"date":"2021-02-21T18:54:13","date_gmt":"2021-02-21T18:54:13","guid":{"rendered":"https:\/\/www.autonvaraosahaku.fi\/?product=skf-vkjc-1035-vetoakseli"},"modified":"2021-02-21T18:54:16","modified_gmt":"2021-02-21T18:54:16","slug":"skf-vkjc-1035-vetoakseli","status":"publish","type":"product","link":"https:\/\/www.autonvaraosahaku.fi\/?product=skf-vkjc-1035-vetoakseli","title":{"rendered":"SKF VKJC 1035 Vetoakseli"},"content":{"rendered":"<p>Pituus (mm): 827; Reik\u00e4-\u00d8 [mm]: 8,5; Kierremitta: M20x1,5; Ulkohammastus, py\u00f6r\u00e4npuoli: 36; Tiivisteen l\u00e4pimitta [mm]: 53; Reikien m\u00e4\u00e4r\u00e4: 6; Reik\u00e4ympyr\u00e4-\u00d8 [mm]: 86; Uusi osa: ; Nivelen l\u00e4pimitta py\u00f6r\u00e4puoli [mm]: 90; Nivelen l\u00e4pimitta vaihteistopuoli [mm]: 100; Moottorinumero: AGN; VW: GOLF IV 1J1,GOLF IV Variant 1J5,BORA 1J2,NEW BEETLE 9C1, 1C1,BORA Kombi 1J6,NEW BEETLE Cabriolet 1Y7; AUDI: A3 8L1; SKODA: OCTAVIA Combi 1U5,OCTAVIA 1U2; SEAT: LEON 1M1,TOLEDO II 1M2; 1J0407272, 1J0407272AG, 1J0407272AT, 1J0407272BK, 1J0407272C, 1J0407272DB, 1J0407272EA, 1J0407272EL, 1J0407452DX, 1J0407452V, 1J0407452X, 1J0407454CX, 1J0407272, 1J0407272AT, 1J0407272BK, 1J0407272DB, 1J0407272EA, 1J0407272EL, 1J0407452DX, 1J0407452V, 1J0407452X, 1J0407454CX, JZW407272GX, 1J0407272, 1J0407272AT, 1J0407272BK, 1J0407272DB, 1J0407272EA, 1J0407272EL, 1J0407452DX, 1J0407452V, 1J0407452X, 1J0407454CX, JZW407272GX, 1J0407272, 1J0407272AH, 1J0407272AT, 1J0407272BK, 1J0407272DB, 1J0407272EA, 1J0407272EL, 1J0407452DX, 1J0407452V, 1J0407452X, 1J0407454CX, JZW407272GX<\/p>\n","protected":false},"excerpt":{"rendered":"<p>SKF Vetoakseli VKJC 1035  VW,AUDI,SKODA,GOLF IV 1J1,GOLF IV Variant 1J5,BORA 1J2,NEW BEETLE 9C1, 1C1,BORA Kombi 1J6,NEW BEETLE Cabriolet 1Y7,A3 8L1<\/p>\n","protected":false},"featured_media":0,"template":"","meta":{"site-sidebar-layout":"default","site-content-layout":"default","ast-global-header-display":"","ast-main-header-display":"","ast-hfb-above-header-display":"","ast-hfb-below-header-display":"","ast-hfb-mobile-header-display":"","site-post-title":"","ast-breadcrumbs-content":"","ast-featured-img":"","footer-sml-layout":"","theme-transparent-header-meta":"","adv-header-id-meta":"","stick-header-meta":"","header-above-stick-meta":"","header-main-stick-meta":"","header-below-stick-meta":""},"pwb-brand":[237],"product_cat":[215],"product_tag":[],"class_list":{"0":"post-67421","1":"product","2":"type-product","3":"status-publish","5":"pwb-brand-skf","6":"product_cat-vetoakseli","7":"desktop-align-left","8":"tablet-align-left","9":"mobile-align-left","11":"first","12":"instock","13":"product-type-external"},"brands":[{"id":237,"name":"SKF","slug":"skf"}],"_links":{"self":[{"href":"https:\/\/www.autonvaraosahaku.fi\/index.php?rest_route=\/wp\/v2\/product\/67421","targetHints":{"allow":["GET"]}}],"collection":[{"href":"https:\/\/www.autonvaraosahaku.fi\/index.php?rest_route=\/wp\/v2\/product"}],"about":[{"href":"https:\/\/www.autonvaraosahaku.fi\/index.php?rest_route=\/wp\/v2\/types\/product"}],"wp:attachment":[{"href":"https:\/\/www.autonvaraosahaku.fi\/index.php?rest_route=%2Fwp%2Fv2%2Fmedia&parent=67421"}],"wp:term":[{"taxonomy":"pwb-brand","embeddable":true,"href":"https:\/\/www.autonvaraosahaku.fi\/index.php?rest_route=%2Fwp%2Fv2%2Fpwb-brand&post=67421"},{"taxonomy":"product_cat","embeddable":true,"href":"https:\/\/www.autonvaraosahaku.fi\/index.php?rest_route=%2Fwp%2Fv2%2Fproduct_cat&post=67421"},{"taxonomy":"product_tag","embeddable":true,"href":"https:\/\/www.autonvaraosahaku.fi\/index.php?rest_route=%2Fwp%2Fv2%2Fproduct_tag&post=67421"}],"curies":[{"name":"wp","href":"https:\/\/api.w.org\/{rel}","templated":true}]}}