{"id":67442,"date":"2021-02-21T18:54:19","date_gmt":"2021-02-21T18:54:19","guid":{"rendered":"https:\/\/www.autonvaraosahaku.fi\/?product=beru-z345-sytytystulpat"},"modified":"2021-02-21T18:54:24","modified_gmt":"2021-02-21T18:54:24","slug":"beru-z345-sytytystulpat","status":"publish","type":"product","link":"https:\/\/www.autonvaraosahaku.fi\/?product=beru-z345-sytytystulpat","title":{"rendered":"BERU Z345 Sytytystulpat"},"content":{"rendered":"<p>K\u00e4rkiv\u00e4li (mm): 0,7; Liittimet: HS 6,4; Kierremitta: M14x1,25; Avainv\u00e4li: 16 mm; Sytytystulppa: 1-maaelektroodi, suoralla istukalla; Kierteen pituus (mm): 26,5; Teknisten tietojen numero: 14 F-4 NBPR2LS; Kiristysmomentti > [Nm]: 20; Kiristysmomentti enint\u00e4\u00e4n [Nm]: 30; Tuotelinja: ULTRA; Alustanumerosta: 4H-A-000 001; AUDI: A6 Avant 4G5, C7, 4GD,A6 4G2, C7, 4GC,A7 Sportback 4GA, 4GF,A8 4H_; 079905626D, 079905626G; Tulpat,Sytytystulppa<\/p>\n","protected":false},"excerpt":{"rendered":"<p>BERU Sytytystulpat Z345 Tulpat,Sytytystulppa AUDI,A6 Avant 4G5, C7, 4GD,A6 4G2, C7, 4GC,A7 Sportback 4GA, 4GF,A8 4H_<\/p>\n","protected":false},"featured_media":0,"template":"","meta":{"site-sidebar-layout":"default","site-content-layout":"default","ast-global-header-display":"","ast-main-header-display":"","ast-hfb-above-header-display":"","ast-hfb-below-header-display":"","ast-hfb-mobile-header-display":"","site-post-title":"","ast-breadcrumbs-content":"","ast-featured-img":"","footer-sml-layout":"","theme-transparent-header-meta":"","adv-header-id-meta":"","stick-header-meta":"","header-above-stick-meta":"","header-main-stick-meta":"","header-below-stick-meta":""},"pwb-brand":[327],"product_cat":[165],"product_tag":[],"class_list":{"0":"post-67442","1":"product","2":"type-product","3":"status-publish","5":"pwb-brand-beru","6":"product_cat-sytytystulpat","7":"desktop-align-left","8":"tablet-align-left","9":"mobile-align-left","11":"first","12":"instock","13":"product-type-external"},"brands":[{"id":327,"name":"BERU","slug":"beru"}],"_links":{"self":[{"href":"https:\/\/www.autonvaraosahaku.fi\/index.php?rest_route=\/wp\/v2\/product\/67442","targetHints":{"allow":["GET"]}}],"collection":[{"href":"https:\/\/www.autonvaraosahaku.fi\/index.php?rest_route=\/wp\/v2\/product"}],"about":[{"href":"https:\/\/www.autonvaraosahaku.fi\/index.php?rest_route=\/wp\/v2\/types\/product"}],"wp:attachment":[{"href":"https:\/\/www.autonvaraosahaku.fi\/index.php?rest_route=%2Fwp%2Fv2%2Fmedia&parent=67442"}],"wp:term":[{"taxonomy":"pwb-brand","embeddable":true,"href":"https:\/\/www.autonvaraosahaku.fi\/index.php?rest_route=%2Fwp%2Fv2%2Fpwb-brand&post=67442"},{"taxonomy":"product_cat","embeddable":true,"href":"https:\/\/www.autonvaraosahaku.fi\/index.php?rest_route=%2Fwp%2Fv2%2Fproduct_cat&post=67442"},{"taxonomy":"product_tag","embeddable":true,"href":"https:\/\/www.autonvaraosahaku.fi\/index.php?rest_route=%2Fwp%2Fv2%2Fproduct_tag&post=67442"}],"curies":[{"name":"wp","href":"https:\/\/api.w.org\/{rel}","templated":true}]}}