{"id":6746,"date":"2021-02-21T13:58:11","date_gmt":"2021-02-21T13:58:11","guid":{"rendered":"https:\/\/www.autonvaraosahaku.fi\/?product=original-imperium-4018-polttoainepumppu"},"modified":"2021-02-21T13:58:11","modified_gmt":"2021-02-21T13:58:11","slug":"original-imperium-4018-polttoainepumppu","status":"publish","type":"product","link":"https:\/\/www.autonvaraosahaku.fi\/?product=original-imperium-4018-polttoainepumppu","title":{"rendered":"ORIGINAL IMPERIUM 4018 Polttoainepumppu"},"content":{"rendered":"<p>Materiaali: Kumi; Paino [g]: 81; L\u00e4pimitta [mm]: 8; TOYOTA: AYGO WNB1_, KGB1_; FIAT: QUBO 225,ULYSSE 220,SCUDO Kasten 220L; CITRO\u00cbN: C1 PM_, PN_,XSARA PICASSO N68,BERLINGO B9,C4 Picasso I UD_,C4 Grand Picasso I UA_,C8 EA_, EB_,SAXO S0, S1,BERLINGO Kasten M_,C5 I DC_,C5 III RD_,XSARA N1,C4 II B7,C5 II RC_,C6 TD_,XM Y4,XANTIA X2,DS4,XANTIA X1,AX ZA-_,NEMO Kasten AA_,DS5,EVASION 22, U6,ZX N2,BX XB-_,NEMO Kombi,JUMPY U6U,XM Y3,C15 VD-_; PEUGEOT: 206 Schr\u00e4gheck 2A\/C,307 SW 3H,307 CC 3B,307 3A\/C,107,308 SW,807 E,106 II 1,308 4A_, 4C_,5008,508 SW,407 6D_,3008,308 CC,106 I 1A, 1C,205 II 20A\/C,PARTNER Kasten 5,406 8B,806 221,508,306 7B, N3, N5,PARTNER Kasten,BIPPER AA_,309 II 3C, 3A,205 I 741A\/C,BIPPER Tepee,405 I 15B,EXPERT 224,405 II 4B,309 I 10C, 10A; RENAULT: CLIO I B\/C57_, 5\/357_,11 B\/C37_<\/p>\n","protected":false},"excerpt":{"rendered":"<p>ORIGINAL IMPERIUM Pumppu, Polttoaine Esisy\u00f6tt\u00f6 4018  TOYOTA,FIAT,CITRO\u00cbN,AYGO WNB1_, KGB1_,QUBO 225,ULYSSE 220,SCUDO Kasten 220L,C1 PM_, PN_<\/p>\n","protected":false},"featured_media":0,"template":"","meta":{"site-sidebar-layout":"default","site-content-layout":"default","ast-global-header-display":"","ast-main-header-display":"","ast-hfb-above-header-display":"","ast-hfb-below-header-display":"","ast-hfb-mobile-header-display":"","site-post-title":"","ast-breadcrumbs-content":"","ast-featured-img":"","footer-sml-layout":"","theme-transparent-header-meta":"","adv-header-id-meta":"","stick-header-meta":"","header-above-stick-meta":"","header-main-stick-meta":"","header-below-stick-meta":""},"pwb-brand":[72],"product_cat":[73],"product_tag":[],"class_list":{"0":"post-6746","1":"product","2":"type-product","3":"status-publish","5":"pwb-brand-original-imperium","6":"product_cat-polttoainepumppu","7":"desktop-align-left","8":"tablet-align-left","9":"mobile-align-left","11":"first","12":"instock","13":"product-type-external"},"brands":[{"id":72,"name":"ORIGINAL IMPERIUM","slug":"original-imperium"}],"_links":{"self":[{"href":"https:\/\/www.autonvaraosahaku.fi\/index.php?rest_route=\/wp\/v2\/product\/6746","targetHints":{"allow":["GET"]}}],"collection":[{"href":"https:\/\/www.autonvaraosahaku.fi\/index.php?rest_route=\/wp\/v2\/product"}],"about":[{"href":"https:\/\/www.autonvaraosahaku.fi\/index.php?rest_route=\/wp\/v2\/types\/product"}],"wp:attachment":[{"href":"https:\/\/www.autonvaraosahaku.fi\/index.php?rest_route=%2Fwp%2Fv2%2Fmedia&parent=6746"}],"wp:term":[{"taxonomy":"pwb-brand","embeddable":true,"href":"https:\/\/www.autonvaraosahaku.fi\/index.php?rest_route=%2Fwp%2Fv2%2Fpwb-brand&post=6746"},{"taxonomy":"product_cat","embeddable":true,"href":"https:\/\/www.autonvaraosahaku.fi\/index.php?rest_route=%2Fwp%2Fv2%2Fproduct_cat&post=6746"},{"taxonomy":"product_tag","embeddable":true,"href":"https:\/\/www.autonvaraosahaku.fi\/index.php?rest_route=%2Fwp%2Fv2%2Fproduct_tag&post=6746"}],"curies":[{"name":"wp","href":"https:\/\/api.w.org\/{rel}","templated":true}]}}