{"id":67461,"date":"2021-02-21T18:54:28","date_gmt":"2021-02-21T18:54:28","guid":{"rendered":"https:\/\/www.autonvaraosahaku.fi\/?product=facet-3-7556rs-virranjakajan-pyorija"},"modified":"2021-02-21T18:54:31","modified_gmt":"2021-02-21T18:54:31","slug":"facet-3-7556rs-virranjakajan-pyorija","status":"publish","type":"product","link":"https:\/\/www.autonvaraosahaku.fi\/?product=facet-3-7556rs-virranjakajan-pyorija","title":{"rendered":"FACET 3.7556RS Virranjakajan py\u00f6rij\u00e4"},"content":{"rendered":"<p>Versio: Export, Bosch; lis\u00e4tieto: Made in Italy &#8211; OE Equivalent; Moottorinumero: B6D (XU5JA); VW: GOLF II 19E, 1G1,POLO 86C, 80,POLO Coupe 86C, 80,SCIROCCO 53B,JETTA II 19E, 1G2, 165,PASSAT Variant 32B,POLO CLASSIC 86C, 80,PASSAT 32B,DERBY 86C, 80; SEAT: IBIZA II 6K1,IBIZA I 021A,MALAGA 023A; OPEL: OMEGA A 16_, 17_, 19_,ASTRA F CC 53_, 54_, 58_, 59_,ASTRA F Caravan 51_, 52_,VECTRA A 86_, 87_,ASTRA F 56_, 57_,KADETT E CC 33_, 34_, 43_, 44_,CORSA A CC 93_, 94_, 98_, 99_,VECTRA A CC 88_, 89_,KADETT E Cabriolet 43B_,ASCONA C 81_, 86_, 87_, 88_,SENATOR B 29_,OMEGA A Caravan 66_, 67_,CORSA A TR 91_, 92_, 96_, 97_,KADETT E 39_, 49_,ASCONA C CC 84_, 89_,KADETT E Caravan 35_, 36_, 45_, 46_,KADETT E Kasten 37_, 47_,KADETT E Combo 38_, 48_; CITRO\u00cbN: AX ZA-_,ZX N2,BX XB-_,ZX Break N2,BX Break XB-_,C15 VD-_,C15 Kombi; PEUGEOT: 106 I 1A, 1C,205 II 20A\/C,205 I Cabriolet 741B, 20D,309 II 3C, 3A,205 I 741A\/C,405 I 15B,405 II 4B,106 Van 1_,309 I 10C, 10A,505 551A,104,405 I Break 15E; VAUXHALL: ASTRA Mk III F CC; 95602185, GB838, 1212217, 1212220, 593725, 0003980666, 036905225H, SE021914004A, 036905225H<\/p>\n","protected":false},"excerpt":{"rendered":"<p>FACET Virranjakajan Py\u00f6rij\u00e4 3.7556RS  VW,SEAT,OPEL,GOLF II 19E, 1G1,POLO 86C, 80,POLO Coupe 86C, 80,SCIROCCO 53B,JETTA II 19E, 1G2, 165<\/p>\n","protected":false},"featured_media":0,"template":"","meta":{"site-sidebar-layout":"default","site-content-layout":"default","ast-global-header-display":"","ast-main-header-display":"","ast-hfb-above-header-display":"","ast-hfb-below-header-display":"","ast-hfb-mobile-header-display":"","site-post-title":"","ast-breadcrumbs-content":"","ast-featured-img":"","footer-sml-layout":"","theme-transparent-header-meta":"","adv-header-id-meta":"","stick-header-meta":"","header-above-stick-meta":"","header-main-stick-meta":"","header-below-stick-meta":""},"pwb-brand":[263],"product_cat":[94],"product_tag":[],"class_list":{"0":"post-67461","1":"product","2":"type-product","3":"status-publish","5":"pwb-brand-facet","6":"product_cat-virranjakajan-pyorija","7":"desktop-align-left","8":"tablet-align-left","9":"mobile-align-left","11":"first","12":"instock","13":"product-type-external"},"brands":[{"id":263,"name":"FACET","slug":"facet"}],"_links":{"self":[{"href":"https:\/\/www.autonvaraosahaku.fi\/index.php?rest_route=\/wp\/v2\/product\/67461","targetHints":{"allow":["GET"]}}],"collection":[{"href":"https:\/\/www.autonvaraosahaku.fi\/index.php?rest_route=\/wp\/v2\/product"}],"about":[{"href":"https:\/\/www.autonvaraosahaku.fi\/index.php?rest_route=\/wp\/v2\/types\/product"}],"wp:attachment":[{"href":"https:\/\/www.autonvaraosahaku.fi\/index.php?rest_route=%2Fwp%2Fv2%2Fmedia&parent=67461"}],"wp:term":[{"taxonomy":"pwb-brand","embeddable":true,"href":"https:\/\/www.autonvaraosahaku.fi\/index.php?rest_route=%2Fwp%2Fv2%2Fpwb-brand&post=67461"},{"taxonomy":"product_cat","embeddable":true,"href":"https:\/\/www.autonvaraosahaku.fi\/index.php?rest_route=%2Fwp%2Fv2%2Fproduct_cat&post=67461"},{"taxonomy":"product_tag","embeddable":true,"href":"https:\/\/www.autonvaraosahaku.fi\/index.php?rest_route=%2Fwp%2Fv2%2Fproduct_tag&post=67461"}],"curies":[{"name":"wp","href":"https:\/\/api.w.org\/{rel}","templated":true}]}}