{"id":67468,"date":"2021-02-21T18:54:28","date_gmt":"2021-02-21T18:54:28","guid":{"rendered":"https:\/\/www.autonvaraosahaku.fi\/?product=japanparts-gi-225-vetonivel"},"modified":"2021-02-21T18:54:32","modified_gmt":"2021-02-21T18:54:32","slug":"japanparts-gi-225-vetonivel","status":"publish","type":"product","link":"https:\/\/www.autonvaraosahaku.fi\/?product=japanparts-gi-225-vetonivel","title":{"rendered":"JAPANPARTS GI-225 Vetonivel"},"content":{"rendered":"<p>Asennuspuoli: Py\u00f6r\u00e4n puoli; Kokonaispituus (mm): 227,5; Pituus 1 (mm): 162; Tiivisteen l\u00e4pimitta [mm]: 60; Sis\u00e4hammastus, py\u00f6r\u00e4npuoli: 27; Ulkohammastus, py\u00f6r\u00e4npuoli: 26; Erittely: Groove type: INNER; TOYOTA: HILUX VI Pick-up _N1_,HILUX V Pick-up LN_, KZN1_, VZN1_,4 RUNNER RN10_, VZN13_, VZN10_, RN13_,HIACE IV Bus LH1_,HIACE IV Kasten LXH1_, RZH1_, LH1_,4 RUNNER RN5_, LN5_, VZN6_, RN7_, RN6_; 4343035010, 4343035011, 4343035012, 4343035020, 4343035021, 4343035022, 4343035023, 4346029065, 4346029066, 4346029067, 4346039025, 4346039026, 4346039027, 4346039045, 4346039046, 4346039175, 4346039275, 4346039276, 9031660001, 9031660002, 9031660003, 9031660004; Nivelsarja, Vetoakseli<\/p>\n","protected":false},"excerpt":{"rendered":"<p>JAPANPARTS Vetonivel GI-225 Nivelsarja, Vetoakseli TOYOTA,HILUX VI Pick-up _N1_,HILUX V Pick-up LN_, KZN1_, VZN1_<\/p>\n","protected":false},"featured_media":0,"template":"","meta":{"site-sidebar-layout":"default","site-content-layout":"default","ast-global-header-display":"","ast-main-header-display":"","ast-hfb-above-header-display":"","ast-hfb-below-header-display":"","ast-hfb-mobile-header-display":"","site-post-title":"","ast-breadcrumbs-content":"","ast-featured-img":"","footer-sml-layout":"","theme-transparent-header-meta":"","adv-header-id-meta":"","stick-header-meta":"","header-above-stick-meta":"","header-main-stick-meta":"","header-below-stick-meta":""},"pwb-brand":[334],"product_cat":[175],"product_tag":[],"class_list":{"0":"post-67468","1":"product","2":"type-product","3":"status-publish","5":"pwb-brand-japanparts","6":"product_cat-vetonivel","7":"desktop-align-left","8":"tablet-align-left","9":"mobile-align-left","11":"first","12":"instock","13":"product-type-external"},"brands":[{"id":334,"name":"JAPANPARTS","slug":"japanparts"}],"_links":{"self":[{"href":"https:\/\/www.autonvaraosahaku.fi\/index.php?rest_route=\/wp\/v2\/product\/67468","targetHints":{"allow":["GET"]}}],"collection":[{"href":"https:\/\/www.autonvaraosahaku.fi\/index.php?rest_route=\/wp\/v2\/product"}],"about":[{"href":"https:\/\/www.autonvaraosahaku.fi\/index.php?rest_route=\/wp\/v2\/types\/product"}],"wp:attachment":[{"href":"https:\/\/www.autonvaraosahaku.fi\/index.php?rest_route=%2Fwp%2Fv2%2Fmedia&parent=67468"}],"wp:term":[{"taxonomy":"pwb-brand","embeddable":true,"href":"https:\/\/www.autonvaraosahaku.fi\/index.php?rest_route=%2Fwp%2Fv2%2Fpwb-brand&post=67468"},{"taxonomy":"product_cat","embeddable":true,"href":"https:\/\/www.autonvaraosahaku.fi\/index.php?rest_route=%2Fwp%2Fv2%2Fproduct_cat&post=67468"},{"taxonomy":"product_tag","embeddable":true,"href":"https:\/\/www.autonvaraosahaku.fi\/index.php?rest_route=%2Fwp%2Fv2%2Fproduct_tag&post=67468"}],"curies":[{"name":"wp","href":"https:\/\/api.w.org\/{rel}","templated":true}]}}