{"id":67472,"date":"2021-02-21T18:54:33","date_gmt":"2021-02-21T18:54:33","guid":{"rendered":"https:\/\/www.autonvaraosahaku.fi\/?product=febi-bilstein-08668-jaahdytysnesteen-lampotila-anturi"},"modified":"2021-02-21T18:54:34","modified_gmt":"2021-02-21T18:54:34","slug":"febi-bilstein-08668-jaahdytysnesteen-lampotila-anturi","status":"publish","type":"product","link":"https:\/\/www.autonvaraosahaku.fi\/?product=febi-bilstein-08668-jaahdytysnesteen-lampotila-anturi","title":{"rendered":"FEBI BILSTEIN 08668 J\u00e4\u00e4hdytysnesteen l\u00e4mp\u00f6tila anturi"},"content":{"rendered":"<p>Pituus (mm): 52; Ulkokierre [mm]: M14 x 1,5; Avainv\u00e4li: 19; Liittimi\u00e4: 1; V\u00e4rimerkint\u00e4: Musta; Kytkent\u00e4piste (\u00b0C): 120; Paino [kg]: 0,034, 0,034; Moottorinumeroon: 142818; VW: LT 28-46 II Kasten 2DA, 2DD, 2DH,LT 28-35 II Bus 2DB, 2DE, 2DK,LT 28-46 II Pritsche\/Fahrgestell 2DC, 2DF, 2DG, 2DL, 2DM; DAEWOO: KORANDO KJ,KORANDO Cabrio KJ; SSANGYONG: REXTON GAB_,MUSSO FJ,KORANDO KJ,MUSSO SPORTS,KORANDO Cabrio KJ,CHAIRMAN HT_; MERCEDES-BENZ: C-CLASS W202,190 W201,Stufenheck W124,SL R129,SL R107,C-CLASS Kombi S202,Stufenheck W123,S-CLASS W126,KOMBI Kombi S124,E-CLASS W124,G-CLASS W463,VITO Bus 638,COUPE C124,G-CLASS W460,S-CLASS W140,E-CLASS Kombi S124,COUPE C123,S-CLASS W108, W109,SPRINTER 2-t Bus 901, 902,S-CLASS W116,COUPE W111,V-CLASS 638\/2,S-CLASS Coupe C126,G-CLASS W461,SPRINTER 2-t Kasten 901, 902,KOMBI Kombi S123,T1 Bus 601,VITO Kasten 638,E-CLASS Cabriolet A124,SL Coupe C107,E-CLASS Coupe C124,T1 Pritsche\/Fahrgestell 602,T1 Kasten 602,T1 Pritsche\/Fahrgestell 601,T2\/LN1 Kasten\/Kombi,VARIO Kasten\/Kombi,T1 Kasten 601,S-CLASS Coupe C140,VARIO Pritsche\/Fahrgestell,CABRIOLET A124,T1 Bus 602,T1\/TN Pritsche\/Fahrgestell,G-CLASS Cabrio W463,VARIO Kipper,T2\/LN1 Pritsche\/Fahrgestell,T1\/TN Kasten\/Kombi,T2\/LN1 Kipper,MB100 Kasten KPA,UNIMOG; SETRA: Series 500; 0055421017, 0055422617, 55421017, 55422617, 6615423017, 0025422517, 0025422517S1, 0055421017, 0055421017S1, 0055422617, 0055422617S1, 6615423017, 6615423017S1, 0055422617, 0055422617S1, 6615423017, 6615423017S1, 2D0919501C, 2D0919501CS1; J\u00e4\u00e4hdytysnestel\u00e4mp\u00f6tilan Sensori<\/p>\n","protected":false},"excerpt":{"rendered":"<p>FEBI BILSTEIN J\u00e4\u00e4hdytysnesteen L\u00e4mp\u00f6tila Anturi 08668 J\u00e4\u00e4hdytysnestel\u00e4mp\u00f6tilan Sensori VW,DAEWOO,SSANGYONG,LT 28-46 II Kasten 2DA, 2DD, 2DH<\/p>\n","protected":false},"featured_media":0,"template":"","meta":{"site-sidebar-layout":"default","site-content-layout":"default","ast-global-header-display":"","ast-main-header-display":"","ast-hfb-above-header-display":"","ast-hfb-below-header-display":"","ast-hfb-mobile-header-display":"","site-post-title":"","ast-breadcrumbs-content":"","ast-featured-img":"","footer-sml-layout":"","theme-transparent-header-meta":"","adv-header-id-meta":"","stick-header-meta":"","header-above-stick-meta":"","header-main-stick-meta":"","header-below-stick-meta":""},"pwb-brand":[50],"product_cat":[200],"product_tag":[],"class_list":{"0":"post-67472","1":"product","2":"type-product","3":"status-publish","5":"pwb-brand-febi-bilstein","6":"product_cat-jaahdytysnesteen-lampotila-anturi","7":"desktop-align-left","8":"tablet-align-left","9":"mobile-align-left","11":"first","12":"instock","13":"product-type-external"},"brands":[{"id":50,"name":"FEBI BILSTEIN","slug":"febi-bilstein"}],"_links":{"self":[{"href":"https:\/\/www.autonvaraosahaku.fi\/index.php?rest_route=\/wp\/v2\/product\/67472","targetHints":{"allow":["GET"]}}],"collection":[{"href":"https:\/\/www.autonvaraosahaku.fi\/index.php?rest_route=\/wp\/v2\/product"}],"about":[{"href":"https:\/\/www.autonvaraosahaku.fi\/index.php?rest_route=\/wp\/v2\/types\/product"}],"wp:attachment":[{"href":"https:\/\/www.autonvaraosahaku.fi\/index.php?rest_route=%2Fwp%2Fv2%2Fmedia&parent=67472"}],"wp:term":[{"taxonomy":"pwb-brand","embeddable":true,"href":"https:\/\/www.autonvaraosahaku.fi\/index.php?rest_route=%2Fwp%2Fv2%2Fpwb-brand&post=67472"},{"taxonomy":"product_cat","embeddable":true,"href":"https:\/\/www.autonvaraosahaku.fi\/index.php?rest_route=%2Fwp%2Fv2%2Fproduct_cat&post=67472"},{"taxonomy":"product_tag","embeddable":true,"href":"https:\/\/www.autonvaraosahaku.fi\/index.php?rest_route=%2Fwp%2Fv2%2Fproduct_tag&post=67472"}],"curies":[{"name":"wp","href":"https:\/\/api.w.org\/{rel}","templated":true}]}}