{"id":67495,"date":"2021-02-21T18:54:39","date_gmt":"2021-02-21T18:54:39","guid":{"rendered":"https:\/\/www.autonvaraosahaku.fi\/?product=hengst-filter-h14w25-oljynsuodatin"},"modified":"2021-02-21T18:54:42","modified_gmt":"2021-02-21T18:54:42","slug":"hengst-filter-h14w25-oljynsuodatin","status":"publish","type":"product","link":"https:\/\/www.autonvaraosahaku.fi\/?product=hengst-filter-h14w25-oljynsuodatin","title":{"rendered":"HENGST FILTER H14W25 \u00d6ljynsuodatin"},"content":{"rendered":"<p>Suodatintyyppi: Ruuvattava suodatin; Ulkol\u00e4pimitta [mm]: 76,0; Tiivisteen l\u00e4pimitta [mm]: 71,5; Liitinkierre: M20x1,5; Korkeus (mm): 122,5; PORSCHE: 944,924,911 964,968,944 Cabriolet,968 Cabriolet; 5017856, 5025130, 94410720102, 94410720103, 94410720105, 94410720106, 94410720108, 94410720109, 94410720190<\/p>\n","protected":false},"excerpt":{"rendered":"<p>HENGST FILTER \u00d6ljynsuodatin H14W25  PORSCHE,944,924,911 964,968,944 Cabriolet,968 Cabriolet<\/p>\n","protected":false},"featured_media":0,"template":"","meta":{"site-sidebar-layout":"default","site-content-layout":"default","ast-global-header-display":"","ast-main-header-display":"","ast-hfb-above-header-display":"","ast-hfb-below-header-display":"","ast-hfb-mobile-header-display":"","site-post-title":"","ast-breadcrumbs-content":"","ast-featured-img":"","footer-sml-layout":"","theme-transparent-header-meta":"","adv-header-id-meta":"","stick-header-meta":"","header-above-stick-meta":"","header-main-stick-meta":"","header-below-stick-meta":""},"pwb-brand":[336],"product_cat":[30],"product_tag":[],"class_list":{"0":"post-67495","1":"product","2":"type-product","3":"status-publish","5":"pwb-brand-hengst-filter","6":"product_cat-oljynsuodatin","7":"desktop-align-left","8":"tablet-align-left","9":"mobile-align-left","11":"first","12":"instock","13":"product-type-external"},"brands":[{"id":336,"name":"HENGST FILTER","slug":"hengst-filter"}],"_links":{"self":[{"href":"https:\/\/www.autonvaraosahaku.fi\/index.php?rest_route=\/wp\/v2\/product\/67495","targetHints":{"allow":["GET"]}}],"collection":[{"href":"https:\/\/www.autonvaraosahaku.fi\/index.php?rest_route=\/wp\/v2\/product"}],"about":[{"href":"https:\/\/www.autonvaraosahaku.fi\/index.php?rest_route=\/wp\/v2\/types\/product"}],"wp:attachment":[{"href":"https:\/\/www.autonvaraosahaku.fi\/index.php?rest_route=%2Fwp%2Fv2%2Fmedia&parent=67495"}],"wp:term":[{"taxonomy":"pwb-brand","embeddable":true,"href":"https:\/\/www.autonvaraosahaku.fi\/index.php?rest_route=%2Fwp%2Fv2%2Fpwb-brand&post=67495"},{"taxonomy":"product_cat","embeddable":true,"href":"https:\/\/www.autonvaraosahaku.fi\/index.php?rest_route=%2Fwp%2Fv2%2Fproduct_cat&post=67495"},{"taxonomy":"product_tag","embeddable":true,"href":"https:\/\/www.autonvaraosahaku.fi\/index.php?rest_route=%2Fwp%2Fv2%2Fproduct_tag&post=67495"}],"curies":[{"name":"wp","href":"https:\/\/api.w.org\/{rel}","templated":true}]}}