{"id":6750,"date":"2021-02-21T13:58:11","date_gmt":"2021-02-21T13:58:11","guid":{"rendered":"https:\/\/www.autonvaraosahaku.fi\/?product=elring-393-830-tiivisteet"},"modified":"2021-02-21T13:58:12","modified_gmt":"2021-02-21T13:58:12","slug":"elring-393-830-tiivisteet","status":"publish","type":"product","link":"https:\/\/www.autonvaraosahaku.fi\/?product=elring-393-830-tiivisteet","title":{"rendered":"ELRING 393.830 Tiivisteet"},"content":{"rendered":"<p>Sis\u00e4l\u00e4pimitta [mm]: 50,2; Ulkol\u00e4pimitta [mm]: 54,2; Paksuus [mm]: 2; Materiaali: MVQ (silikooni\/kautsu); Muoto: O-rengas; RENAULT: LAGUNA I B56_, 556_,LAGUNA I Grandtour K56_,SAFRANE II B54_; VOLVO: V40 Kombi VW,V70 II SW,V50 MW,XC60,XC90 I,V70 I LV,S60 I,850 Kombi LW,V70 III BW,C30,S80 I TS, XY,V60,S40 II MS,XC70 CROSS COUNTRY,S40 I VS,C70 II Cabriolet,V40 Schr\u00e4gheck,XC70 II,S80 II AS,S60 II,C70 I Cabriolet,C70 I Coupe,850 LS,960 II Kombi 965,S70 LS,960 II 964,V90 Kombi,960 Kombi 965,960 964,S90; 7431397525, 1397525<\/p>\n","protected":false},"excerpt":{"rendered":"<p>ELRING Rengastiiviste 393.830  RENAULT,VOLVO,LAGUNA I B56_, 556_,LAGUNA I Grandtour K56_,SAFRANE II B54_,V40 Kombi VW,V70 II SW,V50 MW,XC60,XC90 I<\/p>\n","protected":false},"featured_media":0,"template":"","meta":{"site-sidebar-layout":"default","site-content-layout":"default","ast-global-header-display":"","ast-main-header-display":"","ast-hfb-above-header-display":"","ast-hfb-below-header-display":"","ast-hfb-mobile-header-display":"","site-post-title":"","ast-breadcrumbs-content":"","ast-featured-img":"","footer-sml-layout":"","theme-transparent-header-meta":"","adv-header-id-meta":"","stick-header-meta":"","header-above-stick-meta":"","header-main-stick-meta":"","header-below-stick-meta":""},"pwb-brand":[26],"product_cat":[27],"product_tag":[],"class_list":{"0":"post-6750","1":"product","2":"type-product","3":"status-publish","5":"pwb-brand-elring","6":"product_cat-tiivisteet","7":"desktop-align-left","8":"tablet-align-left","9":"mobile-align-left","11":"first","12":"instock","13":"product-type-external"},"brands":[{"id":26,"name":"ELRING","slug":"elring"}],"_links":{"self":[{"href":"https:\/\/www.autonvaraosahaku.fi\/index.php?rest_route=\/wp\/v2\/product\/6750","targetHints":{"allow":["GET"]}}],"collection":[{"href":"https:\/\/www.autonvaraosahaku.fi\/index.php?rest_route=\/wp\/v2\/product"}],"about":[{"href":"https:\/\/www.autonvaraosahaku.fi\/index.php?rest_route=\/wp\/v2\/types\/product"}],"wp:attachment":[{"href":"https:\/\/www.autonvaraosahaku.fi\/index.php?rest_route=%2Fwp%2Fv2%2Fmedia&parent=6750"}],"wp:term":[{"taxonomy":"pwb-brand","embeddable":true,"href":"https:\/\/www.autonvaraosahaku.fi\/index.php?rest_route=%2Fwp%2Fv2%2Fpwb-brand&post=6750"},{"taxonomy":"product_cat","embeddable":true,"href":"https:\/\/www.autonvaraosahaku.fi\/index.php?rest_route=%2Fwp%2Fv2%2Fproduct_cat&post=6750"},{"taxonomy":"product_tag","embeddable":true,"href":"https:\/\/www.autonvaraosahaku.fi\/index.php?rest_route=%2Fwp%2Fv2%2Fproduct_tag&post=6750"}],"curies":[{"name":"wp","href":"https:\/\/api.w.org\/{rel}","templated":true}]}}