{"id":67518,"date":"2021-02-21T18:54:52","date_gmt":"2021-02-21T18:54:52","guid":{"rendered":"https:\/\/www.autonvaraosahaku.fi\/?product=magneti-marelli-219244250500-lampotila-anturi"},"modified":"2021-02-21T18:54:54","modified_gmt":"2021-02-21T18:54:54","slug":"magneti-marelli-219244250500-lampotila-anturi","status":"publish","type":"product","link":"https:\/\/www.autonvaraosahaku.fi\/?product=magneti-marelli-219244250500-lampotila-anturi","title":{"rendered":"MAGNETI MARELLI 219244250500 L\u00e4mp\u00f6tila-anturi"},"content":{"rendered":"<p>V\u00e4rimerkint\u00e4: Musta; Pakokaasunormi: Euro 1; RENAULT: CLIO I B\/C57_, 5\/357_,CLIO I Kasten S57_; FIAT: SEICENTO 187,PUNTO 176,CINQUECENTO 170,PANDA 141A_,STRADA Pick-up 178E,PUNTO Cabriolet 176C,PALIO Weekend 178DX,SEICENTO Van 187,PUNTO Van 176L,PALIO 178BX,SIENA 178_; PEUGEOT: 306 Schr\u00e4gheck 7A, 7C, N3, N5,106 I 1A, 1C,205 II 20A\/C,306 7B, N3, N5; CITRO\u00cbN: AX ZA-_,ZX N2,ZX Break N2; LANCIA: Y 840A,DEDRA 835; 9942901<\/p>\n","protected":false},"excerpt":{"rendered":"<p>MAGNETI MARELLI Tunnistin Imuilman L\u00e4mp\u00f6tila 219244250500  RENAULT,FIAT,PEUGEOT,CLIO I B\/C57_, 5\/357_,CLIO I Kasten S57_,SEICENTO 187,PUNTO 176<\/p>\n","protected":false},"featured_media":0,"template":"","meta":{"site-sidebar-layout":"default","site-content-layout":"default","ast-global-header-display":"","ast-main-header-display":"","ast-hfb-above-header-display":"","ast-hfb-below-header-display":"","ast-hfb-mobile-header-display":"","site-post-title":"","ast-breadcrumbs-content":"","ast-featured-img":"","footer-sml-layout":"","theme-transparent-header-meta":"","adv-header-id-meta":"","stick-header-meta":"","header-above-stick-meta":"","header-main-stick-meta":"","header-below-stick-meta":""},"pwb-brand":[34],"product_cat":[47],"product_tag":[],"class_list":{"0":"post-67518","1":"product","2":"type-product","3":"status-publish","5":"pwb-brand-magneti-marelli","6":"product_cat-lampotila-anturi","7":"desktop-align-left","8":"tablet-align-left","9":"mobile-align-left","11":"first","12":"instock","13":"product-type-external"},"brands":[{"id":34,"name":"MAGNETI MARELLI","slug":"magneti-marelli"}],"_links":{"self":[{"href":"https:\/\/www.autonvaraosahaku.fi\/index.php?rest_route=\/wp\/v2\/product\/67518","targetHints":{"allow":["GET"]}}],"collection":[{"href":"https:\/\/www.autonvaraosahaku.fi\/index.php?rest_route=\/wp\/v2\/product"}],"about":[{"href":"https:\/\/www.autonvaraosahaku.fi\/index.php?rest_route=\/wp\/v2\/types\/product"}],"wp:attachment":[{"href":"https:\/\/www.autonvaraosahaku.fi\/index.php?rest_route=%2Fwp%2Fv2%2Fmedia&parent=67518"}],"wp:term":[{"taxonomy":"pwb-brand","embeddable":true,"href":"https:\/\/www.autonvaraosahaku.fi\/index.php?rest_route=%2Fwp%2Fv2%2Fpwb-brand&post=67518"},{"taxonomy":"product_cat","embeddable":true,"href":"https:\/\/www.autonvaraosahaku.fi\/index.php?rest_route=%2Fwp%2Fv2%2Fproduct_cat&post=67518"},{"taxonomy":"product_tag","embeddable":true,"href":"https:\/\/www.autonvaraosahaku.fi\/index.php?rest_route=%2Fwp%2Fv2%2Fproduct_tag&post=67518"}],"curies":[{"name":"wp","href":"https:\/\/api.w.org\/{rel}","templated":true}]}}