{"id":67519,"date":"2021-02-21T18:54:52","date_gmt":"2021-02-21T18:54:52","guid":{"rendered":"https:\/\/www.autonvaraosahaku.fi\/?product=trw-pnb331-kytkin-paasylinteri"},"modified":"2021-02-21T18:54:55","modified_gmt":"2021-02-21T18:54:55","slug":"trw-pnb331-kytkin-paasylinteri","status":"publish","type":"product","link":"https:\/\/www.autonvaraosahaku.fi\/?product=trw-pnb331-kytkin-paasylinteri","title":{"rendered":"TRW PNB331 Kytkin p\u00e4\u00e4sylinteri"},"content":{"rendered":"<p>L\u00e4pimitta [mm]: 15,9; Valmistusvuoteen: 07\/2002; MAZDA: B-SERIE UN,B-SERIE UF,B-SERIE Pritsche\/Fahrgestell UF; FORD: RANGER ES, ET,RANGER ER, EQ; UC8641400, UC8641400A; P\u00e4\u00e4sylinteri, Kytkin<\/p>\n","protected":false},"excerpt":{"rendered":"<p>TRW Kytkin P\u00e4\u00e4sylinteri PNB331 P\u00e4\u00e4sylinteri, Kytkin MAZDA,FORD,B-SERIE UN,B-SERIE UF,B-SERIE Pritsche\/Fahrgestell UF,RANGER ES, ET,RANGER ER, EQ<\/p>\n","protected":false},"featured_media":0,"template":"","meta":{"site-sidebar-layout":"default","site-content-layout":"default","ast-global-header-display":"","ast-main-header-display":"","ast-hfb-above-header-display":"","ast-hfb-below-header-display":"","ast-hfb-mobile-header-display":"","site-post-title":"","ast-breadcrumbs-content":"","ast-featured-img":"","footer-sml-layout":"","theme-transparent-header-meta":"","adv-header-id-meta":"","stick-header-meta":"","header-above-stick-meta":"","header-main-stick-meta":"","header-below-stick-meta":""},"pwb-brand":[332],"product_cat":[239],"product_tag":[],"class_list":{"0":"post-67519","1":"product","2":"type-product","3":"status-publish","5":"pwb-brand-trw","6":"product_cat-kytkin-paasylinteri","7":"desktop-align-left","8":"tablet-align-left","9":"mobile-align-left","11":"first","12":"instock","13":"product-type-external"},"brands":[{"id":332,"name":"TRW","slug":"trw"}],"_links":{"self":[{"href":"https:\/\/www.autonvaraosahaku.fi\/index.php?rest_route=\/wp\/v2\/product\/67519","targetHints":{"allow":["GET"]}}],"collection":[{"href":"https:\/\/www.autonvaraosahaku.fi\/index.php?rest_route=\/wp\/v2\/product"}],"about":[{"href":"https:\/\/www.autonvaraosahaku.fi\/index.php?rest_route=\/wp\/v2\/types\/product"}],"wp:attachment":[{"href":"https:\/\/www.autonvaraosahaku.fi\/index.php?rest_route=%2Fwp%2Fv2%2Fmedia&parent=67519"}],"wp:term":[{"taxonomy":"pwb-brand","embeddable":true,"href":"https:\/\/www.autonvaraosahaku.fi\/index.php?rest_route=%2Fwp%2Fv2%2Fpwb-brand&post=67519"},{"taxonomy":"product_cat","embeddable":true,"href":"https:\/\/www.autonvaraosahaku.fi\/index.php?rest_route=%2Fwp%2Fv2%2Fproduct_cat&post=67519"},{"taxonomy":"product_tag","embeddable":true,"href":"https:\/\/www.autonvaraosahaku.fi\/index.php?rest_route=%2Fwp%2Fv2%2Fproduct_tag&post=67519"}],"curies":[{"name":"wp","href":"https:\/\/api.w.org\/{rel}","templated":true}]}}