{"id":67520,"date":"2021-02-21T18:54:52","date_gmt":"2021-02-21T18:54:52","guid":{"rendered":"https:\/\/www.autonvaraosahaku.fi\/?product=trw-gs8432-kasijarrukengat"},"modified":"2021-02-21T18:54:55","modified_gmt":"2021-02-21T18:54:55","slug":"trw-gs8432-kasijarrukengat","status":"publish","type":"product","link":"https:\/\/www.autonvaraosahaku.fi\/?product=trw-gs8432-kasijarrukengat","title":{"rendered":"TRW GS8432 K\u00e4sijarrukeng\u00e4t"},"content":{"rendered":"<p>Valmistaja rajaus: ATE; L\u00e4pimitta [mm]: 160; Leveys (mm): 20; Asennuspuoli: Hinterachse; BMW: 3 E46,3 Touring E91,3 E90,1 E87,3 Touring E46,3 Compact E46,3 Coupe E46,1 E81,1 F20,3 Coupe E92,3 Touring F31,3 Cabriolet E46,3 F30, F35, F80,Z4 E85,3 Cabriolet E93,1 F21,1 Cabriolet E88,1 Coupe E82,4 Coupe F32, F82,Z4 Coupe E86,2 Coupe F22,4 Cabriolet F33, F83,4 Gran Coupe F36,2 Cabriolet F23; 1163244, 1163255, 1165968, 34411163244, 34411163255, 34411165968, 34416755273, 34416761290, 34416761291, 6755273, 6761290, 6761291; Jarrukenk\u00e4sarja, K\u00e4sijarru<\/p>\n","protected":false},"excerpt":{"rendered":"<p>TRW K\u00e4sijarrukeng\u00e4t GS8432 Jarrukenk\u00e4sarja, K\u00e4sijarru BMW,3 E46,3 Touring E91,3 E90,1 E87,3 Touring E46,3 Compact E46,3 Coupe E46,1 E81,1 F20<\/p>\n","protected":false},"featured_media":0,"template":"","meta":{"site-sidebar-layout":"default","site-content-layout":"default","ast-global-header-display":"","ast-main-header-display":"","ast-hfb-above-header-display":"","ast-hfb-below-header-display":"","ast-hfb-mobile-header-display":"","site-post-title":"","ast-breadcrumbs-content":"","ast-featured-img":"","footer-sml-layout":"","theme-transparent-header-meta":"","adv-header-id-meta":"","stick-header-meta":"","header-above-stick-meta":"","header-main-stick-meta":"","header-below-stick-meta":""},"pwb-brand":[332],"product_cat":[236],"product_tag":[],"class_list":{"0":"post-67520","1":"product","2":"type-product","3":"status-publish","5":"pwb-brand-trw","6":"product_cat-kasijarrukengat","7":"desktop-align-left","8":"tablet-align-left","9":"mobile-align-left","11":"first","12":"instock","13":"product-type-external"},"brands":[{"id":332,"name":"TRW","slug":"trw"}],"_links":{"self":[{"href":"https:\/\/www.autonvaraosahaku.fi\/index.php?rest_route=\/wp\/v2\/product\/67520","targetHints":{"allow":["GET"]}}],"collection":[{"href":"https:\/\/www.autonvaraosahaku.fi\/index.php?rest_route=\/wp\/v2\/product"}],"about":[{"href":"https:\/\/www.autonvaraosahaku.fi\/index.php?rest_route=\/wp\/v2\/types\/product"}],"wp:attachment":[{"href":"https:\/\/www.autonvaraosahaku.fi\/index.php?rest_route=%2Fwp%2Fv2%2Fmedia&parent=67520"}],"wp:term":[{"taxonomy":"pwb-brand","embeddable":true,"href":"https:\/\/www.autonvaraosahaku.fi\/index.php?rest_route=%2Fwp%2Fv2%2Fpwb-brand&post=67520"},{"taxonomy":"product_cat","embeddable":true,"href":"https:\/\/www.autonvaraosahaku.fi\/index.php?rest_route=%2Fwp%2Fv2%2Fproduct_cat&post=67520"},{"taxonomy":"product_tag","embeddable":true,"href":"https:\/\/www.autonvaraosahaku.fi\/index.php?rest_route=%2Fwp%2Fv2%2Fproduct_tag&post=67520"}],"curies":[{"name":"wp","href":"https:\/\/api.w.org\/{rel}","templated":true}]}}