{"id":6754,"date":"2021-02-21T13:58:11","date_gmt":"2021-02-21T13:58:11","guid":{"rendered":"https:\/\/www.autonvaraosahaku.fi\/?product=maxgear-39-0316-pyyhkijansulat"},"modified":"2021-02-21T13:58:12","modified_gmt":"2021-02-21T13:58:12","slug":"maxgear-39-0316-pyyhkijansulat","status":"publish","type":"product","link":"https:\/\/www.autonvaraosahaku.fi\/?product=maxgear-39-0316-pyyhkijansulat","title":{"rendered":"MAXGEAR 39-0316 Pyyhkij\u00e4nsulat"},"content":{"rendered":"<p>Pituus (mm): 650; Asennuspuoli: Edess\u00e4, fahrerseitig; M\u00e4\u00e4r\u00e4: 1; Pituus (tuumaa): 24; Sopiva adapteri: A; MERCEDES-BENZ: A-CLASS W168,VANEO 414; FORD: TRANSIT MK-7 Kasten,TRANSIT MK-7 Bus,TRANSIT Kasten FA_ _,TRANSIT Bus FD_ _, FB_ _, FS_ _, FZ_ _, FC_ _,TRANSIT MK-7 Pritsche\/Fahrgestell,TRANSIT Pritsche\/Fahrgestell FM_ _, FN_ _,TRANSIT TOURNEO FB; FIAT: SCUDO 270_,SEDICI,SCUDO Kasten 270_,ULYSSE 220,SCUDO Kasten 220L,SCUDO Combinato 220P,SCUDO Pritsche\/Fahrgestell 270_,SCUDO Pritsche\/Fahrgestell 220_; PEUGEOT: 206 Schr\u00e4gheck 2A\/C,206 CC 2D,307 SW 3H,307 3A\/C,107,206 SW 2E\/K,206+ T3E,307 Break 3E,PARTNER Tepee,806 221,EXPERT Tepee VF3V_,EXPERT Kasten VF3A_, VF3U_, VF3X_,EXPERT Kasten 222,206 Stufenheck,206 Van,EXPERT 224,EXPERT Pritsche\/Fahrgestell 223,EXPERT Pritsche\/Fahrgestell; TOYOTA: AYGO WNB1_, KGB1_,AURIS NRE15_, ZZE15_, ADE15_, ZRE15_, NDE15_,PRIUS Liftback NHW20_,COROLLA Verso ZDE12_, CDE12_; HYUNDAI: TRAJET FO,H-1 Kasten,H-1 \/ STAREX; CITRO\u00cbN: C1 PM_, PN_,XSARA PICASSO N68,C5 I DC_,C5 I Break DE_,JUMPY,JUMPY Kasten,EVASION 22, U6,JUMPY U6U,JUMPY Pritsche\/Fahrgestell; NISSAN: ALMERA TINO V10; MAZDA: 5 CR19,CX-7 ER,5 CW; KIA: CARENS III UN,CARNIVAL \/ GRAND CARNIVAL III VQ; Tuulilasinpyyhkimet,Pyyhkij\u00e4t,Pyyhkij\u00e4nsulka<\/p>\n","protected":false},"excerpt":{"rendered":"<p>MAXGEAR Pyyhkij\u00e4nsulat 39-0316 Tuulilasinpyyhkimet,Pyyhkij\u00e4t MERCEDES-BENZ,FORD,FIAT,A-CLASS W168,VANEO 414,TRANSIT MK-7 Kasten,TRANSIT MK-7 Bus<\/p>\n","protected":false},"featured_media":0,"template":"","meta":{"site-sidebar-layout":"default","site-content-layout":"default","ast-global-header-display":"","ast-main-header-display":"","ast-hfb-above-header-display":"","ast-hfb-below-header-display":"","ast-hfb-mobile-header-display":"","site-post-title":"","ast-breadcrumbs-content":"","ast-featured-img":"","footer-sml-layout":"","theme-transparent-header-meta":"","adv-header-id-meta":"","stick-header-meta":"","header-above-stick-meta":"","header-main-stick-meta":"","header-below-stick-meta":""},"pwb-brand":[48],"product_cat":[33],"product_tag":[],"class_list":{"0":"post-6754","1":"product","2":"type-product","3":"status-publish","5":"pwb-brand-maxgear","6":"product_cat-pyyhkijansulat","7":"desktop-align-left","8":"tablet-align-left","9":"mobile-align-left","11":"first","12":"instock","13":"product-type-external"},"brands":[{"id":48,"name":"MAXGEAR","slug":"maxgear"}],"_links":{"self":[{"href":"https:\/\/www.autonvaraosahaku.fi\/index.php?rest_route=\/wp\/v2\/product\/6754","targetHints":{"allow":["GET"]}}],"collection":[{"href":"https:\/\/www.autonvaraosahaku.fi\/index.php?rest_route=\/wp\/v2\/product"}],"about":[{"href":"https:\/\/www.autonvaraosahaku.fi\/index.php?rest_route=\/wp\/v2\/types\/product"}],"wp:attachment":[{"href":"https:\/\/www.autonvaraosahaku.fi\/index.php?rest_route=%2Fwp%2Fv2%2Fmedia&parent=6754"}],"wp:term":[{"taxonomy":"pwb-brand","embeddable":true,"href":"https:\/\/www.autonvaraosahaku.fi\/index.php?rest_route=%2Fwp%2Fv2%2Fpwb-brand&post=6754"},{"taxonomy":"product_cat","embeddable":true,"href":"https:\/\/www.autonvaraosahaku.fi\/index.php?rest_route=%2Fwp%2Fv2%2Fproduct_cat&post=6754"},{"taxonomy":"product_tag","embeddable":true,"href":"https:\/\/www.autonvaraosahaku.fi\/index.php?rest_route=%2Fwp%2Fv2%2Fproduct_tag&post=6754"}],"curies":[{"name":"wp","href":"https:\/\/api.w.org\/{rel}","templated":true}]}}