{"id":67543,"date":"2021-02-21T18:55:02","date_gmt":"2021-02-21T18:55:02","guid":{"rendered":"https:\/\/www.autonvaraosahaku.fi\/?product=trw-gch2649-kasijarruvaijeri"},"modified":"2021-02-21T18:55:05","modified_gmt":"2021-02-21T18:55:05","slug":"trw-gch2649-kasijarruvaijeri","status":"publish","type":"product","link":"https:\/\/www.autonvaraosahaku.fi\/?product=trw-gch2649-kasijarruvaijeri","title":{"rendered":"TRW GCH2649 K\u00e4sijarruvaijeri"},"content":{"rendered":"<p>Pituus (mm): 1585; Tarvittava kappalem\u00e4\u00e4r\u00e4: 2; Jarrutyyppi: Rumpujarru; Osa: Taka osa; Asennuspuoli: hinten links; VW: POLO 9N_,FOX 5Z1, 5Z3,POLO Stufenheck 9A4,TOURAN; SKODA: FABIA Combi 6Y5,FABIA,FABIA 6Y2,FABIA Combi,FABIA Stufenheck 6Y3,FABIA Praktik; SEAT: IBIZA IV 6L1,CORDOBA 6L2; 6Q0609721D, 6Q0609721D, 6Q0609721H, 6Q0609721J, 6Q0609721M, 6Q0609721N, 6Q0609721B, 6Q0609721D, 6Q0609721H, 6Q0609721J, 6Q0609721M, 6Q0609721N, 6Q0609721D, 6Q0609721H, 6Q0609721J, 6Q0609721M, 6Q0609721N; Jarruvaijeri,Vaijeri, K\u00e4sijarru<\/p>\n","protected":false},"excerpt":{"rendered":"<p>TRW K\u00e4sijarruvaijeri GCH2649 Jarruvaijeri,Vaijeri, K\u00e4sijarru VW,SKODA,SEAT,POLO 9N_,FOX 5Z1, 5Z3,POLO Stufenheck 9A4,TOURAN,FABIA Combi 6Y5,FABIA<\/p>\n","protected":false},"featured_media":0,"template":"","meta":{"site-sidebar-layout":"default","site-content-layout":"default","ast-global-header-display":"","ast-main-header-display":"","ast-hfb-above-header-display":"","ast-hfb-below-header-display":"","ast-hfb-mobile-header-display":"","site-post-title":"","ast-breadcrumbs-content":"","ast-featured-img":"","footer-sml-layout":"","theme-transparent-header-meta":"","adv-header-id-meta":"","stick-header-meta":"","header-above-stick-meta":"","header-main-stick-meta":"","header-below-stick-meta":""},"pwb-brand":[332],"product_cat":[210],"product_tag":[],"class_list":{"0":"post-67543","1":"product","2":"type-product","3":"status-publish","5":"pwb-brand-trw","6":"product_cat-kasijarruvaijeri","7":"desktop-align-left","8":"tablet-align-left","9":"mobile-align-left","11":"first","12":"instock","13":"product-type-external"},"brands":[{"id":332,"name":"TRW","slug":"trw"}],"_links":{"self":[{"href":"https:\/\/www.autonvaraosahaku.fi\/index.php?rest_route=\/wp\/v2\/product\/67543","targetHints":{"allow":["GET"]}}],"collection":[{"href":"https:\/\/www.autonvaraosahaku.fi\/index.php?rest_route=\/wp\/v2\/product"}],"about":[{"href":"https:\/\/www.autonvaraosahaku.fi\/index.php?rest_route=\/wp\/v2\/types\/product"}],"wp:attachment":[{"href":"https:\/\/www.autonvaraosahaku.fi\/index.php?rest_route=%2Fwp%2Fv2%2Fmedia&parent=67543"}],"wp:term":[{"taxonomy":"pwb-brand","embeddable":true,"href":"https:\/\/www.autonvaraosahaku.fi\/index.php?rest_route=%2Fwp%2Fv2%2Fpwb-brand&post=67543"},{"taxonomy":"product_cat","embeddable":true,"href":"https:\/\/www.autonvaraosahaku.fi\/index.php?rest_route=%2Fwp%2Fv2%2Fproduct_cat&post=67543"},{"taxonomy":"product_tag","embeddable":true,"href":"https:\/\/www.autonvaraosahaku.fi\/index.php?rest_route=%2Fwp%2Fv2%2Fproduct_tag&post=67543"}],"curies":[{"name":"wp","href":"https:\/\/api.w.org\/{rel}","templated":true}]}}