{"id":6756,"date":"2021-02-21T13:58:11","date_gmt":"2021-02-21T13:58:11","guid":{"rendered":"https:\/\/www.autonvaraosahaku.fi\/?product=maxgear-39-0304-pyyhkijansulat"},"modified":"2021-02-21T13:58:12","modified_gmt":"2021-02-21T13:58:12","slug":"maxgear-39-0304-pyyhkijansulat","status":"publish","type":"product","link":"https:\/\/www.autonvaraosahaku.fi\/?product=maxgear-39-0304-pyyhkijansulat","title":{"rendered":"MAXGEAR 39-0304 Pyyhkij\u00e4nsulat"},"content":{"rendered":"<p>Pituus (mm): 350; Asennuspuoli: Molemminpuolin, beifahrerseitig; M\u00e4\u00e4r\u00e4: 1; Pituus (tuumaa): 14; Sopiva adapteri: A; Lis\u00e4adapteri: R; Paino [kg]: 0,1; VW: GOLF IV 1J1,GOLF III 1H1,GOLF III Variant 1H5,POLO Kasten 86CF,GOLF IV Van 1J1,GOLF III Van 1H1; AUDI: A3 8L1,A4 Avant 8D5, B5; MERCEDES-BENZ: A-CLASS W168,VITO Bus W639,VITO \/ MIXTO Kasten W639; BMW: 5 Touring E61,3 Touring E36; OPEL: CORSA B 73_, 78_, 79_,AGILA A H00,OMEGA B Caravan 21_, 22_, 23_,VECTRA B Caravan 31_,COMBO Kasten\/Kombi,COMBO Tour,OMEGA A Caravan 66_, 67_,MONTEREY A UBS_,CORSA B Kasten 73_,KADETT E Caravan 35_, 36_, 45_, 46_,KADETT E Kasten 37_, 47_,KADETT E Combo 38_, 48_; FORD: FOCUS DAW, DBW,S-MAX WA6,MONDEO II Kombi BNP,TRANSIT CONNECT P65_, P70_, P80_,TOURNEO CONNECT,MONDEO I Kombi BNP,ESCORT VII Kombi GAL, ANL,SIERRA Kombi BNG,ESCORT VI Kombi GAL,ESCORT CLASSIC Turnier ANL,ESCORT V Kombi GAL, AVL; RENAULT: MEGANE I Grandtour KA0\/1_,LAGUNA I Grandtour K56_; FIAT: SEDICI,UNO 146A\/E,UNO Kasten 146; SKODA: OCTAVIA Combi 1U5; PEUGEOT: PARTNER Combispace 5F,PARTNER Kasten 5,405 II Break 4E,405 I Break 15E,PARTNER Pritsche\/Fahrgestell; Tuulilasinpyyhkimet,Pyyhkij\u00e4t,Pyyhkij\u00e4nsulka<\/p>\n","protected":false},"excerpt":{"rendered":"<p>MAXGEAR Pyyhkij\u00e4nsulat 39-0304 Tuulilasinpyyhkimet,Pyyhkij\u00e4t VW,AUDI,MERCEDES-BENZ,GOLF IV 1J1,GOLF III 1H1,GOLF III Variant 1H5,POLO Kasten 86CF<\/p>\n","protected":false},"featured_media":0,"template":"","meta":{"site-sidebar-layout":"default","site-content-layout":"default","ast-global-header-display":"","ast-main-header-display":"","ast-hfb-above-header-display":"","ast-hfb-below-header-display":"","ast-hfb-mobile-header-display":"","site-post-title":"","ast-breadcrumbs-content":"","ast-featured-img":"","footer-sml-layout":"","theme-transparent-header-meta":"","adv-header-id-meta":"","stick-header-meta":"","header-above-stick-meta":"","header-main-stick-meta":"","header-below-stick-meta":""},"pwb-brand":[48],"product_cat":[33],"product_tag":[],"class_list":{"0":"post-6756","1":"product","2":"type-product","3":"status-publish","5":"pwb-brand-maxgear","6":"product_cat-pyyhkijansulat","7":"desktop-align-left","8":"tablet-align-left","9":"mobile-align-left","11":"first","12":"instock","13":"product-type-external"},"brands":[{"id":48,"name":"MAXGEAR","slug":"maxgear"}],"_links":{"self":[{"href":"https:\/\/www.autonvaraosahaku.fi\/index.php?rest_route=\/wp\/v2\/product\/6756","targetHints":{"allow":["GET"]}}],"collection":[{"href":"https:\/\/www.autonvaraosahaku.fi\/index.php?rest_route=\/wp\/v2\/product"}],"about":[{"href":"https:\/\/www.autonvaraosahaku.fi\/index.php?rest_route=\/wp\/v2\/types\/product"}],"wp:attachment":[{"href":"https:\/\/www.autonvaraosahaku.fi\/index.php?rest_route=%2Fwp%2Fv2%2Fmedia&parent=6756"}],"wp:term":[{"taxonomy":"pwb-brand","embeddable":true,"href":"https:\/\/www.autonvaraosahaku.fi\/index.php?rest_route=%2Fwp%2Fv2%2Fpwb-brand&post=6756"},{"taxonomy":"product_cat","embeddable":true,"href":"https:\/\/www.autonvaraosahaku.fi\/index.php?rest_route=%2Fwp%2Fv2%2Fproduct_cat&post=6756"},{"taxonomy":"product_tag","embeddable":true,"href":"https:\/\/www.autonvaraosahaku.fi\/index.php?rest_route=%2Fwp%2Fv2%2Fproduct_tag&post=6756"}],"curies":[{"name":"wp","href":"https:\/\/api.w.org\/{rel}","templated":true}]}}