{"id":67569,"date":"2021-02-21T18:55:07","date_gmt":"2021-02-21T18:55:07","guid":{"rendered":"https:\/\/www.autonvaraosahaku.fi\/?product=mapco-4867-jarrusatula"},"modified":"2021-02-21T18:55:11","modified_gmt":"2021-02-21T18:55:11","slug":"mapco-4867-jarrusatula","status":"publish","type":"product","link":"https:\/\/www.autonvaraosahaku.fi\/?product=mapco-4867-jarrusatula","title":{"rendered":"MAPCO 4867 Jarrusatula"},"content":{"rendered":"<p>Asennuspuoli: Etuakseli, oikea; L\u00e4pimitta [mm]: 48; Jarrusatulatyyppi: Jarrusatula; Jarruj\u00e4rjestelm\u00e4: ATE; parilliset tuotenumerot: 4866, 4866; Valmistusvuosi alkaen: 07\/1979; VW: GOLF III 1H1,GOLF II 19E, 1G1,GOLF I Cabriolet 155,GOLF III Variant 1H5,POLO Coupe 86C, 80,PASSAT 3A2, 35I,SCIROCCO 53B,VENTO 1H2,GOLF I 17,CADDY I 14,JETTA II 19E, 1G2, 165,PASSAT Variant 32B,PASSAT 32B,SCIROCCO 53,JETTA I 16,PASSAT 32,PASSAT Stufenheck 32B,PASSAT Variant 33,SANTANA 32B; SEAT: IBIZA II 6K1,CORDOBA 6K1, 6K2,TOLEDO I 1L<\/p>\n","protected":false},"excerpt":{"rendered":"<p>MAPCO Jarrusatula 4867  VW,SEAT,GOLF III 1H1,GOLF II 19E, 1G1,GOLF I Cabriolet 155,GOLF III Variant 1H5,POLO Coupe 86C, 80,PASSAT 3A2, 35I<\/p>\n","protected":false},"featured_media":0,"template":"","meta":{"site-sidebar-layout":"default","site-content-layout":"default","ast-global-header-display":"","ast-main-header-display":"","ast-hfb-above-header-display":"","ast-hfb-below-header-display":"","ast-hfb-mobile-header-display":"","site-post-title":"","ast-breadcrumbs-content":"","ast-featured-img":"","footer-sml-layout":"","theme-transparent-header-meta":"","adv-header-id-meta":"","stick-header-meta":"","header-above-stick-meta":"","header-main-stick-meta":"","header-below-stick-meta":""},"pwb-brand":[36],"product_cat":[177],"product_tag":[],"class_list":{"0":"post-67569","1":"product","2":"type-product","3":"status-publish","5":"pwb-brand-mapco","6":"product_cat-jarrusatula","7":"desktop-align-left","8":"tablet-align-left","9":"mobile-align-left","11":"first","12":"instock","13":"product-type-external"},"brands":[{"id":36,"name":"MAPCO","slug":"mapco"}],"_links":{"self":[{"href":"https:\/\/www.autonvaraosahaku.fi\/index.php?rest_route=\/wp\/v2\/product\/67569","targetHints":{"allow":["GET"]}}],"collection":[{"href":"https:\/\/www.autonvaraosahaku.fi\/index.php?rest_route=\/wp\/v2\/product"}],"about":[{"href":"https:\/\/www.autonvaraosahaku.fi\/index.php?rest_route=\/wp\/v2\/types\/product"}],"wp:attachment":[{"href":"https:\/\/www.autonvaraosahaku.fi\/index.php?rest_route=%2Fwp%2Fv2%2Fmedia&parent=67569"}],"wp:term":[{"taxonomy":"pwb-brand","embeddable":true,"href":"https:\/\/www.autonvaraosahaku.fi\/index.php?rest_route=%2Fwp%2Fv2%2Fpwb-brand&post=67569"},{"taxonomy":"product_cat","embeddable":true,"href":"https:\/\/www.autonvaraosahaku.fi\/index.php?rest_route=%2Fwp%2Fv2%2Fproduct_cat&post=67569"},{"taxonomy":"product_tag","embeddable":true,"href":"https:\/\/www.autonvaraosahaku.fi\/index.php?rest_route=%2Fwp%2Fv2%2Fproduct_tag&post=67569"}],"curies":[{"name":"wp","href":"https:\/\/api.w.org\/{rel}","templated":true}]}}