{"id":6757,"date":"2021-02-21T13:58:11","date_gmt":"2021-02-21T13:58:11","guid":{"rendered":"https:\/\/www.autonvaraosahaku.fi\/?product=maxgear-39-0301-pyyhkijansulat"},"modified":"2021-02-21T13:58:12","modified_gmt":"2021-02-21T13:58:12","slug":"maxgear-39-0301-pyyhkijansulat","status":"publish","type":"product","link":"https:\/\/www.autonvaraosahaku.fi\/?product=maxgear-39-0301-pyyhkijansulat","title":{"rendered":"MAXGEAR 39-0301 Pyyhkij\u00e4nsulat"},"content":{"rendered":"<p>Asennuspuoli: Edess\u00e4, hinten; Pituus (mm): 300; VW: POLO 86C, 80,POLO Kasten 86CF; BMW: Z3 Coupe E36; FORD: FOCUS II Kombi DA_,FOCUS C-MAX,C-MAX DM2,ECOSPORT; FIAT: ELBA 146_; NISSAN: JUKE F15,TERRANO II R20,PATROL Hardtop K160,PULSAR V Schr\u00e4gheck N14,SUNNY III Liftback N14,PATROL Station Wagon W160,TERRANO Van R20; MAZDA: TRIBUTE EP; HONDA: CR-V II RD_,CR-V I RD; MITSUBISHI: COLT VI Z3_A, Z2_A,COLT CZC Cabriolet RG; SUZUKI: JIMNY FJ,IGNIS FH,IGNIS II,WAGON R+ EM,BALENO Kombi EG,JIMNY Gel\u00e4ndewagen offen SN; SUBARU: JUSTY III G3X; Tuulilasinpyyhkimet,Pyyhkij\u00e4t,Pyyhkij\u00e4nsulka<\/p>\n","protected":false},"excerpt":{"rendered":"<p>MAXGEAR Pyyhkij\u00e4nsulat 39-0301 Tuulilasinpyyhkimet,Pyyhkij\u00e4t VW,BMW,FORD,POLO 86C, 80,POLO Kasten 86CF,Z3 Coupe E36,FOCUS II Kombi DA_,FOCUS C-MAX<\/p>\n","protected":false},"featured_media":0,"template":"","meta":{"site-sidebar-layout":"default","site-content-layout":"default","ast-global-header-display":"","ast-main-header-display":"","ast-hfb-above-header-display":"","ast-hfb-below-header-display":"","ast-hfb-mobile-header-display":"","site-post-title":"","ast-breadcrumbs-content":"","ast-featured-img":"","footer-sml-layout":"","theme-transparent-header-meta":"","adv-header-id-meta":"","stick-header-meta":"","header-above-stick-meta":"","header-main-stick-meta":"","header-below-stick-meta":""},"pwb-brand":[48],"product_cat":[33],"product_tag":[],"class_list":{"0":"post-6757","1":"product","2":"type-product","3":"status-publish","5":"pwb-brand-maxgear","6":"product_cat-pyyhkijansulat","7":"desktop-align-left","8":"tablet-align-left","9":"mobile-align-left","11":"first","12":"instock","13":"product-type-external"},"brands":[{"id":48,"name":"MAXGEAR","slug":"maxgear"}],"_links":{"self":[{"href":"https:\/\/www.autonvaraosahaku.fi\/index.php?rest_route=\/wp\/v2\/product\/6757","targetHints":{"allow":["GET"]}}],"collection":[{"href":"https:\/\/www.autonvaraosahaku.fi\/index.php?rest_route=\/wp\/v2\/product"}],"about":[{"href":"https:\/\/www.autonvaraosahaku.fi\/index.php?rest_route=\/wp\/v2\/types\/product"}],"wp:attachment":[{"href":"https:\/\/www.autonvaraosahaku.fi\/index.php?rest_route=%2Fwp%2Fv2%2Fmedia&parent=6757"}],"wp:term":[{"taxonomy":"pwb-brand","embeddable":true,"href":"https:\/\/www.autonvaraosahaku.fi\/index.php?rest_route=%2Fwp%2Fv2%2Fpwb-brand&post=6757"},{"taxonomy":"product_cat","embeddable":true,"href":"https:\/\/www.autonvaraosahaku.fi\/index.php?rest_route=%2Fwp%2Fv2%2Fproduct_cat&post=6757"},{"taxonomy":"product_tag","embeddable":true,"href":"https:\/\/www.autonvaraosahaku.fi\/index.php?rest_route=%2Fwp%2Fv2%2Fproduct_tag&post=6757"}],"curies":[{"name":"wp","href":"https:\/\/api.w.org\/{rel}","templated":true}]}}