{"id":67573,"date":"2021-02-21T18:55:12","date_gmt":"2021-02-21T18:55:12","guid":{"rendered":"https:\/\/www.autonvaraosahaku.fi\/?product=mapco-37837-kallistuksenvakaajan-puslat"},"modified":"2021-02-21T18:55:13","modified_gmt":"2021-02-21T18:55:13","slug":"mapco-37837-kallistuksenvakaajan-puslat","status":"publish","type":"product","link":"https:\/\/www.autonvaraosahaku.fi\/?product=mapco-37837-kallistuksenvakaajan-puslat","title":{"rendered":"MAPCO 37837 Kallistuksenvakaajan puslat"},"content":{"rendered":"<p>Kiinnitysmalli: Kumilaakeri; Asennuspuoli: etuakseli molemminpuoleinen; Sis\u00e4l\u00e4pimitta [mm]: 24; Tarvittava kappalem\u00e4\u00e4r\u00e4: 2; Alustanumeroon: E 074955; MERCEDES-BENZ: VIANO W639,VITO Bus W639,VITO \/ MIXTO Kasten W639,SPRINTER 3,5-t Kasten 906,VITO Bus 638,SPRINTER 3,5-t Bus 906,V-CLASS 638\/2,SPRINTER 3,5-t Pritsche\/Fahrgestell 906,VITO Kasten 638; 6383230285; Kallistuksenvakaajan Kumit,Vakaajan Hela<\/p>\n","protected":false},"excerpt":{"rendered":"<p>MAPCO Kallistuksenvakaajan Puslat 37837 Kallistuksenvakaajan Kumit,Vakaajan Hela MERCEDES-BENZ,VIANO W639,VITO Bus W639,VITO \/ MIXTO Kasten W639<\/p>\n","protected":false},"featured_media":0,"template":"","meta":{"site-sidebar-layout":"default","site-content-layout":"default","ast-global-header-display":"","ast-main-header-display":"","ast-hfb-above-header-display":"","ast-hfb-below-header-display":"","ast-hfb-mobile-header-display":"","site-post-title":"","ast-breadcrumbs-content":"","ast-featured-img":"","footer-sml-layout":"","theme-transparent-header-meta":"","adv-header-id-meta":"","stick-header-meta":"","header-above-stick-meta":"","header-main-stick-meta":"","header-below-stick-meta":""},"pwb-brand":[36],"product_cat":[82],"product_tag":[],"class_list":{"0":"post-67573","1":"product","2":"type-product","3":"status-publish","5":"pwb-brand-mapco","6":"product_cat-kallistuksenvakaajan-puslat","7":"desktop-align-left","8":"tablet-align-left","9":"mobile-align-left","11":"first","12":"instock","13":"product-type-external"},"brands":[{"id":36,"name":"MAPCO","slug":"mapco"}],"_links":{"self":[{"href":"https:\/\/www.autonvaraosahaku.fi\/index.php?rest_route=\/wp\/v2\/product\/67573","targetHints":{"allow":["GET"]}}],"collection":[{"href":"https:\/\/www.autonvaraosahaku.fi\/index.php?rest_route=\/wp\/v2\/product"}],"about":[{"href":"https:\/\/www.autonvaraosahaku.fi\/index.php?rest_route=\/wp\/v2\/types\/product"}],"wp:attachment":[{"href":"https:\/\/www.autonvaraosahaku.fi\/index.php?rest_route=%2Fwp%2Fv2%2Fmedia&parent=67573"}],"wp:term":[{"taxonomy":"pwb-brand","embeddable":true,"href":"https:\/\/www.autonvaraosahaku.fi\/index.php?rest_route=%2Fwp%2Fv2%2Fpwb-brand&post=67573"},{"taxonomy":"product_cat","embeddable":true,"href":"https:\/\/www.autonvaraosahaku.fi\/index.php?rest_route=%2Fwp%2Fv2%2Fproduct_cat&post=67573"},{"taxonomy":"product_tag","embeddable":true,"href":"https:\/\/www.autonvaraosahaku.fi\/index.php?rest_route=%2Fwp%2Fv2%2Fproduct_tag&post=67573"}],"curies":[{"name":"wp","href":"https:\/\/api.w.org\/{rel}","templated":true}]}}