{"id":67579,"date":"2021-02-21T18:55:12","date_gmt":"2021-02-21T18:55:12","guid":{"rendered":"https:\/\/www.autonvaraosahaku.fi\/?product=meyle-025-216-9117-jarrupalat"},"modified":"2021-02-21T18:55:14","modified_gmt":"2021-02-21T18:55:14","slug":"meyle-025-216-9117-jarrupalat","status":"publish","type":"product","link":"https:\/\/www.autonvaraosahaku.fi\/?product=meyle-025-216-9117-jarrupalat","title":{"rendered":"MEYLE 025 216 9117 Jarrupalat"},"content":{"rendered":"<p>Asennuspuoli: Taka-akseli; Leveys (mm): 123,2; Korkeus (mm): 44,9; Paksuus [mm]: 17,3; Kulumisenilmaisimen liitos: Kulumisenilmaisemelle; Jarruj\u00e4rjestelm\u00e4: ATE; Korvaava tuote\/korvaava tiedote 2: Huudonvaimennuspellill\u00e4; M\u00e4\u00e4r\u00e4yksikk\u00f6: Akselisarja; lis\u00e4tieto: ORIGINAL Quality; BMW: 5 E39,5 Touring E39; 34211163395, 34216761281; Jarrupalasarja,Jarrupala, Levyjarru<\/p>\n","protected":false},"excerpt":{"rendered":"<p>MEYLE Jarrupalat 025 216 9117 Jarrupalasarja,Jarrupala, Levyjarru BMW,5 E39,5 Touring E39<\/p>\n","protected":false},"featured_media":0,"template":"","meta":{"site-sidebar-layout":"default","site-content-layout":"default","ast-global-header-display":"","ast-main-header-display":"","ast-hfb-above-header-display":"","ast-hfb-below-header-display":"","ast-hfb-mobile-header-display":"","site-post-title":"","ast-breadcrumbs-content":"","ast-featured-img":"","footer-sml-layout":"","theme-transparent-header-meta":"","adv-header-id-meta":"","stick-header-meta":"","header-above-stick-meta":"","header-main-stick-meta":"","header-below-stick-meta":""},"pwb-brand":[84],"product_cat":[100],"product_tag":[],"class_list":{"0":"post-67579","1":"product","2":"type-product","3":"status-publish","5":"pwb-brand-meyle","6":"product_cat-jarrupalat","7":"desktop-align-left","8":"tablet-align-left","9":"mobile-align-left","11":"first","12":"instock","13":"product-type-external"},"brands":[{"id":84,"name":"MEYLE","slug":"meyle"}],"_links":{"self":[{"href":"https:\/\/www.autonvaraosahaku.fi\/index.php?rest_route=\/wp\/v2\/product\/67579","targetHints":{"allow":["GET"]}}],"collection":[{"href":"https:\/\/www.autonvaraosahaku.fi\/index.php?rest_route=\/wp\/v2\/product"}],"about":[{"href":"https:\/\/www.autonvaraosahaku.fi\/index.php?rest_route=\/wp\/v2\/types\/product"}],"wp:attachment":[{"href":"https:\/\/www.autonvaraosahaku.fi\/index.php?rest_route=%2Fwp%2Fv2%2Fmedia&parent=67579"}],"wp:term":[{"taxonomy":"pwb-brand","embeddable":true,"href":"https:\/\/www.autonvaraosahaku.fi\/index.php?rest_route=%2Fwp%2Fv2%2Fpwb-brand&post=67579"},{"taxonomy":"product_cat","embeddable":true,"href":"https:\/\/www.autonvaraosahaku.fi\/index.php?rest_route=%2Fwp%2Fv2%2Fproduct_cat&post=67579"},{"taxonomy":"product_tag","embeddable":true,"href":"https:\/\/www.autonvaraosahaku.fi\/index.php?rest_route=%2Fwp%2Fv2%2Fproduct_tag&post=67579"}],"curies":[{"name":"wp","href":"https:\/\/api.w.org\/{rel}","templated":true}]}}