{"id":6758,"date":"2021-02-21T13:58:11","date_gmt":"2021-02-21T13:58:11","guid":{"rendered":"https:\/\/www.autonvaraosahaku.fi\/?product=maxgear-39-0300-pyyhkijansulat"},"modified":"2021-02-21T13:58:13","modified_gmt":"2021-02-21T13:58:13","slug":"maxgear-39-0300-pyyhkijansulat","status":"publish","type":"product","link":"https:\/\/www.autonvaraosahaku.fi\/?product=maxgear-39-0300-pyyhkijansulat","title":{"rendered":"MAXGEAR 39-0300 Pyyhkij\u00e4nsulat"},"content":{"rendered":"<p>Pituus (mm): 280; Asennuspuoli: Molemminpuolin, hinten; M\u00e4\u00e4r\u00e4: 1; Pituus (tuumaa): 11; Sopiva adapteri: J + R; Lis\u00e4adapteri: J + R; Paino [kg]: 0,088; VW: POLO 86C, 80,KAEFER,POLO CLASSIC 86C, 80; FORD: FOCUS II Kombi DA_,C-MAX DM2; RENAULT: 4 112_,4 Kasten R21_, R23_; FIAT: CINQUECENTO 170; NISSAN: TERRANO II R20,TERRANO Van R20; MITSUBISHI: COLT VI Z3_A, Z2_A; SUZUKI: SAMURAI SJ,LIANA Schr\u00e4gheck,ALTO HA24,SAMURAI Gel\u00e4ndewagen offen SJ; JEEP: CHEROKEE KK; DAIHATSU: CHARADE III G100, G101, G102; DAEWOO: KORANDO KJ; Tuulilasinpyyhkimet,Pyyhkij\u00e4t,Pyyhkij\u00e4nsulka<\/p>\n","protected":false},"excerpt":{"rendered":"<p>MAXGEAR Pyyhkij\u00e4nsulat 39-0300 Tuulilasinpyyhkimet,Pyyhkij\u00e4t VW,FORD,RENAULT,POLO 86C, 80,KAEFER,POLO CLASSIC 86C, 80,FOCUS II Kombi DA_,C-MAX DM2<\/p>\n","protected":false},"featured_media":0,"template":"","meta":{"site-sidebar-layout":"default","site-content-layout":"default","ast-global-header-display":"","ast-main-header-display":"","ast-hfb-above-header-display":"","ast-hfb-below-header-display":"","ast-hfb-mobile-header-display":"","site-post-title":"","ast-breadcrumbs-content":"","ast-featured-img":"","footer-sml-layout":"","theme-transparent-header-meta":"","adv-header-id-meta":"","stick-header-meta":"","header-above-stick-meta":"","header-main-stick-meta":"","header-below-stick-meta":""},"pwb-brand":[48],"product_cat":[33],"product_tag":[],"class_list":{"0":"post-6758","1":"product","2":"type-product","3":"status-publish","5":"pwb-brand-maxgear","6":"product_cat-pyyhkijansulat","7":"desktop-align-left","8":"tablet-align-left","9":"mobile-align-left","11":"first","12":"instock","13":"product-type-external"},"brands":[{"id":48,"name":"MAXGEAR","slug":"maxgear"}],"_links":{"self":[{"href":"https:\/\/www.autonvaraosahaku.fi\/index.php?rest_route=\/wp\/v2\/product\/6758","targetHints":{"allow":["GET"]}}],"collection":[{"href":"https:\/\/www.autonvaraosahaku.fi\/index.php?rest_route=\/wp\/v2\/product"}],"about":[{"href":"https:\/\/www.autonvaraosahaku.fi\/index.php?rest_route=\/wp\/v2\/types\/product"}],"wp:attachment":[{"href":"https:\/\/www.autonvaraosahaku.fi\/index.php?rest_route=%2Fwp%2Fv2%2Fmedia&parent=6758"}],"wp:term":[{"taxonomy":"pwb-brand","embeddable":true,"href":"https:\/\/www.autonvaraosahaku.fi\/index.php?rest_route=%2Fwp%2Fv2%2Fpwb-brand&post=6758"},{"taxonomy":"product_cat","embeddable":true,"href":"https:\/\/www.autonvaraosahaku.fi\/index.php?rest_route=%2Fwp%2Fv2%2Fproduct_cat&post=6758"},{"taxonomy":"product_tag","embeddable":true,"href":"https:\/\/www.autonvaraosahaku.fi\/index.php?rest_route=%2Fwp%2Fv2%2Fproduct_tag&post=6758"}],"curies":[{"name":"wp","href":"https:\/\/api.w.org\/{rel}","templated":true}]}}