{"id":67596,"date":"2021-02-21T18:55:20","date_gmt":"2021-02-21T18:55:20","guid":{"rendered":"https:\/\/www.autonvaraosahaku.fi\/?product=corteco-20026695b-nokka-akselin-tiiviste"},"modified":"2021-02-21T18:55:21","modified_gmt":"2021-02-21T18:55:21","slug":"corteco-20026695b-nokka-akselin-tiiviste","status":"publish","type":"product","link":"https:\/\/www.autonvaraosahaku.fi\/?product=corteco-20026695b-nokka-akselin-tiiviste","title":{"rendered":"CORTECO 20026695B Nokka akselin tiiviste"},"content":{"rendered":"<p>Sis\u00e4l\u00e4pimitta 1 [mm]: 51; Ulkol\u00e4pimitta 1 [mm]: 65; Korkeus 1 (mm): 7; Materiaali: FPM (fluori-kumi)\/APM (polyakryyli-kumi); Rihlamalli: Oikea kierre; Suojavaippa: Suojakumilla; Asennuspuoli: vorne; VOLVO: V40 Kombi VW,V70 II SW,V50 MW,XC90 I,V70 I LV,S60 I,C30,S80 I TS, XY,S40 II MS,XC70 CROSS COUNTRY,S40 I VS,C70 II Cabriolet,S80 II AS,C70 I Cabriolet,C70 I Coupe,S70 LS; FORD: MONDEO IV Turnier BA7,FOCUS II DA_,S-MAX WA6,KUGA I,MONDEO IV BA7,MONDEO IV Stufenheck BA7; 1371718, 9458309; Akselitiiviste, Nokka-Akseli<\/p>\n","protected":false},"excerpt":{"rendered":"<p>CORTECO Nokka Akselin Tiiviste 20026695B Akselitiiviste, Nokka-Akseli VOLVO,FORD,V40 Kombi VW,V70 II SW,V50 MW,XC90 I,V70 I LV,S60 I,C30,S80 I TS, XY<\/p>\n","protected":false},"featured_media":0,"template":"","meta":{"site-sidebar-layout":"default","site-content-layout":"default","ast-global-header-display":"","ast-main-header-display":"","ast-hfb-above-header-display":"","ast-hfb-below-header-display":"","ast-hfb-mobile-header-display":"","site-post-title":"","ast-breadcrumbs-content":"","ast-featured-img":"","footer-sml-layout":"","theme-transparent-header-meta":"","adv-header-id-meta":"","stick-header-meta":"","header-above-stick-meta":"","header-main-stick-meta":"","header-below-stick-meta":""},"pwb-brand":[53],"product_cat":[122],"product_tag":[],"class_list":{"0":"post-67596","1":"product","2":"type-product","3":"status-publish","5":"pwb-brand-corteco","6":"product_cat-nokka-akselin-tiiviste","7":"desktop-align-left","8":"tablet-align-left","9":"mobile-align-left","11":"first","12":"instock","13":"product-type-external"},"brands":[{"id":53,"name":"CORTECO","slug":"corteco"}],"_links":{"self":[{"href":"https:\/\/www.autonvaraosahaku.fi\/index.php?rest_route=\/wp\/v2\/product\/67596","targetHints":{"allow":["GET"]}}],"collection":[{"href":"https:\/\/www.autonvaraosahaku.fi\/index.php?rest_route=\/wp\/v2\/product"}],"about":[{"href":"https:\/\/www.autonvaraosahaku.fi\/index.php?rest_route=\/wp\/v2\/types\/product"}],"wp:attachment":[{"href":"https:\/\/www.autonvaraosahaku.fi\/index.php?rest_route=%2Fwp%2Fv2%2Fmedia&parent=67596"}],"wp:term":[{"taxonomy":"pwb-brand","embeddable":true,"href":"https:\/\/www.autonvaraosahaku.fi\/index.php?rest_route=%2Fwp%2Fv2%2Fpwb-brand&post=67596"},{"taxonomy":"product_cat","embeddable":true,"href":"https:\/\/www.autonvaraosahaku.fi\/index.php?rest_route=%2Fwp%2Fv2%2Fproduct_cat&post=67596"},{"taxonomy":"product_tag","embeddable":true,"href":"https:\/\/www.autonvaraosahaku.fi\/index.php?rest_route=%2Fwp%2Fv2%2Fproduct_tag&post=67596"}],"curies":[{"name":"wp","href":"https:\/\/api.w.org\/{rel}","templated":true}]}}