{"id":67614,"date":"2021-02-21T18:55:25","date_gmt":"2021-02-21T18:55:25","guid":{"rendered":"https:\/\/www.autonvaraosahaku.fi\/?product=febi-bilstein-34626-iskunvaimentimen-tukilaakeri"},"modified":"2021-02-21T18:55:26","modified_gmt":"2021-02-21T18:55:26","slug":"febi-bilstein-34626-iskunvaimentimen-tukilaakeri","status":"publish","type":"product","link":"https:\/\/www.autonvaraosahaku.fi\/?product=febi-bilstein-34626-iskunvaimentimen-tukilaakeri","title":{"rendered":"FEBI BILSTEIN 34626 Iskunvaimentimen tukilaakeri"},"content":{"rendered":"<p>Paksuus [mm]: 12,5; Sis\u00e4l\u00e4pimitta [mm]: 62,0; Ulkol\u00e4pimitta [mm]: 85,0; V\u00e4ri: Keltainen, Musta; Laakerityyppi: Vierint\u00e4laakeri; Asennuspuoli: etuakseli molemminpuoleinen, Yl\u00e4puolella; Paino [kg]: 0,100, 0,100; Jarru-\/ajodynamiikka: f\u00fcr Fahrzeuge mit EDC; BMW: 5 E39,5 E60,5 Touring E61,5 Touring E39,3 Coupe E46,X5 E53,3 Cabriolet E46,7 E38,Z4 E85,7 E65, E66, E67,6 E63,Z4 Coupe E86,6 Cabriolet E64,Z8 E52; 31331090612, 31331090612SK, 31331090613<\/p>\n","protected":false},"excerpt":{"rendered":"<p>FEBI BILSTEIN Rullalaakeri, Jousijalkalaakeri 34626  BMW,5 E39,5 E60,5 Touring E61,5 Touring E39,3 Coupe E46,X5 E53,3 Cabriolet E46,7 E38,Z4 E85<\/p>\n","protected":false},"featured_media":0,"template":"","meta":{"site-sidebar-layout":"default","site-content-layout":"default","ast-global-header-display":"","ast-main-header-display":"","ast-hfb-above-header-display":"","ast-hfb-below-header-display":"","ast-hfb-mobile-header-display":"","site-post-title":"","ast-breadcrumbs-content":"","ast-featured-img":"","footer-sml-layout":"","theme-transparent-header-meta":"","adv-header-id-meta":"","stick-header-meta":"","header-above-stick-meta":"","header-main-stick-meta":"","header-below-stick-meta":""},"pwb-brand":[50],"product_cat":[106],"product_tag":[],"class_list":{"0":"post-67614","1":"product","2":"type-product","3":"status-publish","5":"pwb-brand-febi-bilstein","6":"product_cat-iskunvaimentimen-tukilaakeri","7":"desktop-align-left","8":"tablet-align-left","9":"mobile-align-left","11":"first","12":"instock","13":"product-type-external"},"brands":[{"id":50,"name":"FEBI BILSTEIN","slug":"febi-bilstein"}],"_links":{"self":[{"href":"https:\/\/www.autonvaraosahaku.fi\/index.php?rest_route=\/wp\/v2\/product\/67614","targetHints":{"allow":["GET"]}}],"collection":[{"href":"https:\/\/www.autonvaraosahaku.fi\/index.php?rest_route=\/wp\/v2\/product"}],"about":[{"href":"https:\/\/www.autonvaraosahaku.fi\/index.php?rest_route=\/wp\/v2\/types\/product"}],"wp:attachment":[{"href":"https:\/\/www.autonvaraosahaku.fi\/index.php?rest_route=%2Fwp%2Fv2%2Fmedia&parent=67614"}],"wp:term":[{"taxonomy":"pwb-brand","embeddable":true,"href":"https:\/\/www.autonvaraosahaku.fi\/index.php?rest_route=%2Fwp%2Fv2%2Fpwb-brand&post=67614"},{"taxonomy":"product_cat","embeddable":true,"href":"https:\/\/www.autonvaraosahaku.fi\/index.php?rest_route=%2Fwp%2Fv2%2Fproduct_cat&post=67614"},{"taxonomy":"product_tag","embeddable":true,"href":"https:\/\/www.autonvaraosahaku.fi\/index.php?rest_route=%2Fwp%2Fv2%2Fproduct_tag&post=67614"}],"curies":[{"name":"wp","href":"https:\/\/api.w.org\/{rel}","templated":true}]}}