{"id":67618,"date":"2021-02-21T18:55:25","date_gmt":"2021-02-21T18:55:25","guid":{"rendered":"https:\/\/www.autonvaraosahaku.fi\/?product=lpr-6706-jarrupaasylinteri"},"modified":"2021-02-21T18:55:27","modified_gmt":"2021-02-21T18:55:27","slug":"lpr-6706-jarrupaasylinteri","status":"publish","type":"product","link":"https:\/\/www.autonvaraosahaku.fi\/?product=lpr-6706-jarrupaasylinteri","title":{"rendered":"LPR 6706 Jarrup\u00e4\u00e4sylinteri"},"content":{"rendered":"<p>Materiaali: Valurauta, Valurauta; Kierremitta: 10 x 1,25 (3); Reik\u00e4-\u00d8 [mm]: 19,05; Jarruj\u00e4rjestelm\u00e4: Bendix; Jarrut: f\u00fcr Fahrzeuge mit Duplexbremse; SEAT: 127 127A,124,131,124 Kombi,132; LADA: 1200-1600,1200-1500 Kombi,NOVA 2105,NOVA Kombi 2104; FIAT: 124 Spider,124 Coupe,124,124 Familiare; 4184518, 4188357, 4231435, 4341780, 4373350, 4373679, 4373680, 4395137, 793289, 793290, 793298, 210103505009, 21013505008, 4188357, 4373680, FA16810202<\/p>\n","protected":false},"excerpt":{"rendered":"<p>LPR Jarrup\u00e4\u00e4sylinteri 6706  SEAT,LADA,FIAT,127 127A,124,131,124 Kombi,132,1200-1600,1200-1500 Kombi,NOVA 2105,NOVA Kombi 2104,124 Spider,124 Coupe,124<\/p>\n","protected":false},"featured_media":0,"template":"","meta":{"site-sidebar-layout":"default","site-content-layout":"default","ast-global-header-display":"","ast-main-header-display":"","ast-hfb-above-header-display":"","ast-hfb-below-header-display":"","ast-hfb-mobile-header-display":"","site-post-title":"","ast-breadcrumbs-content":"","ast-featured-img":"","footer-sml-layout":"","theme-transparent-header-meta":"","adv-header-id-meta":"","stick-header-meta":"","header-above-stick-meta":"","header-main-stick-meta":"","header-below-stick-meta":""},"pwb-brand":[238],"product_cat":[276],"product_tag":[],"class_list":{"0":"post-67618","1":"product","2":"type-product","3":"status-publish","5":"pwb-brand-lpr","6":"product_cat-jarrupaasylinteri","7":"desktop-align-left","8":"tablet-align-left","9":"mobile-align-left","11":"first","12":"instock","13":"product-type-external"},"brands":[{"id":238,"name":"LPR","slug":"lpr"}],"_links":{"self":[{"href":"https:\/\/www.autonvaraosahaku.fi\/index.php?rest_route=\/wp\/v2\/product\/67618","targetHints":{"allow":["GET"]}}],"collection":[{"href":"https:\/\/www.autonvaraosahaku.fi\/index.php?rest_route=\/wp\/v2\/product"}],"about":[{"href":"https:\/\/www.autonvaraosahaku.fi\/index.php?rest_route=\/wp\/v2\/types\/product"}],"wp:attachment":[{"href":"https:\/\/www.autonvaraosahaku.fi\/index.php?rest_route=%2Fwp%2Fv2%2Fmedia&parent=67618"}],"wp:term":[{"taxonomy":"pwb-brand","embeddable":true,"href":"https:\/\/www.autonvaraosahaku.fi\/index.php?rest_route=%2Fwp%2Fv2%2Fpwb-brand&post=67618"},{"taxonomy":"product_cat","embeddable":true,"href":"https:\/\/www.autonvaraosahaku.fi\/index.php?rest_route=%2Fwp%2Fv2%2Fproduct_cat&post=67618"},{"taxonomy":"product_tag","embeddable":true,"href":"https:\/\/www.autonvaraosahaku.fi\/index.php?rest_route=%2Fwp%2Fv2%2Fproduct_tag&post=67618"}],"curies":[{"name":"wp","href":"https:\/\/api.w.org\/{rel}","templated":true}]}}