{"id":67640,"date":"2021-02-21T18:55:32","date_gmt":"2021-02-21T18:55:32","guid":{"rendered":"https:\/\/www.autonvaraosahaku.fi\/?product=hengst-filter-e555l-ilmansuodatin"},"modified":"2021-02-21T18:55:34","modified_gmt":"2021-02-21T18:55:34","slug":"hengst-filter-e555l-ilmansuodatin","status":"publish","type":"product","link":"https:\/\/www.autonvaraosahaku.fi\/?product=hengst-filter-e555l-ilmansuodatin","title":{"rendered":"HENGST FILTER E555L Ilmansuodatin"},"content":{"rendered":"<p>Suodatintyyppi: Suodatinpanos; Pituus (mm): 227,0; Leveys (mm): 169,0; Korkeus (mm): 31,0; Moottorinumero: GA14DE; NISSAN: JUKE F15,X-TRAIL T31,PRIMERA P11,MICRA IV K13,PRIMERA Traveller WP11,PRIMERA Hatchback P11,NOTE E12,ALMERA I Hatchback N15,ALMERA I N15,100 NX B13,200 SX S14,PRIMERA P10,300 ZX Z32,SUNNY III N14,PULSAR V Schr\u00e4gheck N14,SUNNY III Liftback N14,PRIMERA Hatchback P10,PRIMERA Traveller W10,SUNNY III Traveller Y10,PULSAR Schr\u00e4gheck C13,SUNNY Kasten Y10,TIIDA Schr\u00e4gheck C12; HONDA: CIVIC VII Hatchback EU, EP, EV,CIVIC VI Hatchback EJ, EK,CIVIC VI Fastback MA, MB,CIVIC VI Stufenheck EJ, EK; SUBARU: LEGACY I Station Wagon BC, BJF,LEGACY I BC; INFINITI: Q50,FX,QX70,Q60 Coupe; RENAULT: KOLEOS HY_; 17220P2A000, 17220P2A005, 17220P2A505, 17220P2CY01, 17220P2FA01, 17220P2FA010, 17220PEFM01, 16546079VA, 1654617800, 1654617B00, 165461HC2A, 1654630P00, 165463J410, 165463J41A, 1654673C00, 1654673C01, 1654673C10, 1654673C11, 1654673C60, 16546AA030, 16546JG30A, AY120NS022, 1654630P00, 16546AA030<\/p>\n","protected":false},"excerpt":{"rendered":"<p>HENGST FILTER Ilmansuodatin E555L  NISSAN,HONDA,SUBARU,JUKE F15,X-TRAIL T31,PRIMERA P11,MICRA IV K13,PRIMERA Traveller WP11,PRIMERA Hatchback P11<\/p>\n","protected":false},"featured_media":0,"template":"","meta":{"site-sidebar-layout":"default","site-content-layout":"default","ast-global-header-display":"","ast-main-header-display":"","ast-hfb-above-header-display":"","ast-hfb-below-header-display":"","ast-hfb-mobile-header-display":"","site-post-title":"","ast-breadcrumbs-content":"","ast-featured-img":"","footer-sml-layout":"","theme-transparent-header-meta":"","adv-header-id-meta":"","stick-header-meta":"","header-above-stick-meta":"","header-main-stick-meta":"","header-below-stick-meta":""},"pwb-brand":[336],"product_cat":[31],"product_tag":[],"class_list":{"0":"post-67640","1":"product","2":"type-product","3":"status-publish","5":"pwb-brand-hengst-filter","6":"product_cat-ilmansuodatin","7":"desktop-align-left","8":"tablet-align-left","9":"mobile-align-left","11":"first","12":"instock","13":"product-type-external"},"brands":[{"id":336,"name":"HENGST FILTER","slug":"hengst-filter"}],"_links":{"self":[{"href":"https:\/\/www.autonvaraosahaku.fi\/index.php?rest_route=\/wp\/v2\/product\/67640","targetHints":{"allow":["GET"]}}],"collection":[{"href":"https:\/\/www.autonvaraosahaku.fi\/index.php?rest_route=\/wp\/v2\/product"}],"about":[{"href":"https:\/\/www.autonvaraosahaku.fi\/index.php?rest_route=\/wp\/v2\/types\/product"}],"wp:attachment":[{"href":"https:\/\/www.autonvaraosahaku.fi\/index.php?rest_route=%2Fwp%2Fv2%2Fmedia&parent=67640"}],"wp:term":[{"taxonomy":"pwb-brand","embeddable":true,"href":"https:\/\/www.autonvaraosahaku.fi\/index.php?rest_route=%2Fwp%2Fv2%2Fpwb-brand&post=67640"},{"taxonomy":"product_cat","embeddable":true,"href":"https:\/\/www.autonvaraosahaku.fi\/index.php?rest_route=%2Fwp%2Fv2%2Fproduct_cat&post=67640"},{"taxonomy":"product_tag","embeddable":true,"href":"https:\/\/www.autonvaraosahaku.fi\/index.php?rest_route=%2Fwp%2Fv2%2Fproduct_tag&post=67640"}],"curies":[{"name":"wp","href":"https:\/\/api.w.org\/{rel}","templated":true}]}}