{"id":67655,"date":"2021-02-21T18:55:40","date_gmt":"2021-02-21T18:55:40","guid":{"rendered":"https:\/\/www.autonvaraosahaku.fi\/?product=topran-720-271-koiranluu"},"modified":"2021-02-21T18:55:41","modified_gmt":"2021-02-21T18:55:41","slug":"topran-720-271-koiranluu","status":"publish","type":"product","link":"https:\/\/www.autonvaraosahaku.fi\/?product=topran-720-271-koiranluu","title":{"rendered":"TOPRAN 720 271 Koiranluu"},"content":{"rendered":"<p>Tanko \/ tuki: Yhdystanko; Asennuspuoli: etuakseli molemminpuoleinen; Kierremitta: M 10; Runkomateriaali: Ter\u00e4s; Vaihdettava pareittain: ; Organisaationumerosta: 05684; CITRO\u00cbN: BERLINGO MF,XSARA PICASSO N68,BERLINGO Kasten M_,XSARA N1,XSARA Break N2,ZX N2,ZX Break N2; PEUGEOT: 306 Schr\u00e4gheck 7A, 7C, N3, N5,306 Cabriolet 7D, N3, N5,PARTNER Combispace 5F,PARTNER Kasten 5; 508746, 508761, 508746, 508761; Kallistuksenvakaajan Yhdystanko,Tanko, Kallistuksenvaimennin<\/p>\n","protected":false},"excerpt":{"rendered":"<p>TOPRAN Koiranluu 720 271 Kallistuksenvakaajan Yhdystanko,Tanko, Kallistuksenvaimennin CITRO\u00cbN,PEUGEOT,BERLINGO MF,XSARA PICASSO N68,BERLINGO Kasten M_<\/p>\n","protected":false},"featured_media":0,"template":"","meta":{"site-sidebar-layout":"default","site-content-layout":"default","ast-global-header-display":"","ast-main-header-display":"","ast-hfb-above-header-display":"","ast-hfb-below-header-display":"","ast-hfb-mobile-header-display":"","site-post-title":"","ast-breadcrumbs-content":"","ast-featured-img":"","footer-sml-layout":"","theme-transparent-header-meta":"","adv-header-id-meta":"","stick-header-meta":"","header-above-stick-meta":"","header-main-stick-meta":"","header-below-stick-meta":""},"pwb-brand":[18],"product_cat":[38],"product_tag":[],"class_list":{"0":"post-67655","1":"product","2":"type-product","3":"status-publish","5":"pwb-brand-topran","6":"product_cat-koiranluu","7":"desktop-align-left","8":"tablet-align-left","9":"mobile-align-left","11":"first","12":"instock","13":"product-type-external"},"brands":[{"id":18,"name":"TOPRAN","slug":"topran"}],"_links":{"self":[{"href":"https:\/\/www.autonvaraosahaku.fi\/index.php?rest_route=\/wp\/v2\/product\/67655","targetHints":{"allow":["GET"]}}],"collection":[{"href":"https:\/\/www.autonvaraosahaku.fi\/index.php?rest_route=\/wp\/v2\/product"}],"about":[{"href":"https:\/\/www.autonvaraosahaku.fi\/index.php?rest_route=\/wp\/v2\/types\/product"}],"wp:attachment":[{"href":"https:\/\/www.autonvaraosahaku.fi\/index.php?rest_route=%2Fwp%2Fv2%2Fmedia&parent=67655"}],"wp:term":[{"taxonomy":"pwb-brand","embeddable":true,"href":"https:\/\/www.autonvaraosahaku.fi\/index.php?rest_route=%2Fwp%2Fv2%2Fpwb-brand&post=67655"},{"taxonomy":"product_cat","embeddable":true,"href":"https:\/\/www.autonvaraosahaku.fi\/index.php?rest_route=%2Fwp%2Fv2%2Fproduct_cat&post=67655"},{"taxonomy":"product_tag","embeddable":true,"href":"https:\/\/www.autonvaraosahaku.fi\/index.php?rest_route=%2Fwp%2Fv2%2Fproduct_tag&post=67655"}],"curies":[{"name":"wp","href":"https:\/\/api.w.org\/{rel}","templated":true}]}}