{"id":67657,"date":"2021-02-21T18:55:40","date_gmt":"2021-02-21T18:55:40","guid":{"rendered":"https:\/\/www.autonvaraosahaku.fi\/?product=metzger-0917051-ohjainlaite-lammitys-tuuletus"},"modified":"2021-02-21T18:55:42","modified_gmt":"2021-02-21T18:55:42","slug":"metzger-0917051-ohjainlaite-lammitys-tuuletus","status":"publish","type":"product","link":"https:\/\/www.autonvaraosahaku.fi\/?product=metzger-0917051-ohjainlaite-lammitys-tuuletus","title":{"rendered":"METZGER 0917051 Ohjainlaite l\u00e4mmitys tuuletus"},"content":{"rendered":"<p>Vastus [Ohm]: 0,54; V\u00e4ri: Harmaa; lis\u00e4tieto: ORIGINAL ERSATZTEIL; PEUGEOT: PARTNER Combispace 5F,PARTNER Kasten 5,406 8B; CITRO\u00cbN: BERLINGO MF,XSARA PICASSO N68,BERLINGO Kasten M_,C5 I DC_,C5 I Break DE_,XSARA N1,XSARA Break N2,XSARA Coupe N0,XSARA Kasten; 9641212580<\/p>\n","protected":false},"excerpt":{"rendered":"<p>METZGER S\u00e4\u00e4din, S\u00e4hk\u00f6puhallin (Moottorij\u00e4\u00e4dytys) 0917051  PEUGEOT,CITRO\u00cbN,PARTNER Combispace 5F,PARTNER Kasten 5,406 8B,BERLINGO MF,XSARA PICASSO N68<\/p>\n","protected":false},"featured_media":0,"template":"","meta":{"site-sidebar-layout":"default","site-content-layout":"default","ast-global-header-display":"","ast-main-header-display":"","ast-hfb-above-header-display":"","ast-hfb-below-header-display":"","ast-hfb-mobile-header-display":"","site-post-title":"","ast-breadcrumbs-content":"","ast-featured-img":"","footer-sml-layout":"","theme-transparent-header-meta":"","adv-header-id-meta":"","stick-header-meta":"","header-above-stick-meta":"","header-main-stick-meta":"","header-below-stick-meta":""},"pwb-brand":[69],"product_cat":[262],"product_tag":[],"class_list":{"0":"post-67657","1":"product","2":"type-product","3":"status-publish","5":"pwb-brand-metzger","6":"product_cat-ohjainlaite-lammitys-tuuletus","7":"desktop-align-left","8":"tablet-align-left","9":"mobile-align-left","11":"first","12":"instock","13":"product-type-external"},"brands":[{"id":69,"name":"METZGER","slug":"metzger"}],"_links":{"self":[{"href":"https:\/\/www.autonvaraosahaku.fi\/index.php?rest_route=\/wp\/v2\/product\/67657","targetHints":{"allow":["GET"]}}],"collection":[{"href":"https:\/\/www.autonvaraosahaku.fi\/index.php?rest_route=\/wp\/v2\/product"}],"about":[{"href":"https:\/\/www.autonvaraosahaku.fi\/index.php?rest_route=\/wp\/v2\/types\/product"}],"wp:attachment":[{"href":"https:\/\/www.autonvaraosahaku.fi\/index.php?rest_route=%2Fwp%2Fv2%2Fmedia&parent=67657"}],"wp:term":[{"taxonomy":"pwb-brand","embeddable":true,"href":"https:\/\/www.autonvaraosahaku.fi\/index.php?rest_route=%2Fwp%2Fv2%2Fpwb-brand&post=67657"},{"taxonomy":"product_cat","embeddable":true,"href":"https:\/\/www.autonvaraosahaku.fi\/index.php?rest_route=%2Fwp%2Fv2%2Fproduct_cat&post=67657"},{"taxonomy":"product_tag","embeddable":true,"href":"https:\/\/www.autonvaraosahaku.fi\/index.php?rest_route=%2Fwp%2Fv2%2Fproduct_tag&post=67657"}],"curies":[{"name":"wp","href":"https:\/\/api.w.org\/{rel}","templated":true}]}}