{"id":67684,"date":"2021-02-21T18:55:47","date_gmt":"2021-02-21T18:55:47","guid":{"rendered":"https:\/\/www.autonvaraosahaku.fi\/?product=mahle-original-oc-383-oljynsuodatin"},"modified":"2021-02-21T18:55:50","modified_gmt":"2021-02-21T18:55:50","slug":"mahle-original-oc-383-oljynsuodatin","status":"publish","type":"product","link":"https:\/\/www.autonvaraosahaku.fi\/?product=mahle-original-oc-383-oljynsuodatin","title":{"rendered":"MAHLE ORIGINAL OC 383 \u00d6ljynsuodatin"},"content":{"rendered":"<p>Suodatintyyppi: Ruuvattava suodatin; L\u00e4pimitta [mm]: 93,2; Korkeus (mm): 96,0; Ulkol\u00e4pimitta 2 [mm]: 72,0; Sis\u00e4l\u00e4pimitta 2 [mm]: 62,0; Liitinkierre: 3\/4-16UNF-2B; Kiristysmomentti: 20; Suositellun erikoisty\u00f6kalun tuotenumero: OCS 2, OCS 2; Valmistusvuoteen: 04\/1978; LADA: NIVA 2121,1200-1600,1200-1500 Kombi,SAMARA 2108, 2109, 2115, 2113, 2114,NOVA 2105,KALINA Stufenheck 1118,TOSCANA 2107,KALINA Kombi 2194,KALINA Schr\u00e4gheck 2192; SEAT: 131,RONDA 022A; LANCIA: DELTA II 836,BETA Spider 828BS,BETA Coupe 828BC,BETA  H.P.E. 828BF,BETA 828_B_; FORD: GRANADA Coupe GGCL; MG: MGR V8; FIAT: 124 Spider,TIPO 160,125,TEMPRA 159,131,124 Coupe,124,TEMPRA S.W. 159,132,CAMPAGNOLA,REGATA 138,ARGENTA 132A,124 Familiare,131 Familiare\/Panorama,REGATA Weekend 138; PEUGEOT: 604 561A_; MORGAN: FOUR FOUR; LOTUS: ESPRIT S4 082; INTERNATIONAL HARV.: A-Series,CM-Series; 0000004343591, 4126435, 4158728, 4160703, 4199523, 4286050, 4286052, 4335580, 4335880, 4343591, 4343597, 4446335, 4462675, 4462676, 4462677, 4462678, 5940899, 71771380, 7300943, A7400X6714GA, 7984916, 7984953, 21011012005, 2101101200520, 21011012005, 2101101200520, 2101C1012005HK2, 2105C1012005HK2, 406101200502, 4091012005<\/p>\n","protected":false},"excerpt":{"rendered":"<p>MAHLE ORIGINAL \u00d6ljynsuodatin OC 383  LADA,SEAT,LANCIA,NIVA 2121,1200-1600,1200-1500 Kombi,SAMARA 2108, 2109, 2115, 2113, 2114,NOVA 2105<\/p>\n","protected":false},"featured_media":0,"template":"","meta":{"site-sidebar-layout":"default","site-content-layout":"default","ast-global-header-display":"","ast-main-header-display":"","ast-hfb-above-header-display":"","ast-hfb-below-header-display":"","ast-hfb-mobile-header-display":"","site-post-title":"","ast-breadcrumbs-content":"","ast-featured-img":"","footer-sml-layout":"","theme-transparent-header-meta":"","adv-header-id-meta":"","stick-header-meta":"","header-above-stick-meta":"","header-main-stick-meta":"","header-below-stick-meta":""},"pwb-brand":[153],"product_cat":[30],"product_tag":[],"class_list":{"0":"post-67684","1":"product","2":"type-product","3":"status-publish","5":"pwb-brand-mahle-original","6":"product_cat-oljynsuodatin","7":"desktop-align-left","8":"tablet-align-left","9":"mobile-align-left","11":"first","12":"instock","13":"product-type-external"},"brands":[{"id":153,"name":"MAHLE ORIGINAL","slug":"mahle-original"}],"_links":{"self":[{"href":"https:\/\/www.autonvaraosahaku.fi\/index.php?rest_route=\/wp\/v2\/product\/67684","targetHints":{"allow":["GET"]}}],"collection":[{"href":"https:\/\/www.autonvaraosahaku.fi\/index.php?rest_route=\/wp\/v2\/product"}],"about":[{"href":"https:\/\/www.autonvaraosahaku.fi\/index.php?rest_route=\/wp\/v2\/types\/product"}],"wp:attachment":[{"href":"https:\/\/www.autonvaraosahaku.fi\/index.php?rest_route=%2Fwp%2Fv2%2Fmedia&parent=67684"}],"wp:term":[{"taxonomy":"pwb-brand","embeddable":true,"href":"https:\/\/www.autonvaraosahaku.fi\/index.php?rest_route=%2Fwp%2Fv2%2Fpwb-brand&post=67684"},{"taxonomy":"product_cat","embeddable":true,"href":"https:\/\/www.autonvaraosahaku.fi\/index.php?rest_route=%2Fwp%2Fv2%2Fproduct_cat&post=67684"},{"taxonomy":"product_tag","embeddable":true,"href":"https:\/\/www.autonvaraosahaku.fi\/index.php?rest_route=%2Fwp%2Fv2%2Fproduct_tag&post=67684"}],"curies":[{"name":"wp","href":"https:\/\/api.w.org\/{rel}","templated":true}]}}