{"id":67702,"date":"2021-02-21T18:55:54","date_gmt":"2021-02-21T18:55:54","guid":{"rendered":"https:\/\/www.autonvaraosahaku.fi\/?product=dt-3-34285sp-kiilahihnat"},"modified":"2021-02-21T18:55:56","modified_gmt":"2021-02-21T18:55:56","slug":"dt-3-34285sp-kiilahihnat","status":"publish","type":"product","link":"https:\/\/www.autonvaraosahaku.fi\/?product=dt-3-34285sp-kiilahihnat","title":{"rendered":"DT 3.34285SP Kiilahihnat"},"content":{"rendered":"<p>Paino [g]: 223; Pituus (mm): 1075; Leveys (mm): 13; Hihnojen m\u00e4\u00e4r\u00e4: 2; MAZDA: 323 C IV BG,RX 7 II FC,323 III Hatchback BF,RX 7 I SA,323 III BF,323 III Station Wagon BW; NISSAN: PATROL GR II Wagon Y61,PATROL GR I Y60, GR,300 ZX Z31,PATROL Hardtop K260,LAUREL JC32,BLUEBIRD 910,BLUEBIRD Traveller W910; JAGUAR: XJ,XJSC Convertible,XJ Coupe; TOYOTA: LAND CRUISER _J4_,LAND CRUISER Pick-up _J4_; ROVER: 2000-3500 Hatchback SD1; VOLVO: 240 Kombi P245,740 Kombi 745,740 744,240 P242, P244,760 704, 764; PORSCHE: 928,911 964,911 993,911 Cabriolet 964,911 Cabriolet 993,911 Targa 993,911 Targa 964,911 Speedster 964; TALBOT: SIMCA 1000; DAIMLER: 2.8 &#8211; 5.3; TEMSA: AVENUE; 1372671, 06580412224, 06580422224, 06580432224, 06580462224, 06580472224, 06580722242, 06580732242, 51968206037, 51968206056, 967184<\/p>\n","protected":false},"excerpt":{"rendered":"<p>DT Kiilahihnasarja 3.34285SP  MAZDA,NISSAN,JAGUAR,323 C IV BG,RX 7 II FC,323 III Hatchback BF,RX 7 I SA,323 III BF,323 III Station Wagon BW<\/p>\n","protected":false},"featured_media":0,"template":"","meta":{"site-sidebar-layout":"default","site-content-layout":"default","ast-global-header-display":"","ast-main-header-display":"","ast-hfb-above-header-display":"","ast-hfb-below-header-display":"","ast-hfb-mobile-header-display":"","site-post-title":"","ast-breadcrumbs-content":"","ast-featured-img":"","footer-sml-layout":"","theme-transparent-header-meta":"","adv-header-id-meta":"","stick-header-meta":"","header-above-stick-meta":"","header-main-stick-meta":"","header-below-stick-meta":""},"pwb-brand":[75],"product_cat":[222],"product_tag":[],"class_list":{"0":"post-67702","1":"product","2":"type-product","3":"status-publish","5":"pwb-brand-dt","6":"product_cat-kiilahihnat","7":"desktop-align-left","8":"tablet-align-left","9":"mobile-align-left","11":"first","12":"instock","13":"product-type-external"},"brands":[{"id":75,"name":"DT","slug":"dt"}],"_links":{"self":[{"href":"https:\/\/www.autonvaraosahaku.fi\/index.php?rest_route=\/wp\/v2\/product\/67702","targetHints":{"allow":["GET"]}}],"collection":[{"href":"https:\/\/www.autonvaraosahaku.fi\/index.php?rest_route=\/wp\/v2\/product"}],"about":[{"href":"https:\/\/www.autonvaraosahaku.fi\/index.php?rest_route=\/wp\/v2\/types\/product"}],"wp:attachment":[{"href":"https:\/\/www.autonvaraosahaku.fi\/index.php?rest_route=%2Fwp%2Fv2%2Fmedia&parent=67702"}],"wp:term":[{"taxonomy":"pwb-brand","embeddable":true,"href":"https:\/\/www.autonvaraosahaku.fi\/index.php?rest_route=%2Fwp%2Fv2%2Fpwb-brand&post=67702"},{"taxonomy":"product_cat","embeddable":true,"href":"https:\/\/www.autonvaraosahaku.fi\/index.php?rest_route=%2Fwp%2Fv2%2Fproduct_cat&post=67702"},{"taxonomy":"product_tag","embeddable":true,"href":"https:\/\/www.autonvaraosahaku.fi\/index.php?rest_route=%2Fwp%2Fv2%2Fproduct_tag&post=67702"}],"curies":[{"name":"wp","href":"https:\/\/api.w.org\/{rel}","templated":true}]}}